{"id":1474,"date":"2020-10-23T13:13:21","date_gmt":"2020-10-23T15:13:21","guid":{"rendered":"https:\/\/diaura.lt\/my-account\/"},"modified":"2020-10-23T13:13:21","modified_gmt":"2020-10-23T15:13:21","slug":"my-account","status":"publish","type":"page","link":"https:\/\/diaura.lt\/en\/my-account\/","title":{"rendered":"My Account"},"content":{"rendered":"<div class=\"woocommerce\"><div class=\"woocommerce-notices-wrapper\"><\/div>\n<div class=\"wd-registration-page\">\n\n\n<div class=\"wd-grid-f-col\" id=\"customer_login\">\n\n\t<div class=\"wd-col col-login\">\n\n\n\t\t<h2 class=\"wd-login-title\">Login<\/h2>\n\n\t\t\t\t\t<form id=\"customer_login\" method=\"post\" class=\"login woocommerce-form woocommerce-form-login\n\t\t\t\t\t\t\" action=\"https:\/\/diaura.lt\/paskyra\/?action=login\" \t\t\t>\n\n\t\t\t\t\n\t\t\t\t\n\t\t\t\t<p class=\"woocommerce-FormRow woocommerce-FormRow--wide form-row form-row-wide form-row-username\">\n\t\t\t\t\t<label for=\"username\">Username or email address&nbsp;<span class=\"required\" aria-hidden=\"true\">*<\/span><span class=\"screen-reader-text\">Required<\/span><\/label>\n\t\t\t\t\t<input type=\"text\" class=\"woocommerce-Input woocommerce-Input--text input-text\" name=\"username\" id=\"username\" autocomplete=\"username\" value=\"\" \/>\t\t\t\t<\/p>\n\t\t\t\t<p class=\"woocommerce-FormRow woocommerce-FormRow--wide form-row form-row-wide form-row-password\">\n\t\t\t\t\t<label for=\"password\">Password&nbsp;<span class=\"required\" aria-hidden=\"true\">*<\/span><span class=\"screen-reader-text\">Required<\/span><\/label>\n\t\t\t\t\t<input class=\"woocommerce-Input woocommerce-Input--text input-text\" type=\"password\" name=\"password\" id=\"password\" autocomplete=\"current-password\" \/>\n\t\t\t\t<\/p>\n\n\t\t\t\t\n\t\t\t\t<p class=\"form-row\">\n\t\t\t\t\t<input type=\"hidden\" id=\"woocommerce-login-nonce\" name=\"woocommerce-login-nonce\" value=\"522eeb537f\" \/><input type=\"hidden\" name=\"_wp_http_referer\" value=\"\/en\/wp-json\/wp\/v2\/pages\/1474\" \/>\t\t\t\t\t\t\t\t\t\t<button type=\"submit\" class=\"button woocommerce-button woocommerce-form-login__submit\" name=\"login\" value=\"Log in\">Log in<\/button>\n\t\t\t\t<\/p>\n\n\t\t\t\t<p class=\"login-form-footer\">\n\t\t\t\t\t<a href=\"https:\/\/diaura.lt\/en\/paskyra\/lost-password\/\" class=\"woocommerce-LostPassword lost_password\">Lost your password?<\/a>\n\t\t\t\t\t<label class=\"woocommerce-form__label woocommerce-form__label-for-checkbox woocommerce-form-login__rememberme\">\n\t\t\t\t\t\t<input class=\"woocommerce-form__input woocommerce-form__input-checkbox\" name=\"rememberme\" type=\"checkbox\" value=\"forever\" title=\"Remember me\" aria-label=\"Remember me\" \/> <span>Remember me<\/span>\n\t\t\t\t\t<\/label>\n\t\t\t\t<\/p>\n\n\t\t\t\t\n\t\t\t\t\t\t\t<\/form>\n\n\t\t\n\n\t<\/div>\n\n\t<div class=\"wd-col col-register\">\n\n\t\t<h2 class=\"wd-login-title\">Register<\/h2>\n\n\t\t<form method=\"post\" action=\"https:\/\/diaura.lt\/paskyra\/?action=register\" class=\"woocommerce-form woocommerce-form-register register\"  >\n\n\t\t\t\n\t\t\t\n\t\t\t<p class=\"woocommerce-form-row woocommerce-form-row--wide form-row form-row-wide\">\n\t\t\t\t<label for=\"reg_email\">Email address&nbsp;<span class=\"required\" aria-hidden=\"true\">*<\/span><span class=\"screen-reader-text\">Required<\/span><\/label>\n\t\t\t\t<input type=\"email\" class=\"woocommerce-Input woocommerce-Input--text input-text\" name=\"email\" id=\"reg_email\" autocomplete=\"email\" value=\"\" \/>\t\t\t<\/p>\n\n\t\t\t\n\t\t\t\t<p>A link to set a new password will be sent to your email address.<\/p>\n\n\t\t\t\n\t\t\t<div style=\"left: -999em; position: absolute;\"><label for=\"trap\">Anti-spam<\/label><input type=\"text\" name=\"email_2\" id=\"trap\" tabindex=\"-1\" \/><\/div>\n\n\t\t\t<div class=\"g-recaptcha\" style=\"transform: scale(0.9); -webkit-transform: scale(0.9); transform-origin: 0 0; -webkit-transform-origin: 0 0;\" data-sitekey=\"6LerKigsAAAAAP9cmC1dRnWHnBUrHwvANbasrVAR\"><\/div><script>\r\n                jQuery(\"form.woocommerce-checkout\").on(\"submit\", function(){\r\n                    setTimeout(function(){\r\n                        grecaptcha.reset();\r\n                    },100);\r\n                });\r\n                <\/script><script src='https:\/\/www.google.com\/recaptcha\/api.js?ver=1.31' id='wpcaptcha-recaptcha-js'><\/script><wc-order-attribution-inputs><\/wc-order-attribution-inputs><div class=\"woocommerce-privacy-policy-text\"><p>J\u016bs\u0173 asmens duomenys bus naudojami j\u016bs\u0173 u\u017esakymui apdoroti, palaikyti j\u016bs\u0173 patirt\u012f \u0161ioje svetain\u0117je ir kitais tikslais, apra\u0161ytais m\u016bs\u0173 <a href=\"https:\/\/diaura.lt\/privatumo-politika\/\" class=\"woocommerce-privacy-policy-link\" target=\"_blank\">privacy policy<\/a>.<\/p>\n<\/div>\n\t\t\t<p class=\"woocommerce-form-row form-row\">\n\t\t\t\t<input type=\"hidden\" id=\"woocommerce-register-nonce\" name=\"woocommerce-register-nonce\" value=\"4339e44460\" \/><input type=\"hidden\" name=\"_wp_http_referer\" value=\"\/en\/wp-json\/wp\/v2\/pages\/1474\" \/>\t\t\t\t<button type=\"submit\" class=\"woocommerce-Button woocommerce-button button\" name=\"register\" value=\"Register\">Register<\/button>\n\t\t\t<\/p>\n\n\t\t\t\n\t\t<\/form>\n\n\t<\/div>\n\n\t\n<\/div>\n\n<\/div>\n\n<\/div>\n","protected":false},"excerpt":{"rendered":"Login Username or email address&nbsp;*Required Password&nbsp;*Required Log in Lost your password? Remember me Register Email address&nbsp;*Required A link to set","protected":false},"author":1,"featured_media":0,"parent":0,"menu_order":0,"comment_status":"closed","ping_status":"closed","template":"","meta":{"footnotes":""},"class_list":["post-1474","page","type-page","status-publish","hentry"],"yoast_head":"<!-- This site is optimized with the Yoast SEO plugin v26.5 - https:\/\/yoast.com\/wordpress\/plugins\/seo\/ -->\n<title>My Account - diaura.lt<\/title>\n<meta name=\"robots\" content=\"index, follow, max-snippet:-1, max-image-preview:large, max-video-preview:-1\" \/>\n<link rel=\"canonical\" href=\"https:\/\/diaura.lt\/en\/my-account\/\" \/>\n<meta property=\"og:locale\" content=\"en_US\" \/>\n<meta property=\"og:type\" content=\"article\" \/>\n<meta property=\"og:title\" content=\"My Account - diaura.lt\" \/>\n<meta property=\"og:url\" content=\"https:\/\/diaura.lt\/en\/my-account\/\" \/>\n<meta property=\"og:site_name\" content=\"diaura.lt\" \/>\n<meta property=\"article:publisher\" content=\"https:\/\/www.facebook.com\/diaura.lt\" \/>\n<meta property=\"og:image\" content=\"https:\/\/diaura.lt\/wp-content\/uploads\/2024\/11\/diaura-nuolaida.jpg\" \/>\n\t<meta property=\"og:image:width\" content=\"2288\" \/>\n\t<meta property=\"og:image:height\" content=\"1287\" \/>\n\t<meta property=\"og:image:type\" content=\"image\/jpeg\" \/>\n<meta name=\"twitter:card\" content=\"summary_large_image\" \/>\n<!-- \/ Yoast SEO plugin. -->","yoast_head_json":{"title":"My Account - diaura.lt","robots":{"index":"index","follow":"follow","max-snippet":"max-snippet:-1","max-image-preview":"max-image-preview:large","max-video-preview":"max-video-preview:-1"},"canonical":"https:\/\/diaura.lt\/en\/my-account\/","og_locale":"en_US","og_type":"article","og_title":"My Account - diaura.lt","og_url":"https:\/\/diaura.lt\/en\/my-account\/","og_site_name":"diaura.lt","article_publisher":"https:\/\/www.facebook.com\/diaura.lt","og_image":[{"width":2288,"height":1287,"url":"https:\/\/diaura.lt\/wp-content\/uploads\/2024\/11\/diaura-nuolaida.jpg","type":"image\/jpeg"}],"twitter_card":"summary_large_image","schema":{"@context":"https:\/\/schema.org","@graph":[{"@type":"WebPage","@id":"https:\/\/diaura.lt\/en\/my-account\/","url":"https:\/\/diaura.lt\/en\/my-account\/","name":"My Account - diaura.lt","isPartOf":{"@id":"https:\/\/diaura.lt\/#website"},"datePublished":"2020-10-23T15:13:21+00:00","breadcrumb":{"@id":"https:\/\/diaura.lt\/en\/my-account\/#breadcrumb"},"inLanguage":"en-US","potentialAction":[{"@type":"ReadAction","target":["https:\/\/diaura.lt\/en\/my-account\/"]}]},{"@type":"BreadcrumbList","@id":"https:\/\/diaura.lt\/en\/my-account\/#breadcrumb","itemListElement":[{"@type":"ListItem","position":1,"name":"Diaura","item":"https:\/\/diaura.lt\/en\/home-jewellery\/"},{"@type":"ListItem","position":2,"name":"My Account"}]},{"@type":"WebSite","@id":"https:\/\/diaura.lt\/#website","url":"https:\/\/diaura.lt\/","name":"Diaura","description":"Lietuvi\u0173 juvelyr\u0173 rank\u0173 darbo sidabro gaminiai puo\u0161ti mineralais","publisher":{"@id":"https:\/\/diaura.lt\/#organization"},"potentialAction":[{"@type":"SearchAction","target":{"@type":"EntryPoint","urlTemplate":"https:\/\/diaura.lt\/?s={search_term_string}"},"query-input":{"@type":"PropertyValueSpecification","valueRequired":true,"valueName":"search_term_string"}}],"inLanguage":"en-US"},{"@type":"Organization","@id":"https:\/\/diaura.lt\/#organization","name":"Diaura","alternateName":"Sidabriniai Druskinink\u0173 papuo\u0161alai","url":"https:\/\/diaura.lt\/","logo":{"@type":"ImageObject","inLanguage":"en-US","@id":"https:\/\/diaura.lt\/#\/schema\/logo\/image\/","url":"https:\/\/diaura.lt\/wp-content\/uploads\/2020\/10\/logo1.png","contentUrl":"https:\/\/diaura.lt\/wp-content\/uploads\/2020\/10\/logo1.png","width":983,"height":323,"caption":"Diaura"},"image":{"@id":"https:\/\/diaura.lt\/#\/schema\/logo\/image\/"},"sameAs":["https:\/\/www.facebook.com\/diaura.lt","https:\/\/www.instagram.com\/diaura.lt"]}]}},"_links":{"self":[{"href":"https:\/\/diaura.lt\/en\/wp-json\/wp\/v2\/pages\/1474","targetHints":{"allow":["GET"]}}],"collection":[{"href":"https:\/\/diaura.lt\/en\/wp-json\/wp\/v2\/pages"}],"about":[{"href":"https:\/\/diaura.lt\/en\/wp-json\/wp\/v2\/types\/page"}],"author":[{"embeddable":true,"href":"https:\/\/diaura.lt\/en\/wp-json\/wp\/v2\/users\/1"}],"replies":[{"embeddable":true,"href":"https:\/\/diaura.lt\/en\/wp-json\/wp\/v2\/comments?post=1474"}],"version-history":[{"count":0,"href":"https:\/\/diaura.lt\/en\/wp-json\/wp\/v2\/pages\/1474\/revisions"}],"wp:attachment":[{"href":"https:\/\/diaura.lt\/en\/wp-json\/wp\/v2\/media?parent=1474"}],"curies":[{"name":"wp","href":"https:\/\/api.w.org\/{rel}","templated":true}]}}