{"id":1557,"date":"2020-10-23T13:39:03","date_gmt":"2020-10-23T15:39:03","guid":{"rendered":"https:\/\/diaura.lt\/pirkimo-taisykles\/"},"modified":"2021-10-16T08:38:13","modified_gmt":"2021-10-16T10:38:13","slug":"pirkimo-taisykles","status":"publish","type":"page","link":"https:\/\/diaura.lt\/en\/pirkimo-taisykles\/","title":{"rendered":"Purschase rules"},"content":{"rendered":"<p id=\"tw-target-text\" class=\"tw-data-text tw-text-large XcVN5d tw-ta\" dir=\"ltr\" data-placeholder=\"Vertimas\"><span class=\"Y2IQFc\" lang=\"en\">Rules for buying and selling goods in the online store https:\/\/diaura.lt: <\/span><\/p>\n<p class=\"tw-data-text tw-text-large XcVN5d tw-ta\" dir=\"ltr\" data-placeholder=\"Vertimas\"><strong><span class=\"Y2IQFc\" lang=\"en\">1. General provisions.<\/span><\/strong><\/p>\n<p class=\"tw-data-text tw-text-large XcVN5d tw-ta\" dir=\"ltr\" data-placeholder=\"Vertimas\"><span class=\"Y2IQFc\" lang=\"en\">1.1. These Rules of Purchase and Sale of Goods (hereinafter referred to as the \u201cRules\u201d) are purchase and sale agreements, which are concluded between UAB &#8220;Eidvina&#8221;, comp.code. 304176340, registered office address Gaili\u016bn\u0173 str.45, Druskininkai municipality, E-mail: info@diaura.lt (hereinafter &#8211; the Seller) and yours (hereinafter &#8211; the Buyer). <\/span><\/p>\n<p class=\"tw-data-text tw-text-large XcVN5d tw-ta\" dir=\"ltr\" data-placeholder=\"Vertimas\"><span class=\"Y2IQFc\" lang=\"en\">1.2. It is a mandatory legal document that establishes the rights and obligations of the Buyer and the Seller, the procedure of purchase and delivery of goods, the liability of the parties and other provisions related to the purchase and sale of goods in https:\/\/diaura.lt online stores. <\/span><\/p>\n<p class=\"tw-data-text tw-text-large XcVN5d tw-ta\" dir=\"ltr\" data-placeholder=\"Vertimas\"><span class=\"Y2IQFc\" lang=\"en\">1.3. All legal and natural persons who have reached the age of adulthood and whose actions are not restricted by court order have the right to buy in the online store in the https:\/\/diaura.lt\u00a0 and minors from the age of 14 to 18 who have\u00a0 the consent of their parents or carers, unless they independently dispose in their income.\u00a0<\/span><\/p>\n<p class=\"tw-data-text tw-text-large XcVN5d tw-ta\" dir=\"ltr\" data-placeholder=\"Vertimas\"><span class=\"Y2IQFc\" lang=\"en\">1.4. The buyer, in accordance with the approved rules, guarantees that, in accordance with point 1. 2. of the rules, has the right to purchase goods in the https:\/\/diaura.lt online store.<\/span><\/p>\n<p class=\"tw-data-text tw-text-large XcVN5d tw-ta\" dir=\"ltr\" data-placeholder=\"Vertimas\"><span class=\"Y2IQFc\" lang=\"en\">1.5. The Agreement between the Buyer and the Seller is deemed to have been concluded from the moment when the Buyer after creating a shopping cart in the store, indicating the place of delivery, choosing the payment method and getting acquainted with the rules, click the button &#8220;ORDER&#8221;. <\/span><\/p>\n<p class=\"tw-data-text tw-text-large XcVN5d tw-ta\" dir=\"ltr\" data-placeholder=\"Vertimas\"><span class=\"Y2IQFc\" lang=\"en\">1.6. Each contract concluded between the Buyer and the Seller is stored in the https:\/\/diaura.lt online store.<\/span><\/p>\n<p id=\"tw-target-text\" class=\"tw-data-text tw-text-large XcVN5d tw-ta\" dir=\"ltr\" data-placeholder=\"Vertimas\"><strong><span class=\"Y2IQFc\" lang=\"en\">2. Protection of personal data. <\/span><\/strong><\/p>\n<p class=\"tw-data-text tw-text-large XcVN5d tw-ta\" dir=\"ltr\" data-placeholder=\"Vertimas\"><span class=\"Y2IQFc\" lang=\"en\">2.1. When performing electronic commerce, the Seller ensures the provisions of the Law on Legal Protection of Personal Data of the Republic of Lithuania according to the order of the Director of the Inspectorate\u00a0 and other legal acts. <\/span><\/p>\n<p class=\"tw-data-text tw-text-large XcVN5d tw-ta\" dir=\"ltr\" data-placeholder=\"Vertimas\"><span class=\"Y2IQFc\" lang=\"en\">2.2. The Buyer can order goods in the https:\/\/diaura.lt online store by registering and entering the data requested in the registration. <\/span><\/p>\n<p class=\"tw-data-text tw-text-large XcVN5d tw-ta\" dir=\"ltr\" data-placeholder=\"Vertimas\"><span class=\"Y2IQFc\" lang=\"en\">2.3. When registering in the https:\/\/diaura.lt online store, the Buyer must provide correct personal information. The buyer is responsible for providing the correct data. <\/span><\/p>\n<p class=\"tw-data-text tw-text-large XcVN5d tw-ta\" dir=\"ltr\" data-placeholder=\"Vertimas\"><span class=\"Y2IQFc\" lang=\"en\">2.4. By approving these rules, the Buyer agrees that the personal data provided by the Buyer will be processed for the sale of goods and services in the https:\/\/diaura.lt online store, for the purposes of analysis of the Seller&#8217;s activities and direct marketing. The Buyer also agrees that informative notices specified by the Buyer are sent to the postal address and telephone number, required for the performance of this contract.<\/span><\/p>\n<p class=\"tw-data-text tw-text-large XcVN5d tw-ta\" dir=\"ltr\" data-placeholder=\"Vertimas\"><span class=\"Y2IQFc\" lang=\"en\">2.5. The buyer, when registering by e-mail in the store and when ordering goods, undertakes to protect and not disclose login details to anyone.<\/span><\/p>\n<p id=\"tw-target-text\" class=\"tw-data-text tw-text-large XcVN5d tw-ta\" dir=\"ltr\" data-placeholder=\"Vertimas\"><strong><span class=\"Y2IQFc\" lang=\"en\">3. Buyer&#8217;s rights and obligations. <\/span><\/strong><\/p>\n<p class=\"tw-data-text tw-text-large XcVN5d tw-ta\" dir=\"ltr\" data-placeholder=\"Vertimas\"><span class=\"Y2IQFc\" lang=\"en\">3.1. The Buyer has the right to purchase goods in the https:\/\/diaura.lt online store in accordance with these Rules and order specified in other information sections of this e- store. <\/span><\/p>\n<p class=\"tw-data-text tw-text-large XcVN5d tw-ta\" dir=\"ltr\" data-placeholder=\"Vertimas\"><span class=\"Y2IQFc\" lang=\"en\">3.2. The Buyer has the right to withdraw from the contract of purchase and sale of goods with https:\/\/diaura.lt online store within 14 days from the date of delivery of the goods, notifying the Seller in writing, except\u00a0 the cases when the contract cannot be withdrawn under the laws of the Republic of Lithuania (eg. when the contract is concluded\u00a0 for the sale of precious metals and their products). <\/span><\/p>\n<p class=\"tw-data-text tw-text-large XcVN5d tw-ta\" dir=\"ltr\" data-placeholder=\"Vertimas\"><span class=\"Y2IQFc\" lang=\"en\">3.3. The Buyer undertakes to check the condition of the shipment and accept the delivered goods.<\/span><\/p>\n<p class=\"tw-data-text tw-text-large XcVN5d tw-ta\" dir=\"ltr\" data-placeholder=\"Vertimas\"><span class=\"Y2IQFc\" lang=\"en\">3.4. If the Buyer&#8217;s data provided in the registration form changes, the Buyer must update it immediately.<\/span><\/p>\n<p class=\"tw-data-text tw-text-large XcVN5d tw-ta\" dir=\"ltr\" data-placeholder=\"Vertimas\"><span class=\"Y2IQFc\" lang=\"en\">3.5. The Buyer undertakes not to transfer his\/her login data to third parties, and in case of loss of the login data, he\/she must immediately inform the Seller.<\/span><\/p>\n<p class=\"tw-data-text tw-text-large XcVN5d tw-ta\" dir=\"ltr\" data-placeholder=\"Vertimas\"><span class=\"Y2IQFc\" lang=\"en\">3.6. The Buyer, using the https:\/\/diaura.lt online store, agrees with these Purchase and Sale Rules and undertakes to comply with them and not to violate the legal acts of the Republic of Lithuania.<\/span><\/p>\n<p id=\"tw-target-text\" class=\"tw-data-text tw-text-large XcVN5d tw-ta\" dir=\"ltr\" data-placeholder=\"Vertimas\"><strong><span class=\"Y2IQFc\" lang=\"en\">4. Seller&#8217;s rights and obligations.<\/span><\/strong><\/p>\n<p class=\"tw-data-text tw-text-large XcVN5d tw-ta\" dir=\"ltr\" data-placeholder=\"Vertimas\"><span class=\"Y2IQFc\" lang=\"en\">4.1. The Seller undertakes to create all conditions for the Buyer to properly use the services provided by the https:\/\/diaura.lt online store. <\/span><\/p>\n<p class=\"tw-data-text tw-text-large XcVN5d tw-ta\" dir=\"ltr\" data-placeholder=\"Vertimas\"><span class=\"Y2IQFc\" lang=\"en\">4.2. The Buyer is prohibited from using the Store in a manner that may endanger the proper functioning of the Store, its security, integrity or restrict the access of other persons to the Store. If the Buyer tries to damage the stability and security of the https:\/\/diaura.lt online store, the Seller has the right to immediately and without notice restrict, suspend or cancel the Buyer&#8217;s access to the https:\/\/diaura.lt online store, not to fulfill his\/her orders .<\/span><\/p>\n<p class=\"tw-data-text tw-text-large XcVN5d tw-ta\" dir=\"ltr\" data-placeholder=\"Vertimas\"><span class=\"Y2IQFc\" lang=\"en\">4.3. The Seller undertakes to respect the Buyer&#8217;s right to privacy of the personal information belonging to the Buyer specified in the https:\/\/diaura.lt online store registration form and not to transfer it to third parties, except the cases when this information is necessary to fulfill the Buyer&#8217;s order. <\/span><\/p>\n<p class=\"tw-data-text tw-text-large XcVN5d tw-ta\" dir=\"ltr\" data-placeholder=\"Vertimas\"><span class=\"Y2IQFc\" lang=\"en\">4.4. The Seller undertakes to deliver the goods ordered by the Buyer to the address specified by the Buyer.<\/span><\/p>\n<p id=\"tw-target-text\" class=\"tw-data-text tw-text-large XcVN5d tw-ta\" dir=\"ltr\" data-placeholder=\"Vertimas\"><strong><span class=\"Y2IQFc\" lang=\"en\">5. Ordering goods, terms. <\/span><\/strong><\/p>\n<p class=\"tw-data-text tw-text-large XcVN5d tw-ta\" dir=\"ltr\" data-placeholder=\"Vertimas\"><span class=\"Y2IQFc\" lang=\"en\">5.1. In the https:\/\/diaura.lt online store, the buyer can buy online 7 days a week, 24 hours a day.<\/span><\/p>\n<p class=\"tw-data-text tw-text-large XcVN5d tw-ta\" dir=\"ltr\" data-placeholder=\"Vertimas\"><span class=\"Y2IQFc\" lang=\"en\">5.2. If the product is in the Seller&#8217;s warehouse at the time of ordering, the Seller will send the product to the Buyer within 1-3 working days after payment of the order. <\/span><\/p>\n<p class=\"tw-data-text tw-text-large XcVN5d tw-ta\" dir=\"ltr\" data-placeholder=\"Vertimas\"><span class=\"Y2IQFc\" lang=\"en\">5.3. If the goods are not in the Seller&#8217;s warehouse at the time of ordering, an order is formed, which the Seller checks and notifies the Buyer of the delivery deadline by e-mail or a message. The goods shall be sent to the Buyer within the time required for its manufacture and dispatch. <\/span><\/p>\n<p class=\"tw-data-text tw-text-large XcVN5d tw-ta\" dir=\"ltr\" data-placeholder=\"Vertimas\"><span class=\"Y2IQFc\" lang=\"en\">5.4. The Agreement shall enter into force from the moment when the Seller confirms the order and sends it by sending a confirmation letter to the e-mail address specified by the Buyer.<\/span><\/p>\n<p class=\"tw-data-text tw-text-large XcVN5d tw-ta\" dir=\"ltr\" data-placeholder=\"Vertimas\"><span class=\"Y2IQFc\" lang=\"en\">5.5. The buyer undertakes to pay for the goods within 48 hours of receiving the order confirmation by e-mail. Only after receiving the payment for the goods, the formation of the parcel of goods begins and the term of delivery of the goods begins to count. <\/span><\/p>\n<p class=\"tw-data-text tw-text-large XcVN5d tw-ta\" dir=\"ltr\" data-placeholder=\"Vertimas\"><span class=\"Y2IQFc\" lang=\"en\">5.6. If the buyer fails to make the payment within 48 hours, the order will be canceled.<\/span><\/p>\n<p id=\"tw-target-text\" class=\"tw-data-text tw-text-large XcVN5d tw-ta\" dir=\"ltr\" data-placeholder=\"Vertimas\"><strong><span class=\"Y2IQFc\" lang=\"en\">6. Delivery of goods. <\/span><\/strong><\/p>\n<p class=\"tw-data-text tw-text-large XcVN5d tw-ta\" dir=\"ltr\" data-placeholder=\"Vertimas\"><span class=\"Y2IQFc\" lang=\"en\">6.1. When forming an order, the buyer undertakes to indicate the exact place of delivery of the goods, postal code, to indicate the correct telephone number of the consignee.<\/span><\/p>\n<p class=\"tw-data-text tw-text-large XcVN5d tw-ta\" dir=\"ltr\" data-placeholder=\"Vertimas\"><span class=\"Y2IQFc\" lang=\"en\">6.2. The buyer undertakes to pick up the goods himself\/herself or the parcel can be picked up by a person at the address specified in the order. If the Buyer or other persons at the address specified in the order are unable to collect the goods and the goods are delivered to the correct address or the specified post office address, the Buyer has no right to make claims to the Seller for non-fulfillment of delivery terms. <\/span><\/p>\n<p class=\"tw-data-text tw-text-large XcVN5d tw-ta\" dir=\"ltr\" data-placeholder=\"Vertimas\"><span class=\"Y2IQFc\" lang=\"en\">6.3. The Seller shall not be liable for non-delivery or late delivery of the goods ordered by the Buyer if it was due to the fault of third parties or due to circumstances beyond the Seller&#8217;s control and reasonable foresight at the time of concluding the sale and purchase contract.<\/span><\/p>\n<p id=\"tw-target-text\" class=\"tw-data-text tw-text-large XcVN5d tw-ta\" dir=\"ltr\" data-placeholder=\"Vertimas\"><strong><span class=\"Y2IQFc\" lang=\"en\">7. Intellectual property.<\/span><\/strong><\/p>\n<p class=\"tw-data-text tw-text-large XcVN5d tw-ta\" dir=\"ltr\" data-placeholder=\"Vertimas\"><span class=\"Y2IQFc\" lang=\"en\">7.1. All rights to the Store and the works in it are reserved. No content or information contained in the Store may be reproduced, made available to the public or distributed without the prior written consent of the Seller.<\/span><\/p>\n<p class=\"tw-data-text tw-text-large XcVN5d tw-ta\" dir=\"ltr\" data-placeholder=\"Vertimas\"><span class=\"Y2IQFc\" lang=\"en\">7.2. All trademarks displayed in the Store are the property of the Seller or the Seller lawfully uses them.<\/span><\/p>\n<p id=\"tw-target-text\" class=\"tw-data-text tw-text-large XcVN5d tw-ta\" dir=\"ltr\" data-placeholder=\"Vertimas\"><strong><span class=\"Y2IQFc\" lang=\"en\">8. Final provisions. <\/span><\/strong><\/p>\n<p class=\"tw-data-text tw-text-large XcVN5d tw-ta\" dir=\"ltr\" data-placeholder=\"Vertimas\"><span class=\"Y2IQFc\" lang=\"en\">8.1. These Rules of Purchase and Sale of Goods have been drawn up in accordance with the laws and legal acts of the Republic of Lithuania. The law of the Republic of Lithuania shall apply to this Agreement. <\/span><\/p>\n<p class=\"tw-data-text tw-text-large XcVN5d tw-ta\" dir=\"ltr\" data-placeholder=\"Vertimas\"><span class=\"Y2IQFc\" lang=\"en\">8.2. All disagreements arising from the implementation of these Rules shall be resolved through negotiations. If no agreement is reached, disputes shall be settled in accordance with the laws of the Republic of Lithuania.<\/span><\/p>\n<p id=\"tw-target-text\" class=\"tw-data-text tw-text-large XcVN5d tw-ta\" dir=\"ltr\" data-placeholder=\"Vertimas\"><strong><span class=\"Y2IQFc\" lang=\"en\">9. Validity of the Rules.<\/span><\/strong><\/p>\n<p class=\"tw-data-text tw-text-large XcVN5d tw-ta\" dir=\"ltr\" data-placeholder=\"Vertimas\"><span class=\"Y2IQFc\" lang=\"en\"> These rules are valid indefinitely.<\/span><\/p>\n<p>&nbsp;<\/p>\n","protected":false},"excerpt":{"rendered":"<p>Rules for buying and selling goods in the online store https:\/\/diaura.lt: 1. General provisions. 1.1. These Rules of Purchase and<\/p>\n","protected":false},"author":1,"featured_media":0,"parent":0,"menu_order":0,"comment_status":"closed","ping_status":"closed","template":"","meta":{"footnotes":""},"class_list":["post-1557","page","type-page","status-publish","hentry"],"yoast_head":"<!-- This site is optimized with the Yoast SEO plugin v26.5 - https:\/\/yoast.com\/wordpress\/plugins\/seo\/ -->\n<title>Purschase rules - diaura.lt<\/title>\n<meta name=\"description\" content=\"Rules for buying and selling goods in the online store https:\/\/diaura.lt: 1. General provisions. 1.1. These Rules of Purchase and Sale of Goods\" \/>\n<meta name=\"robots\" content=\"index, follow, max-snippet:-1, max-image-preview:large, max-video-preview:-1\" \/>\n<link rel=\"canonical\" href=\"https:\/\/diaura.lt\/en\/pirkimo-taisykles\/\" \/>\n<meta property=\"og:locale\" content=\"en_US\" \/>\n<meta property=\"og:type\" content=\"article\" \/>\n<meta property=\"og:title\" content=\"Purschase rules - diaura.lt\" \/>\n<meta property=\"og:description\" content=\"Rules for buying and selling goods in the online store https:\/\/diaura.lt: 1. General provisions. 1.1. These Rules of Purchase and Sale of Goods\" \/>\n<meta property=\"og:url\" content=\"https:\/\/diaura.lt\/en\/pirkimo-taisykles\/\" \/>\n<meta property=\"og:site_name\" content=\"diaura.lt\" \/>\n<meta property=\"article:publisher\" content=\"https:\/\/www.facebook.com\/diaura.lt\" \/>\n<meta property=\"article:modified_time\" content=\"2021-10-16T10:38:13+00:00\" \/>\n<meta property=\"og:image\" content=\"https:\/\/diaura.lt\/wp-content\/uploads\/2024\/11\/diaura-nuolaida.jpg\" \/>\n\t<meta property=\"og:image:width\" content=\"2288\" \/>\n\t<meta property=\"og:image:height\" content=\"1287\" \/>\n\t<meta property=\"og:image:type\" content=\"image\/jpeg\" \/>\n<meta name=\"twitter:card\" content=\"summary_large_image\" \/>\n<meta name=\"twitter:label1\" content=\"Est. reading time\" \/>\n\t<meta name=\"twitter:data1\" content=\"7 minutes\" \/>\n<!-- \/ Yoast SEO plugin. -->","yoast_head_json":{"title":"Purschase rules - diaura.lt","description":"Rules for buying and selling goods in the online store https:\/\/diaura.lt: 1. General provisions. 1.1. These Rules of Purchase and Sale of Goods","robots":{"index":"index","follow":"follow","max-snippet":"max-snippet:-1","max-image-preview":"max-image-preview:large","max-video-preview":"max-video-preview:-1"},"canonical":"https:\/\/diaura.lt\/en\/pirkimo-taisykles\/","og_locale":"en_US","og_type":"article","og_title":"Purschase rules - diaura.lt","og_description":"Rules for buying and selling goods in the online store https:\/\/diaura.lt: 1. General provisions. 1.1. These Rules of Purchase and Sale of Goods","og_url":"https:\/\/diaura.lt\/en\/pirkimo-taisykles\/","og_site_name":"diaura.lt","article_publisher":"https:\/\/www.facebook.com\/diaura.lt","article_modified_time":"2021-10-16T10:38:13+00:00","og_image":[{"width":2288,"height":1287,"url":"https:\/\/diaura.lt\/wp-content\/uploads\/2024\/11\/diaura-nuolaida.jpg","type":"image\/jpeg"}],"twitter_card":"summary_large_image","twitter_misc":{"Est. reading time":"7 minutes"},"schema":{"@context":"https:\/\/schema.org","@graph":[{"@type":"WebPage","@id":"https:\/\/diaura.lt\/en\/pirkimo-taisykles\/","url":"https:\/\/diaura.lt\/en\/pirkimo-taisykles\/","name":"Purschase rules - diaura.lt","isPartOf":{"@id":"https:\/\/diaura.lt\/#website"},"datePublished":"2020-10-23T15:39:03+00:00","dateModified":"2021-10-16T10:38:13+00:00","description":"Rules for buying and selling goods in the online store https:\/\/diaura.lt: 1. General provisions. 1.1. These Rules of Purchase and Sale of Goods","breadcrumb":{"@id":"https:\/\/diaura.lt\/en\/pirkimo-taisykles\/#breadcrumb"},"inLanguage":"en-US","potentialAction":[{"@type":"ReadAction","target":["https:\/\/diaura.lt\/en\/pirkimo-taisykles\/"]}]},{"@type":"BreadcrumbList","@id":"https:\/\/diaura.lt\/en\/pirkimo-taisykles\/#breadcrumb","itemListElement":[{"@type":"ListItem","position":1,"name":"Diaura","item":"https:\/\/diaura.lt\/en\/home-jewellery\/"},{"@type":"ListItem","position":2,"name":"Purschase rules"}]},{"@type":"WebSite","@id":"https:\/\/diaura.lt\/#website","url":"https:\/\/diaura.lt\/","name":"Diaura","description":"Lietuvi\u0173 juvelyr\u0173 rank\u0173 darbo sidabro gaminiai puo\u0161ti mineralais","publisher":{"@id":"https:\/\/diaura.lt\/#organization"},"potentialAction":[{"@type":"SearchAction","target":{"@type":"EntryPoint","urlTemplate":"https:\/\/diaura.lt\/?s={search_term_string}"},"query-input":{"@type":"PropertyValueSpecification","valueRequired":true,"valueName":"search_term_string"}}],"inLanguage":"en-US"},{"@type":"Organization","@id":"https:\/\/diaura.lt\/#organization","name":"Diaura","alternateName":"Sidabriniai Druskinink\u0173 papuo\u0161alai","url":"https:\/\/diaura.lt\/","logo":{"@type":"ImageObject","inLanguage":"en-US","@id":"https:\/\/diaura.lt\/#\/schema\/logo\/image\/","url":"https:\/\/diaura.lt\/wp-content\/uploads\/2020\/10\/logo1.png","contentUrl":"https:\/\/diaura.lt\/wp-content\/uploads\/2020\/10\/logo1.png","width":983,"height":323,"caption":"Diaura"},"image":{"@id":"https:\/\/diaura.lt\/#\/schema\/logo\/image\/"},"sameAs":["https:\/\/www.facebook.com\/diaura.lt","https:\/\/www.instagram.com\/diaura.lt"]}]}},"_links":{"self":[{"href":"https:\/\/diaura.lt\/en\/wp-json\/wp\/v2\/pages\/1557","targetHints":{"allow":["GET"]}}],"collection":[{"href":"https:\/\/diaura.lt\/en\/wp-json\/wp\/v2\/pages"}],"about":[{"href":"https:\/\/diaura.lt\/en\/wp-json\/wp\/v2\/types\/page"}],"author":[{"embeddable":true,"href":"https:\/\/diaura.lt\/en\/wp-json\/wp\/v2\/users\/1"}],"replies":[{"embeddable":true,"href":"https:\/\/diaura.lt\/en\/wp-json\/wp\/v2\/comments?post=1557"}],"version-history":[{"count":0,"href":"https:\/\/diaura.lt\/en\/wp-json\/wp\/v2\/pages\/1557\/revisions"}],"wp:attachment":[{"href":"https:\/\/diaura.lt\/en\/wp-json\/wp\/v2\/media?parent=1557"}],"curies":[{"name":"wp","href":"https:\/\/api.w.org\/{rel}","templated":true}]}}