{"id":6174,"date":"2021-10-26T18:39:59","date_gmt":"2021-10-26T20:39:59","guid":{"rendered":"https:\/\/diaura.lt\/susipazink-su-kurejais\/"},"modified":"2021-11-14T14:57:07","modified_gmt":"2021-11-14T16:57:07","slug":"meet-jewelers","status":"publish","type":"page","link":"https:\/\/diaura.lt\/en\/meet-jewelers\/","title":{"rendered":"Meet jewelers"},"content":{"rendered":"<div class=\"wpb-content-wrapper\"><p>[vc_row content_placement=&#8221;middle&#8221; mobile_bg_img_hidden=&#8221;no&#8221; tablet_bg_img_hidden=&#8221;no&#8221; woodmart_parallax=&#8221;0&#8243; woodmart_gradient_switch=&#8221;no&#8221; row_reverse_mobile=&#8221;0&#8243; row_reverse_tablet=&#8221;0&#8243; woodmart_disable_overflow=&#8221;0&#8243;][vc_column width=&#8221;1\/5&#8243;][vc_single_image image=&#8221;6151&#8243; img_size=&#8221;full&#8221; parallax_scroll=&#8221;no&#8221; title=&#8221;Virginija &amp; Vygantas \u0160irvinskai&#8221;][\/vc_column][vc_column width=&#8221;4\/5&#8243;][vc_column_text text_larger=&#8221;no&#8221;]It all has a beginning ..<\/p>\n<p>The first beginning took place in 1989 at Kaunas School of Applied Arts. Two idealists met there believing that beauty could save the world.\u00a0There is a saying: &#8220;Once you try &#8211; you can&#8217;t stop&#8221;. So we didn\u2019t stop and that brought us to where we are now. We have housed our beloved jewelry in a small, bright world, where obedient metal and silent thoughts reign &#8211; everything is real here, this is our paradise on Earth.<\/p>\n<p>We are not only bound by jewelry. Vygantas is the man of my life, a good friend, the father of two daughters, my boss, a maker of rational decisions, the man with whom we create little things with great love.<\/p>\n<p>And this lasts for thirty-five years, twenty-four hours a day.\u00a0If you asked me if living and working together was easy, I would answer yes. Man has two sides &#8211; the perfect one and the other &#8211; uncomfortable. Those sides are indivisible, so we accept them as one.<\/p>\n<p>The jewelry we create is long-lasting, not subject to changing fashion trends.<\/p>\n<p>They are like children &#8211; blessed travel from our hands to your hands.[\/vc_column_text][\/vc_column][\/vc_row][vc_row content_placement=&#8221;middle&#8221; mobile_bg_img_hidden=&#8221;no&#8221; tablet_bg_img_hidden=&#8221;no&#8221; woodmart_parallax=&#8221;0&#8243; woodmart_gradient_switch=&#8221;no&#8221; row_reverse_mobile=&#8221;0&#8243; row_reverse_tablet=&#8221;0&#8243; woodmart_disable_overflow=&#8221;0&#8243;][vc_column width=&#8221;1\/5&#8243;][vc_single_image image=&#8221;6071&#8243; img_size=&#8221;full&#8221; parallax_scroll=&#8221;no&#8221;][\/vc_column][vc_column width=&#8221;4\/5&#8243;][vc_column_text text_larger=&#8221;no&#8221;]Informacija ruo\u0161iama I am text block. Click edit button to change this text. Lorem ipsum dolor sit amet, consectetur adipiscing elit. Ut elit tellus, luctus nec ullamcorper mattis, pulvinar dapibus leo.<\/p>\n<p>I am text block. Click edit button to change this text. Lorem ipsum dolor sit amet, consectetur adipiscing elit. Ut elit tellus, luctus nec ullamcorper mattis, pulvinar dapibus leo.I am text block. Click edit button to change this text. Lorem ipsum dolor sit amet, consectetur adipiscing elit. Ut elit tellus, luctus nec ullamcorper mattis, pulvinar dapibus leo.[\/vc_column_text][\/vc_column][\/vc_row]<\/p>\n<\/div>","protected":false},"excerpt":{"rendered":"<p>[vc_row content_placement=&#8221;middle&#8221; mobile_bg_img_hidden=&#8221;no&#8221; tablet_bg_img_hidden=&#8221;no&#8221; woodmart_parallax=&#8221;0&#8243; woodmart_gradient_switch=&#8221;no&#8221; row_reverse_mobile=&#8221;0&#8243; row_reverse_tablet=&#8221;0&#8243; woodmart_disable_overflow=&#8221;0&#8243;][vc_column width=&#8221;1\/5&#8243;][vc_single_image image=&#8221;6151&#8243; img_size=&#8221;full&#8221; parallax_scroll=&#8221;no&#8221; title=&#8221;Virginija &amp; Vygantas \u0160irvinskai&#8221;][\/vc_column][vc_column width=&#8221;4\/5&#8243;][vc_column_text text_larger=&#8221;no&#8221;]It all<\/p>\n","protected":false},"author":1,"featured_media":0,"parent":0,"menu_order":0,"comment_status":"closed","ping_status":"closed","template":"","meta":{"footnotes":""},"class_list":["post-6174","page","type-page","status-publish","hentry"],"yoast_head":"<!-- This site is optimized with the Yoast SEO plugin v26.5 - https:\/\/yoast.com\/wordpress\/plugins\/seo\/ -->\n<title>Meet jewelers - diaura.lt<\/title>\n<meta name=\"description\" content=\"It all has a beginning .. The first beginning took place in 1989 at Kaunas School of Applied Arts. Two idealists met there believing that beauty could\" \/>\n<meta name=\"robots\" content=\"index, follow, max-snippet:-1, max-image-preview:large, max-video-preview:-1\" \/>\n<link rel=\"canonical\" href=\"https:\/\/diaura.lt\/en\/meet-jewelers\/\" \/>\n<meta property=\"og:locale\" content=\"en_US\" \/>\n<meta property=\"og:type\" content=\"article\" \/>\n<meta property=\"og:title\" content=\"Meet jewelers - diaura.lt\" \/>\n<meta property=\"og:description\" content=\"It all has a beginning .. The first beginning took place in 1989 at Kaunas School of Applied Arts. Two idealists met there believing that beauty could\" \/>\n<meta property=\"og:url\" content=\"https:\/\/diaura.lt\/en\/meet-jewelers\/\" \/>\n<meta property=\"og:site_name\" content=\"diaura.lt\" \/>\n<meta property=\"article:publisher\" content=\"https:\/\/www.facebook.com\/diaura.lt\" \/>\n<meta property=\"article:modified_time\" content=\"2021-11-14T16:57:07+00:00\" \/>\n<meta property=\"og:image\" content=\"https:\/\/diaura.lt\/wp-content\/uploads\/2024\/11\/diaura-nuolaida.jpg\" \/>\n\t<meta property=\"og:image:width\" content=\"2288\" \/>\n\t<meta property=\"og:image:height\" content=\"1287\" \/>\n\t<meta property=\"og:image:type\" content=\"image\/jpeg\" \/>\n<meta name=\"twitter:card\" content=\"summary_large_image\" \/>\n<meta name=\"twitter:label1\" content=\"Est. reading time\" \/>\n\t<meta name=\"twitter:data1\" content=\"2 minutes\" \/>\n<!-- \/ Yoast SEO plugin. -->","yoast_head_json":{"title":"Meet jewelers - diaura.lt","description":"It all has a beginning .. The first beginning took place in 1989 at Kaunas School of Applied Arts. Two idealists met there believing that beauty could","robots":{"index":"index","follow":"follow","max-snippet":"max-snippet:-1","max-image-preview":"max-image-preview:large","max-video-preview":"max-video-preview:-1"},"canonical":"https:\/\/diaura.lt\/en\/meet-jewelers\/","og_locale":"en_US","og_type":"article","og_title":"Meet jewelers - diaura.lt","og_description":"It all has a beginning .. The first beginning took place in 1989 at Kaunas School of Applied Arts. Two idealists met there believing that beauty could","og_url":"https:\/\/diaura.lt\/en\/meet-jewelers\/","og_site_name":"diaura.lt","article_publisher":"https:\/\/www.facebook.com\/diaura.lt","article_modified_time":"2021-11-14T16:57:07+00:00","og_image":[{"width":2288,"height":1287,"url":"https:\/\/diaura.lt\/wp-content\/uploads\/2024\/11\/diaura-nuolaida.jpg","type":"image\/jpeg"}],"twitter_card":"summary_large_image","twitter_misc":{"Est. reading time":"2 minutes"},"schema":{"@context":"https:\/\/schema.org","@graph":[{"@type":"WebPage","@id":"https:\/\/diaura.lt\/en\/meet-jewelers\/","url":"https:\/\/diaura.lt\/en\/meet-jewelers\/","name":"Meet jewelers - diaura.lt","isPartOf":{"@id":"https:\/\/diaura.lt\/#website"},"datePublished":"2021-10-26T20:39:59+00:00","dateModified":"2021-11-14T16:57:07+00:00","description":"It all has a beginning .. The first beginning took place in 1989 at Kaunas School of Applied Arts. Two idealists met there believing that beauty could","breadcrumb":{"@id":"https:\/\/diaura.lt\/en\/meet-jewelers\/#breadcrumb"},"inLanguage":"en-US","potentialAction":[{"@type":"ReadAction","target":["https:\/\/diaura.lt\/en\/meet-jewelers\/"]}]},{"@type":"BreadcrumbList","@id":"https:\/\/diaura.lt\/en\/meet-jewelers\/#breadcrumb","itemListElement":[{"@type":"ListItem","position":1,"name":"Diaura","item":"https:\/\/diaura.lt\/en\/home-jewellery\/"},{"@type":"ListItem","position":2,"name":"Meet jewelers"}]},{"@type":"WebSite","@id":"https:\/\/diaura.lt\/#website","url":"https:\/\/diaura.lt\/","name":"Diaura","description":"Lietuvi\u0173 juvelyr\u0173 rank\u0173 darbo sidabro gaminiai puo\u0161ti mineralais","publisher":{"@id":"https:\/\/diaura.lt\/#organization"},"potentialAction":[{"@type":"SearchAction","target":{"@type":"EntryPoint","urlTemplate":"https:\/\/diaura.lt\/?s={search_term_string}"},"query-input":{"@type":"PropertyValueSpecification","valueRequired":true,"valueName":"search_term_string"}}],"inLanguage":"en-US"},{"@type":"Organization","@id":"https:\/\/diaura.lt\/#organization","name":"Diaura","alternateName":"Sidabriniai Druskinink\u0173 papuo\u0161alai","url":"https:\/\/diaura.lt\/","logo":{"@type":"ImageObject","inLanguage":"en-US","@id":"https:\/\/diaura.lt\/#\/schema\/logo\/image\/","url":"https:\/\/diaura.lt\/wp-content\/uploads\/2020\/10\/logo1.png","contentUrl":"https:\/\/diaura.lt\/wp-content\/uploads\/2020\/10\/logo1.png","width":983,"height":323,"caption":"Diaura"},"image":{"@id":"https:\/\/diaura.lt\/#\/schema\/logo\/image\/"},"sameAs":["https:\/\/www.facebook.com\/diaura.lt","https:\/\/www.instagram.com\/diaura.lt"]}]}},"_links":{"self":[{"href":"https:\/\/diaura.lt\/en\/wp-json\/wp\/v2\/pages\/6174","targetHints":{"allow":["GET"]}}],"collection":[{"href":"https:\/\/diaura.lt\/en\/wp-json\/wp\/v2\/pages"}],"about":[{"href":"https:\/\/diaura.lt\/en\/wp-json\/wp\/v2\/types\/page"}],"author":[{"embeddable":true,"href":"https:\/\/diaura.lt\/en\/wp-json\/wp\/v2\/users\/1"}],"replies":[{"embeddable":true,"href":"https:\/\/diaura.lt\/en\/wp-json\/wp\/v2\/comments?post=6174"}],"version-history":[{"count":0,"href":"https:\/\/diaura.lt\/en\/wp-json\/wp\/v2\/pages\/6174\/revisions"}],"wp:attachment":[{"href":"https:\/\/diaura.lt\/en\/wp-json\/wp\/v2\/media?parent=6174"}],"curies":[{"name":"wp","href":"https:\/\/api.w.org\/{rel}","templated":true}]}}