{"id":10187,"date":"2023-02-20T10:16:34","date_gmt":"2023-02-20T12:16:34","guid":{"rendered":"https:\/\/diaura.lt\/product\/ziedas-labirintas\/"},"modified":"2023-05-09T09:57:58","modified_gmt":"2023-05-09T11:57:58","slug":"ziedas-labirintas","status":"publish","type":"product","link":"https:\/\/diaura.lt\/en\/produktas\/ziedas-labirintas\/","title":{"rendered":"Ring &#8220;Labirintas&#8221;"},"content":{"rendered":"<ul>\n<li>Silver 925<\/li>\n<li>Weight: 3,1 g.<\/li>\n<\/ul>\n","protected":false},"excerpt":{"rendered":"<p>Silver 925 Weight: 3,1 g.<\/p>\n","protected":false},"featured_media":10153,"template":"","meta":[],"product_brand":[],"product_cat":[65,66],"product_tag":[],"giftcard-category":[],"class_list":{"0":"post-10187","1":"product","2":"type-product","3":"status-publish","4":"has-post-thumbnail","6":"product_cat-products-en","7":"product_cat-ziedai-en","9":"first","10":"instock","11":"sold-individually","12":"shipping-taxable","13":"purchasable","14":"product-type-variable"},"yoast_head":"<!-- This site is optimized with the Yoast SEO plugin v26.5 - https:\/\/yoast.com\/wordpress\/plugins\/seo\/ -->\n<title>Ring &quot;Labirintas&quot; - diaura.lt<\/title>\n<meta name=\"description\" content=\"Ring &quot;Labirintas&quot;. Silver 925  Weight: 3,1 g.\" \/>\n<meta name=\"robots\" content=\"index, follow, max-snippet:-1, max-image-preview:large, max-video-preview:-1\" \/>\n<link rel=\"canonical\" href=\"https:\/\/diaura.lt\/en\/produktas\/ziedas-labirintas\/\" \/>\n<meta property=\"og:locale\" content=\"en_US\" \/>\n<meta property=\"og:type\" content=\"article\" \/>\n<meta property=\"og:title\" content=\"Ring &quot;Labirintas&quot; - diaura.lt\" \/>\n<meta property=\"og:description\" content=\"Ring &quot;Labirintas&quot;. Silver 925  Weight: 3,1 g.\" \/>\n<meta property=\"og:url\" content=\"https:\/\/diaura.lt\/en\/produktas\/ziedas-labirintas\/\" \/>\n<meta property=\"og:site_name\" content=\"diaura.lt\" \/>\n<meta property=\"article:publisher\" content=\"https:\/\/www.facebook.com\/diaura.lt\" \/>\n<meta property=\"article:modified_time\" content=\"2023-05-09T11:57:58+00:00\" \/>\n<meta property=\"og:image\" content=\"https:\/\/diaura.lt\/wp-content\/uploads\/2023\/02\/IMG_6652_Fotor.jpg\" \/>\n\t<meta property=\"og:image:width\" content=\"2048\" \/>\n\t<meta property=\"og:image:height\" content=\"1363\" \/>\n\t<meta property=\"og:image:type\" content=\"image\/jpeg\" \/>\n<meta name=\"twitter:card\" content=\"summary_large_image\" \/>\n<meta name=\"twitter:label1\" content=\"Est. reading time\" \/>\n\t<meta name=\"twitter:data1\" content=\"1 minute\" \/>\n<!-- \/ Yoast SEO plugin. -->","yoast_head_json":{"title":"Ring \"Labirintas\" - diaura.lt","description":"Ring \"Labirintas\". Silver 925  Weight: 3,1 g.","robots":{"index":"index","follow":"follow","max-snippet":"max-snippet:-1","max-image-preview":"max-image-preview:large","max-video-preview":"max-video-preview:-1"},"canonical":"https:\/\/diaura.lt\/en\/produktas\/ziedas-labirintas\/","og_locale":"en_US","og_type":"article","og_title":"Ring \"Labirintas\" - diaura.lt","og_description":"Ring \"Labirintas\". Silver 925  Weight: 3,1 g.","og_url":"https:\/\/diaura.lt\/en\/produktas\/ziedas-labirintas\/","og_site_name":"diaura.lt","article_publisher":"https:\/\/www.facebook.com\/diaura.lt","article_modified_time":"2023-05-09T11:57:58+00:00","og_image":[{"width":2048,"height":1363,"url":"https:\/\/diaura.lt\/wp-content\/uploads\/2023\/02\/IMG_6652_Fotor.jpg","type":"image\/jpeg"}],"twitter_card":"summary_large_image","twitter_misc":{"Est. reading time":"1 minute"},"schema":{"@context":"https:\/\/schema.org","@graph":[{"@type":"WebPage","@id":"https:\/\/diaura.lt\/en\/produktas\/ziedas-labirintas\/","url":"https:\/\/diaura.lt\/en\/produktas\/ziedas-labirintas\/","name":"Ring \"Labirintas\" - diaura.lt","isPartOf":{"@id":"https:\/\/diaura.lt\/#website"},"primaryImageOfPage":{"@id":"https:\/\/diaura.lt\/en\/produktas\/ziedas-labirintas\/#primaryimage"},"image":{"@id":"https:\/\/diaura.lt\/en\/produktas\/ziedas-labirintas\/#primaryimage"},"thumbnailUrl":"https:\/\/diaura.lt\/wp-content\/uploads\/2023\/02\/IMG_6652_Fotor.jpg","datePublished":"2023-02-20T12:16:34+00:00","dateModified":"2023-05-09T11:57:58+00:00","description":"Ring \"Labirintas\". Silver 925 Weight: 3,1 g.","breadcrumb":{"@id":"https:\/\/diaura.lt\/en\/produktas\/ziedas-labirintas\/#breadcrumb"},"inLanguage":"en-US","potentialAction":[{"@type":"ReadAction","target":["https:\/\/diaura.lt\/en\/produktas\/ziedas-labirintas\/"]}]},{"@type":"ImageObject","inLanguage":"en-US","@id":"https:\/\/diaura.lt\/en\/produktas\/ziedas-labirintas\/#primaryimage","url":"https:\/\/diaura.lt\/wp-content\/uploads\/2023\/02\/IMG_6652_Fotor.jpg","contentUrl":"https:\/\/diaura.lt\/wp-content\/uploads\/2023\/02\/IMG_6652_Fotor.jpg","width":2048,"height":1363},{"@type":"BreadcrumbList","@id":"https:\/\/diaura.lt\/en\/produktas\/ziedas-labirintas\/#breadcrumb","itemListElement":[{"@type":"ListItem","position":1,"name":"Diaura","item":"https:\/\/diaura.lt\/en\/home-jewellery\/"},{"@type":"ListItem","position":2,"name":"Shop","item":"https:\/\/diaura.lt\/en\/shop\/"},{"@type":"ListItem","position":3,"name":"Ring &#8220;Labirintas&#8221;"}]},{"@type":"WebSite","@id":"https:\/\/diaura.lt\/#website","url":"https:\/\/diaura.lt\/","name":"Diaura","description":"Lietuvi\u0173 juvelyr\u0173 rank\u0173 darbo sidabro gaminiai puo\u0161ti mineralais","publisher":{"@id":"https:\/\/diaura.lt\/#organization"},"potentialAction":[{"@type":"SearchAction","target":{"@type":"EntryPoint","urlTemplate":"https:\/\/diaura.lt\/?s={search_term_string}"},"query-input":{"@type":"PropertyValueSpecification","valueRequired":true,"valueName":"search_term_string"}}],"inLanguage":"en-US"},{"@type":"Organization","@id":"https:\/\/diaura.lt\/#organization","name":"Diaura","alternateName":"Sidabriniai Druskinink\u0173 papuo\u0161alai","url":"https:\/\/diaura.lt\/","logo":{"@type":"ImageObject","inLanguage":"en-US","@id":"https:\/\/diaura.lt\/#\/schema\/logo\/image\/","url":"https:\/\/diaura.lt\/wp-content\/uploads\/2020\/10\/logo1.png","contentUrl":"https:\/\/diaura.lt\/wp-content\/uploads\/2020\/10\/logo1.png","width":983,"height":323,"caption":"Diaura"},"image":{"@id":"https:\/\/diaura.lt\/#\/schema\/logo\/image\/"},"sameAs":["https:\/\/www.facebook.com\/diaura.lt","https:\/\/www.instagram.com\/diaura.lt"]}]}},"_links":{"self":[{"href":"https:\/\/diaura.lt\/en\/wp-json\/wp\/v2\/product\/10187","targetHints":{"allow":["GET"]}}],"collection":[{"href":"https:\/\/diaura.lt\/en\/wp-json\/wp\/v2\/product"}],"about":[{"href":"https:\/\/diaura.lt\/en\/wp-json\/wp\/v2\/types\/product"}],"wp:featuredmedia":[{"embeddable":true,"href":"https:\/\/diaura.lt\/en\/wp-json\/wp\/v2\/media\/10153"}],"wp:attachment":[{"href":"https:\/\/diaura.lt\/en\/wp-json\/wp\/v2\/media?parent=10187"}],"wp:term":[{"taxonomy":"product_brand","embeddable":true,"href":"https:\/\/diaura.lt\/en\/wp-json\/wp\/v2\/product_brand?post=10187"},{"taxonomy":"product_cat","embeddable":true,"href":"https:\/\/diaura.lt\/en\/wp-json\/wp\/v2\/product_cat?post=10187"},{"taxonomy":"product_tag","embeddable":true,"href":"https:\/\/diaura.lt\/en\/wp-json\/wp\/v2\/product_tag?post=10187"},{"taxonomy":"giftcard-category","embeddable":true,"href":"https:\/\/diaura.lt\/en\/wp-json\/wp\/v2\/giftcard-category?post=10187"}],"curies":[{"name":"wp","href":"https:\/\/api.w.org\/{rel}","templated":true}]}}