{"id":11432,"date":"2024-02-06T11:55:24","date_gmt":"2024-02-06T13:55:24","guid":{"rendered":"https:\/\/diaura.lt\/product\/auskarai-rinkutes\/"},"modified":"2025-12-28T11:07:04","modified_gmt":"2025-12-28T13:07:04","slug":"auskarai-rinkutes","status":"publish","type":"product","link":"https:\/\/diaura.lt\/en\/produktas\/auskarai-rinkutes\/","title":{"rendered":"Auskarai &#8220;Ratukai&#8221;"},"content":{"rendered":"<ul>\n<li>Sidabras 925<\/li>\n<li>Rank\u0173 darbo minimalistiniai, bet tvirti auskarai &#8220;ratukai&#8221;<\/li>\n<li>Svoris: 2,8 g. (kiekvieno gaminio svoris gali ne\u017eymiai skirtis)<\/li>\n<li>U\u017esegimo tipas: \u201erink\u0117s\u201d (hoops)<\/li>\n<\/ul>\n","protected":false},"excerpt":{"rendered":"<p>Sidabras 925 Rank\u0173 darbo minimalistiniai, bet tvirti auskarai &#8220;ratukai&#8221; Svoris: 2,8 g. (kiekvieno gaminio svoris gali ne\u017eymiai skirtis) U\u017esegimo tipas:<\/p>\n","protected":false},"featured_media":11411,"template":"","meta":[],"product_brand":[],"product_cat":[69,250,65],"product_tag":[73,377,369],"giftcard-category":[],"class_list":{"0":"post-11432","1":"product","2":"type-product","3":"status-publish","4":"has-post-thumbnail","6":"product_cat-earrings-en","7":"product_cat-ispardavimas-en","8":"product_cat-products-en","9":"product_tag-earrings-for-women","10":"product_tag-hoops","11":"product_tag-sidabriniai-auskarai-en","13":"first","14":"instock","15":"sale","16":"shipping-taxable","17":"purchasable","18":"product-type-simple"},"yoast_head":"<!-- This site is optimized with the Yoast SEO plugin v26.5 - https:\/\/yoast.com\/wordpress\/plugins\/seo\/ -->\n<title>Auskarai &quot;Ratukai&quot; - diaura.lt<\/title>\n<meta name=\"description\" content=\"Auskarai &quot;Ratukai&quot;. Sidabras 925 Rank\u0173 darbo minimalistiniai, bet tvirti auskarai &quot;ratukai&quot; Svoris: 2,8 g. (kiekvieno gaminio svoris gali ne\u017eymiai skirtis) U\u017esegimo tipas:\" \/>\n<meta name=\"robots\" content=\"index, follow, max-snippet:-1, max-image-preview:large, max-video-preview:-1\" \/>\n<link rel=\"canonical\" href=\"https:\/\/diaura.lt\/en\/produktas\/auskarai-rinkutes\/\" \/>\n<meta property=\"og:locale\" content=\"en_US\" \/>\n<meta property=\"og:type\" content=\"article\" \/>\n<meta property=\"og:title\" content=\"Auskarai &quot;Ratukai&quot; - diaura.lt\" \/>\n<meta property=\"og:description\" content=\"Auskarai &quot;Ratukai&quot;. Sidabras 925 Rank\u0173 darbo minimalistiniai, bet tvirti auskarai &quot;ratukai&quot; Svoris: 2,8 g. (kiekvieno gaminio svoris gali ne\u017eymiai skirtis) U\u017esegimo tipas:\" \/>\n<meta property=\"og:url\" content=\"https:\/\/diaura.lt\/en\/produktas\/auskarai-rinkutes\/\" \/>\n<meta property=\"og:site_name\" content=\"diaura.lt\" \/>\n<meta property=\"article:publisher\" content=\"https:\/\/www.facebook.com\/diaura.lt\" \/>\n<meta property=\"article:modified_time\" content=\"2025-12-28T13:07:04+00:00\" \/>\n<meta property=\"og:image\" content=\"https:\/\/diaura.lt\/wp-content\/uploads\/2024\/02\/IMG_1503_Fotor.jpg\" \/>\n\t<meta property=\"og:image:width\" content=\"2048\" \/>\n\t<meta property=\"og:image:height\" content=\"1363\" \/>\n\t<meta property=\"og:image:type\" content=\"image\/jpeg\" \/>\n<meta name=\"twitter:card\" content=\"summary_large_image\" \/>\n<!-- \/ Yoast SEO plugin. -->","yoast_head_json":{"title":"Auskarai \"Ratukai\" - diaura.lt","description":"Auskarai \"Ratukai\". Sidabras 925 Rank\u0173 darbo minimalistiniai, bet tvirti auskarai \"ratukai\" Svoris: 2,8 g. (kiekvieno gaminio svoris gali ne\u017eymiai skirtis) U\u017esegimo tipas:","robots":{"index":"index","follow":"follow","max-snippet":"max-snippet:-1","max-image-preview":"max-image-preview:large","max-video-preview":"max-video-preview:-1"},"canonical":"https:\/\/diaura.lt\/en\/produktas\/auskarai-rinkutes\/","og_locale":"en_US","og_type":"article","og_title":"Auskarai \"Ratukai\" - diaura.lt","og_description":"Auskarai \"Ratukai\". Sidabras 925 Rank\u0173 darbo minimalistiniai, bet tvirti auskarai \"ratukai\" Svoris: 2,8 g. (kiekvieno gaminio svoris gali ne\u017eymiai skirtis) U\u017esegimo tipas:","og_url":"https:\/\/diaura.lt\/en\/produktas\/auskarai-rinkutes\/","og_site_name":"diaura.lt","article_publisher":"https:\/\/www.facebook.com\/diaura.lt","article_modified_time":"2025-12-28T13:07:04+00:00","og_image":[{"width":2048,"height":1363,"url":"https:\/\/diaura.lt\/wp-content\/uploads\/2024\/02\/IMG_1503_Fotor.jpg","type":"image\/jpeg"}],"twitter_card":"summary_large_image","schema":{"@context":"https:\/\/schema.org","@graph":[{"@type":"WebPage","@id":"https:\/\/diaura.lt\/en\/produktas\/auskarai-rinkutes\/","url":"https:\/\/diaura.lt\/en\/produktas\/auskarai-rinkutes\/","name":"Auskarai \"Ratukai\" - diaura.lt","isPartOf":{"@id":"https:\/\/diaura.lt\/#website"},"primaryImageOfPage":{"@id":"https:\/\/diaura.lt\/en\/produktas\/auskarai-rinkutes\/#primaryimage"},"image":{"@id":"https:\/\/diaura.lt\/en\/produktas\/auskarai-rinkutes\/#primaryimage"},"thumbnailUrl":"https:\/\/diaura.lt\/wp-content\/uploads\/2024\/02\/IMG_1503_Fotor.jpg","datePublished":"2024-02-06T13:55:24+00:00","dateModified":"2025-12-28T13:07:04+00:00","description":"Auskarai \"Ratukai\". Sidabras 925 Rank\u0173 darbo minimalistiniai, bet tvirti auskarai \"ratukai\" Svoris: 2,8 g. (kiekvieno gaminio svoris gali ne\u017eymiai skirtis) U\u017esegimo tipas:","breadcrumb":{"@id":"https:\/\/diaura.lt\/en\/produktas\/auskarai-rinkutes\/#breadcrumb"},"inLanguage":"en-US","potentialAction":[{"@type":"ReadAction","target":["https:\/\/diaura.lt\/en\/produktas\/auskarai-rinkutes\/"]}]},{"@type":"ImageObject","inLanguage":"en-US","@id":"https:\/\/diaura.lt\/en\/produktas\/auskarai-rinkutes\/#primaryimage","url":"https:\/\/diaura.lt\/wp-content\/uploads\/2024\/02\/IMG_1503_Fotor.jpg","contentUrl":"https:\/\/diaura.lt\/wp-content\/uploads\/2024\/02\/IMG_1503_Fotor.jpg","width":2048,"height":1363},{"@type":"BreadcrumbList","@id":"https:\/\/diaura.lt\/en\/produktas\/auskarai-rinkutes\/#breadcrumb","itemListElement":[{"@type":"ListItem","position":1,"name":"Diaura","item":"https:\/\/diaura.lt\/en\/home-jewellery\/"},{"@type":"ListItem","position":2,"name":"Shop","item":"https:\/\/diaura.lt\/en\/shop\/"},{"@type":"ListItem","position":3,"name":"Auskarai &#8220;Ratukai&#8221;"}]},{"@type":"WebSite","@id":"https:\/\/diaura.lt\/#website","url":"https:\/\/diaura.lt\/","name":"Diaura","description":"Lietuvi\u0173 juvelyr\u0173 rank\u0173 darbo sidabro gaminiai puo\u0161ti mineralais","publisher":{"@id":"https:\/\/diaura.lt\/#organization"},"potentialAction":[{"@type":"SearchAction","target":{"@type":"EntryPoint","urlTemplate":"https:\/\/diaura.lt\/?s={search_term_string}"},"query-input":{"@type":"PropertyValueSpecification","valueRequired":true,"valueName":"search_term_string"}}],"inLanguage":"en-US"},{"@type":"Organization","@id":"https:\/\/diaura.lt\/#organization","name":"Diaura","alternateName":"Sidabriniai Druskinink\u0173 papuo\u0161alai","url":"https:\/\/diaura.lt\/","logo":{"@type":"ImageObject","inLanguage":"en-US","@id":"https:\/\/diaura.lt\/#\/schema\/logo\/image\/","url":"https:\/\/diaura.lt\/wp-content\/uploads\/2020\/10\/logo1.png","contentUrl":"https:\/\/diaura.lt\/wp-content\/uploads\/2020\/10\/logo1.png","width":983,"height":323,"caption":"Diaura"},"image":{"@id":"https:\/\/diaura.lt\/#\/schema\/logo\/image\/"},"sameAs":["https:\/\/www.facebook.com\/diaura.lt","https:\/\/www.instagram.com\/diaura.lt"]}]}},"_links":{"self":[{"href":"https:\/\/diaura.lt\/en\/wp-json\/wp\/v2\/product\/11432","targetHints":{"allow":["GET"]}}],"collection":[{"href":"https:\/\/diaura.lt\/en\/wp-json\/wp\/v2\/product"}],"about":[{"href":"https:\/\/diaura.lt\/en\/wp-json\/wp\/v2\/types\/product"}],"wp:featuredmedia":[{"embeddable":true,"href":"https:\/\/diaura.lt\/en\/wp-json\/wp\/v2\/media\/11411"}],"wp:attachment":[{"href":"https:\/\/diaura.lt\/en\/wp-json\/wp\/v2\/media?parent=11432"}],"wp:term":[{"taxonomy":"product_brand","embeddable":true,"href":"https:\/\/diaura.lt\/en\/wp-json\/wp\/v2\/product_brand?post=11432"},{"taxonomy":"product_cat","embeddable":true,"href":"https:\/\/diaura.lt\/en\/wp-json\/wp\/v2\/product_cat?post=11432"},{"taxonomy":"product_tag","embeddable":true,"href":"https:\/\/diaura.lt\/en\/wp-json\/wp\/v2\/product_tag?post=11432"},{"taxonomy":"giftcard-category","embeddable":true,"href":"https:\/\/diaura.lt\/en\/wp-json\/wp\/v2\/giftcard-category?post=11432"}],"curies":[{"name":"wp","href":"https:\/\/api.w.org\/{rel}","templated":true}]}}