{"id":11758,"date":"2024-05-31T12:47:41","date_gmt":"2024-05-31T14:47:41","guid":{"rendered":"https:\/\/diaura.lt\/product\/auskarai-trys-viename\/"},"modified":"2026-01-07T13:53:48","modified_gmt":"2026-01-07T15:53:48","slug":"auskarai-trys-viename","status":"publish","type":"product","link":"https:\/\/diaura.lt\/en\/produktas\/auskarai-trys-viename\/","title":{"rendered":"Auskarai &#8220;Trys viename&#8221;"},"content":{"rendered":"<ul>\n<li>Sidabras 925<\/li>\n<li>Trij\u0173 perliuk\u0173 kombinacija sukuria tobul\u0105 \u012fvaizd\u012f tik vieno auskaro pagalba<\/li>\n<li>Perlo dydis: 3,5 mm<\/li>\n<li>Svoris: 0,9 g. (kiekvieno gaminio svoris gali ne\u017eymiai skirtis)<\/li>\n<li>\u012ed\u0117klas: g\u0117lavandeniai perlai<\/li>\n<li>U\u017esegimo tipas: vinukai<\/li>\n<\/ul>\n","protected":false},"excerpt":{"rendered":"<p>Sidabras 925 Trij\u0173 perliuk\u0173 kombinacija sukuria tobul\u0105 \u012fvaizd\u012f tik vieno auskaro pagalba Perlo dydis: 3,5 mm Svoris: 0,9 g. (kiekvieno<\/p>\n","protected":false},"featured_media":11756,"template":"","meta":[],"product_brand":[],"product_cat":[69,220,246,65],"product_tag":[73,376,81,374,369],"giftcard-category":[],"class_list":{"0":"post-11758","1":"product","2":"type-product","3":"status-publish","4":"has-post-thumbnail","6":"product_cat-earrings-en","7":"product_cat-perlu-auskarai-en","8":"product_cat-perlai-en","9":"product_cat-products-en","10":"product_tag-earrings-for-women","11":"product_tag-jewellery-with-pearls","12":"product_tag-perlas-en","13":"product_tag-ranku-darbo-papuosalai-en","14":"product_tag-sidabriniai-auskarai-en","16":"first","17":"instock","18":"shipping-taxable","19":"purchasable","20":"product-type-simple"},"yoast_head":"<!-- This site is optimized with the Yoast SEO plugin v26.5 - https:\/\/yoast.com\/wordpress\/plugins\/seo\/ -->\n<title>Auskarai &quot;Trys viename&quot; - diaura.lt<\/title>\n<meta name=\"description\" content=\"Auskarai &quot;Trys viename&quot;. Sidabras 925 Trij\u0173 perliuk\u0173 kombinacija sukuria tobul\u0105 \u012fvaizd\u012f tik vieno auskaro pagalba Perlo dydis: 3,5 mm Svoris: 0,9 g. (kiekvieno gaminio svoris gali\" \/>\n<meta name=\"robots\" content=\"index, follow, max-snippet:-1, max-image-preview:large, max-video-preview:-1\" \/>\n<link rel=\"canonical\" href=\"https:\/\/diaura.lt\/en\/produktas\/auskarai-trys-viename\/\" \/>\n<meta property=\"og:locale\" content=\"en_US\" \/>\n<meta property=\"og:type\" content=\"article\" \/>\n<meta property=\"og:title\" content=\"Auskarai &quot;Trys viename&quot; - diaura.lt\" \/>\n<meta property=\"og:description\" content=\"Auskarai &quot;Trys viename&quot;. Sidabras 925 Trij\u0173 perliuk\u0173 kombinacija sukuria tobul\u0105 \u012fvaizd\u012f tik vieno auskaro pagalba Perlo dydis: 3,5 mm Svoris: 0,9 g. (kiekvieno gaminio svoris gali\" \/>\n<meta property=\"og:url\" content=\"https:\/\/diaura.lt\/en\/produktas\/auskarai-trys-viename\/\" \/>\n<meta property=\"og:site_name\" content=\"diaura.lt\" \/>\n<meta property=\"article:publisher\" content=\"https:\/\/www.facebook.com\/diaura.lt\" \/>\n<meta property=\"article:modified_time\" content=\"2026-01-07T15:53:48+00:00\" \/>\n<meta property=\"og:image\" content=\"https:\/\/diaura.lt\/wp-content\/uploads\/2024\/05\/IMG_4302_Fotor-scaled.jpg\" \/>\n\t<meta property=\"og:image:width\" content=\"2560\" \/>\n\t<meta property=\"og:image:height\" content=\"1704\" \/>\n\t<meta property=\"og:image:type\" content=\"image\/jpeg\" \/>\n<meta name=\"twitter:card\" content=\"summary_large_image\" \/>\n<!-- \/ Yoast SEO plugin. -->","yoast_head_json":{"title":"Auskarai \"Trys viename\" - diaura.lt","description":"Auskarai \"Trys viename\". Sidabras 925 Trij\u0173 perliuk\u0173 kombinacija sukuria tobul\u0105 \u012fvaizd\u012f tik vieno auskaro pagalba Perlo dydis: 3,5 mm Svoris: 0,9 g. (kiekvieno gaminio svoris gali","robots":{"index":"index","follow":"follow","max-snippet":"max-snippet:-1","max-image-preview":"max-image-preview:large","max-video-preview":"max-video-preview:-1"},"canonical":"https:\/\/diaura.lt\/en\/produktas\/auskarai-trys-viename\/","og_locale":"en_US","og_type":"article","og_title":"Auskarai \"Trys viename\" - diaura.lt","og_description":"Auskarai \"Trys viename\". Sidabras 925 Trij\u0173 perliuk\u0173 kombinacija sukuria tobul\u0105 \u012fvaizd\u012f tik vieno auskaro pagalba Perlo dydis: 3,5 mm Svoris: 0,9 g. (kiekvieno gaminio svoris gali","og_url":"https:\/\/diaura.lt\/en\/produktas\/auskarai-trys-viename\/","og_site_name":"diaura.lt","article_publisher":"https:\/\/www.facebook.com\/diaura.lt","article_modified_time":"2026-01-07T15:53:48+00:00","og_image":[{"width":2560,"height":1704,"url":"https:\/\/diaura.lt\/wp-content\/uploads\/2024\/05\/IMG_4302_Fotor-scaled.jpg","type":"image\/jpeg"}],"twitter_card":"summary_large_image","schema":{"@context":"https:\/\/schema.org","@graph":[{"@type":"WebPage","@id":"https:\/\/diaura.lt\/en\/produktas\/auskarai-trys-viename\/","url":"https:\/\/diaura.lt\/en\/produktas\/auskarai-trys-viename\/","name":"Auskarai \"Trys viename\" - diaura.lt","isPartOf":{"@id":"https:\/\/diaura.lt\/#website"},"primaryImageOfPage":{"@id":"https:\/\/diaura.lt\/en\/produktas\/auskarai-trys-viename\/#primaryimage"},"image":{"@id":"https:\/\/diaura.lt\/en\/produktas\/auskarai-trys-viename\/#primaryimage"},"thumbnailUrl":"https:\/\/diaura.lt\/wp-content\/uploads\/2024\/05\/IMG_4302_Fotor-scaled.jpg","datePublished":"2024-05-31T14:47:41+00:00","dateModified":"2026-01-07T15:53:48+00:00","description":"Auskarai \"Trys viename\". Sidabras 925 Trij\u0173 perliuk\u0173 kombinacija sukuria tobul\u0105 \u012fvaizd\u012f tik vieno auskaro pagalba Perlo dydis: 3,5 mm Svoris: 0,9 g. (kiekvieno gaminio svoris gali","breadcrumb":{"@id":"https:\/\/diaura.lt\/en\/produktas\/auskarai-trys-viename\/#breadcrumb"},"inLanguage":"en-US","potentialAction":[{"@type":"ReadAction","target":["https:\/\/diaura.lt\/en\/produktas\/auskarai-trys-viename\/"]}]},{"@type":"ImageObject","inLanguage":"en-US","@id":"https:\/\/diaura.lt\/en\/produktas\/auskarai-trys-viename\/#primaryimage","url":"https:\/\/diaura.lt\/wp-content\/uploads\/2024\/05\/IMG_4302_Fotor-scaled.jpg","contentUrl":"https:\/\/diaura.lt\/wp-content\/uploads\/2024\/05\/IMG_4302_Fotor-scaled.jpg","width":2560,"height":1704,"caption":"Sidabriniai, rank\u0173 darbo auskarai \"Trys viename\""},{"@type":"BreadcrumbList","@id":"https:\/\/diaura.lt\/en\/produktas\/auskarai-trys-viename\/#breadcrumb","itemListElement":[{"@type":"ListItem","position":1,"name":"Diaura","item":"https:\/\/diaura.lt\/en\/home-jewellery\/"},{"@type":"ListItem","position":2,"name":"Shop","item":"https:\/\/diaura.lt\/en\/shop\/"},{"@type":"ListItem","position":3,"name":"Auskarai &#8220;Trys viename&#8221;"}]},{"@type":"WebSite","@id":"https:\/\/diaura.lt\/#website","url":"https:\/\/diaura.lt\/","name":"Diaura","description":"Lietuvi\u0173 juvelyr\u0173 rank\u0173 darbo sidabro gaminiai puo\u0161ti mineralais","publisher":{"@id":"https:\/\/diaura.lt\/#organization"},"potentialAction":[{"@type":"SearchAction","target":{"@type":"EntryPoint","urlTemplate":"https:\/\/diaura.lt\/?s={search_term_string}"},"query-input":{"@type":"PropertyValueSpecification","valueRequired":true,"valueName":"search_term_string"}}],"inLanguage":"en-US"},{"@type":"Organization","@id":"https:\/\/diaura.lt\/#organization","name":"Diaura","alternateName":"Sidabriniai Druskinink\u0173 papuo\u0161alai","url":"https:\/\/diaura.lt\/","logo":{"@type":"ImageObject","inLanguage":"en-US","@id":"https:\/\/diaura.lt\/#\/schema\/logo\/image\/","url":"https:\/\/diaura.lt\/wp-content\/uploads\/2020\/10\/logo1.png","contentUrl":"https:\/\/diaura.lt\/wp-content\/uploads\/2020\/10\/logo1.png","width":983,"height":323,"caption":"Diaura"},"image":{"@id":"https:\/\/diaura.lt\/#\/schema\/logo\/image\/"},"sameAs":["https:\/\/www.facebook.com\/diaura.lt","https:\/\/www.instagram.com\/diaura.lt"]}]}},"_links":{"self":[{"href":"https:\/\/diaura.lt\/en\/wp-json\/wp\/v2\/product\/11758","targetHints":{"allow":["GET"]}}],"collection":[{"href":"https:\/\/diaura.lt\/en\/wp-json\/wp\/v2\/product"}],"about":[{"href":"https:\/\/diaura.lt\/en\/wp-json\/wp\/v2\/types\/product"}],"wp:featuredmedia":[{"embeddable":true,"href":"https:\/\/diaura.lt\/en\/wp-json\/wp\/v2\/media\/11756"}],"wp:attachment":[{"href":"https:\/\/diaura.lt\/en\/wp-json\/wp\/v2\/media?parent=11758"}],"wp:term":[{"taxonomy":"product_brand","embeddable":true,"href":"https:\/\/diaura.lt\/en\/wp-json\/wp\/v2\/product_brand?post=11758"},{"taxonomy":"product_cat","embeddable":true,"href":"https:\/\/diaura.lt\/en\/wp-json\/wp\/v2\/product_cat?post=11758"},{"taxonomy":"product_tag","embeddable":true,"href":"https:\/\/diaura.lt\/en\/wp-json\/wp\/v2\/product_tag?post=11758"},{"taxonomy":"giftcard-category","embeddable":true,"href":"https:\/\/diaura.lt\/en\/wp-json\/wp\/v2\/giftcard-category?post=11758"}],"curies":[{"name":"wp","href":"https:\/\/api.w.org\/{rel}","templated":true}]}}