{"id":11798,"date":"2024-06-10T10:29:44","date_gmt":"2024-06-10T12:29:44","guid":{"rendered":"https:\/\/diaura.lt\/product\/auskarai-menuliukai\/"},"modified":"2026-02-12T17:55:48","modified_gmt":"2026-02-12T19:55:48","slug":"auskarai-menuliukai","status":"publish","type":"product","link":"https:\/\/diaura.lt\/en\/produktas\/auskarai-menuliukai\/","title":{"rendered":"Auskarai &#8220;M\u0117nuliukas&#8221;"},"content":{"rendered":"<ul>\n<li>Sidabras 925<\/li>\n<li>Rank\u0173 darbo pusm\u0117nulio formos sidabro auskarai<\/li>\n<li>Svoris: 0,9 g. (kiekvieno gaminio svoris gali ne\u017eymiai skirtis)<\/li>\n<li>U\u017esegimo tipas: vinukai<\/li>\n<\/ul>\n","protected":false},"excerpt":{"rendered":"<p>Sidabras 925 Rank\u0173 darbo pusm\u0117nulio formos sidabro auskarai Svoris: 0,9 g. (kiekvieno gaminio svoris gali ne\u017eymiai skirtis) U\u017esegimo tipas: vinukai<\/p>\n","protected":false},"featured_media":11785,"template":"","meta":[],"product_brand":[],"product_cat":[69,65],"product_tag":[73,93,374,369],"giftcard-category":[],"class_list":{"0":"post-11798","1":"product","2":"type-product","3":"status-publish","4":"has-post-thumbnail","6":"product_cat-earrings-en","7":"product_cat-products-en","8":"product_tag-earrings-for-women","9":"product_tag-jewellery-with-moon","10":"product_tag-ranku-darbo-papuosalai-en","11":"product_tag-sidabriniai-auskarai-en","13":"first","14":"instock","15":"shipping-taxable","16":"purchasable","17":"product-type-simple"},"yoast_head":"<!-- This site is optimized with the Yoast SEO plugin v26.5 - https:\/\/yoast.com\/wordpress\/plugins\/seo\/ -->\n<title>Auskarai &quot;M\u0117nuliukas&quot; - diaura.lt<\/title>\n<meta name=\"description\" content=\"Auskarai &quot;M\u0117nuliukas&quot;. Sidabras 925  Rank\u0173 darbo pusm\u0117nulio formos sidabro auskarai  Svoris: 0,9 g. (kiekvieno gaminio svoris gali ne\u017eymiai skirtis)  U\u017esegimo tipas: vinukai\" \/>\n<meta name=\"robots\" content=\"index, follow, max-snippet:-1, max-image-preview:large, max-video-preview:-1\" \/>\n<link rel=\"canonical\" href=\"https:\/\/diaura.lt\/en\/produktas\/auskarai-menuliukai\/\" \/>\n<meta property=\"og:locale\" content=\"en_US\" \/>\n<meta property=\"og:type\" content=\"article\" \/>\n<meta property=\"og:title\" content=\"Auskarai &quot;M\u0117nuliukas&quot; - diaura.lt\" \/>\n<meta property=\"og:description\" content=\"Auskarai &quot;M\u0117nuliukas&quot;. Sidabras 925  Rank\u0173 darbo pusm\u0117nulio formos sidabro auskarai  Svoris: 0,9 g. (kiekvieno gaminio svoris gali ne\u017eymiai skirtis)  U\u017esegimo tipas: vinukai\" \/>\n<meta property=\"og:url\" content=\"https:\/\/diaura.lt\/en\/produktas\/auskarai-menuliukai\/\" \/>\n<meta property=\"og:site_name\" content=\"diaura.lt\" \/>\n<meta property=\"article:publisher\" content=\"https:\/\/www.facebook.com\/diaura.lt\" \/>\n<meta property=\"article:modified_time\" content=\"2026-02-12T19:55:48+00:00\" \/>\n<meta property=\"og:image\" content=\"https:\/\/diaura.lt\/wp-content\/uploads\/2024\/06\/IMG_7336_Fotor-1024x682.png\" \/>\n\t<meta property=\"og:image:width\" content=\"1024\" \/>\n\t<meta property=\"og:image:height\" content=\"682\" \/>\n\t<meta property=\"og:image:type\" content=\"image\/png\" \/>\n<meta name=\"twitter:card\" content=\"summary_large_image\" \/>\n<!-- \/ Yoast SEO plugin. -->","yoast_head_json":{"title":"Auskarai \"M\u0117nuliukas\" - diaura.lt","description":"Auskarai \"M\u0117nuliukas\". Sidabras 925  Rank\u0173 darbo pusm\u0117nulio formos sidabro auskarai  Svoris: 0,9 g. (kiekvieno gaminio svoris gali ne\u017eymiai skirtis)  U\u017esegimo tipas: vinukai","robots":{"index":"index","follow":"follow","max-snippet":"max-snippet:-1","max-image-preview":"max-image-preview:large","max-video-preview":"max-video-preview:-1"},"canonical":"https:\/\/diaura.lt\/en\/produktas\/auskarai-menuliukai\/","og_locale":"en_US","og_type":"article","og_title":"Auskarai \"M\u0117nuliukas\" - diaura.lt","og_description":"Auskarai \"M\u0117nuliukas\". Sidabras 925  Rank\u0173 darbo pusm\u0117nulio formos sidabro auskarai  Svoris: 0,9 g. (kiekvieno gaminio svoris gali ne\u017eymiai skirtis)  U\u017esegimo tipas: vinukai","og_url":"https:\/\/diaura.lt\/en\/produktas\/auskarai-menuliukai\/","og_site_name":"diaura.lt","article_publisher":"https:\/\/www.facebook.com\/diaura.lt","article_modified_time":"2026-02-12T19:55:48+00:00","og_image":[{"width":1024,"height":682,"url":"https:\/\/diaura.lt\/wp-content\/uploads\/2024\/06\/IMG_7336_Fotor-1024x682.png","type":"image\/png"}],"twitter_card":"summary_large_image","schema":{"@context":"https:\/\/schema.org","@graph":[{"@type":"WebPage","@id":"https:\/\/diaura.lt\/en\/produktas\/auskarai-menuliukai\/","url":"https:\/\/diaura.lt\/en\/produktas\/auskarai-menuliukai\/","name":"Auskarai \"M\u0117nuliukas\" - diaura.lt","isPartOf":{"@id":"https:\/\/diaura.lt\/#website"},"primaryImageOfPage":{"@id":"https:\/\/diaura.lt\/en\/produktas\/auskarai-menuliukai\/#primaryimage"},"image":{"@id":"https:\/\/diaura.lt\/en\/produktas\/auskarai-menuliukai\/#primaryimage"},"thumbnailUrl":"https:\/\/diaura.lt\/wp-content\/uploads\/2024\/06\/IMG_7336_Fotor.png","datePublished":"2024-06-10T12:29:44+00:00","dateModified":"2026-02-12T19:55:48+00:00","description":"Auskarai \"M\u0117nuliukas\". Sidabras 925 Rank\u0173 darbo pusm\u0117nulio formos sidabro auskarai Svoris: 0,9 g. (kiekvieno gaminio svoris gali ne\u017eymiai skirtis) U\u017esegimo tipas: vinukai","breadcrumb":{"@id":"https:\/\/diaura.lt\/en\/produktas\/auskarai-menuliukai\/#breadcrumb"},"inLanguage":"en-US","potentialAction":[{"@type":"ReadAction","target":["https:\/\/diaura.lt\/en\/produktas\/auskarai-menuliukai\/"]}]},{"@type":"ImageObject","inLanguage":"en-US","@id":"https:\/\/diaura.lt\/en\/produktas\/auskarai-menuliukai\/#primaryimage","url":"https:\/\/diaura.lt\/wp-content\/uploads\/2024\/06\/IMG_7336_Fotor.png","contentUrl":"https:\/\/diaura.lt\/wp-content\/uploads\/2024\/06\/IMG_7336_Fotor.png","width":2048,"height":1363},{"@type":"BreadcrumbList","@id":"https:\/\/diaura.lt\/en\/produktas\/auskarai-menuliukai\/#breadcrumb","itemListElement":[{"@type":"ListItem","position":1,"name":"Diaura","item":"https:\/\/diaura.lt\/en\/home-jewellery\/"},{"@type":"ListItem","position":2,"name":"Shop","item":"https:\/\/diaura.lt\/en\/shop\/"},{"@type":"ListItem","position":3,"name":"Auskarai &#8220;M\u0117nuliukas&#8221;"}]},{"@type":"WebSite","@id":"https:\/\/diaura.lt\/#website","url":"https:\/\/diaura.lt\/","name":"Diaura","description":"Lietuvi\u0173 juvelyr\u0173 rank\u0173 darbo sidabro gaminiai puo\u0161ti mineralais","publisher":{"@id":"https:\/\/diaura.lt\/#organization"},"potentialAction":[{"@type":"SearchAction","target":{"@type":"EntryPoint","urlTemplate":"https:\/\/diaura.lt\/?s={search_term_string}"},"query-input":{"@type":"PropertyValueSpecification","valueRequired":true,"valueName":"search_term_string"}}],"inLanguage":"en-US"},{"@type":"Organization","@id":"https:\/\/diaura.lt\/#organization","name":"Diaura","alternateName":"Sidabriniai Druskinink\u0173 papuo\u0161alai","url":"https:\/\/diaura.lt\/","logo":{"@type":"ImageObject","inLanguage":"en-US","@id":"https:\/\/diaura.lt\/#\/schema\/logo\/image\/","url":"https:\/\/diaura.lt\/wp-content\/uploads\/2020\/10\/logo1.png","contentUrl":"https:\/\/diaura.lt\/wp-content\/uploads\/2020\/10\/logo1.png","width":983,"height":323,"caption":"Diaura"},"image":{"@id":"https:\/\/diaura.lt\/#\/schema\/logo\/image\/"},"sameAs":["https:\/\/www.facebook.com\/diaura.lt","https:\/\/www.instagram.com\/diaura.lt"]}]}},"_links":{"self":[{"href":"https:\/\/diaura.lt\/en\/wp-json\/wp\/v2\/product\/11798","targetHints":{"allow":["GET"]}}],"collection":[{"href":"https:\/\/diaura.lt\/en\/wp-json\/wp\/v2\/product"}],"about":[{"href":"https:\/\/diaura.lt\/en\/wp-json\/wp\/v2\/types\/product"}],"wp:featuredmedia":[{"embeddable":true,"href":"https:\/\/diaura.lt\/en\/wp-json\/wp\/v2\/media\/11785"}],"wp:attachment":[{"href":"https:\/\/diaura.lt\/en\/wp-json\/wp\/v2\/media?parent=11798"}],"wp:term":[{"taxonomy":"product_brand","embeddable":true,"href":"https:\/\/diaura.lt\/en\/wp-json\/wp\/v2\/product_brand?post=11798"},{"taxonomy":"product_cat","embeddable":true,"href":"https:\/\/diaura.lt\/en\/wp-json\/wp\/v2\/product_cat?post=11798"},{"taxonomy":"product_tag","embeddable":true,"href":"https:\/\/diaura.lt\/en\/wp-json\/wp\/v2\/product_tag?post=11798"},{"taxonomy":"giftcard-category","embeddable":true,"href":"https:\/\/diaura.lt\/en\/wp-json\/wp\/v2\/giftcard-category?post=11798"}],"curies":[{"name":"wp","href":"https:\/\/api.w.org\/{rel}","templated":true}]}}