{"id":11800,"date":"2024-06-10T10:43:29","date_gmt":"2024-06-10T12:43:29","guid":{"rendered":"https:\/\/diaura.lt\/product\/kaklo-papuosalas-menuliukas\/"},"modified":"2025-10-12T14:30:36","modified_gmt":"2025-10-12T16:30:36","slug":"kaklo-papuosalas-menuliukas","status":"publish","type":"product","link":"https:\/\/diaura.lt\/en\/produktas\/kaklo-papuosalas-menuliukas\/","title":{"rendered":"Kaklo papuo\u0161alas &#8220;M\u0117nuliukas&#8221;"},"content":{"rendered":"<ul>\n<li>Sidabras 925<\/li>\n<li>M\u0117nuliuko diametras 1 cm.<\/li>\n<li>Svoris: 2,10 g. (kiekvieno gaminio svoris gali ne\u017eymiai skirtis)<\/li>\n<li>Ilgis: 43 cm. + 4 cm. (prailginimas)<\/li>\n<\/ul>\n","protected":false},"excerpt":{"rendered":"<p>Sidabras 925 M\u0117nuliuko diametras 1 cm. Svoris: 2,10 g. (kiekvieno gaminio svoris gali ne\u017eymiai skirtis) Ilgis: 43 cm. + 4<\/p>\n","protected":false},"featured_media":11791,"template":"","meta":[],"product_brand":[],"product_cat":[132,65],"product_tag":[374],"giftcard-category":[],"class_list":{"0":"post-11800","1":"product","2":"type-product","3":"status-publish","4":"has-post-thumbnail","6":"product_cat-chains-necklaces-en","7":"product_cat-products-en","8":"product_tag-ranku-darbo-papuosalai-en","10":"first","11":"instock","12":"shipping-taxable","13":"purchasable","14":"product-type-simple"},"yoast_head":"<!-- This site is optimized with the Yoast SEO plugin v26.5 - https:\/\/yoast.com\/wordpress\/plugins\/seo\/ -->\n<title>Kaklo papuo\u0161alas &quot;M\u0117nuliukas&quot; - diaura.lt<\/title>\n<meta name=\"description\" content=\"Kaklo papuo\u0161alas &quot;M\u0117nuliukas&quot;. Sidabras 925  M\u0117nuliuko diametras 1 cm.  Svoris: 2,10 g. (kiekvieno gaminio svoris gali ne\u017eymiai skirtis)  Ilgis: 43 cm. + 4 cm. (prailginimas)\" \/>\n<meta name=\"robots\" content=\"index, follow, max-snippet:-1, max-image-preview:large, max-video-preview:-1\" \/>\n<link rel=\"canonical\" href=\"https:\/\/diaura.lt\/en\/produktas\/kaklo-papuosalas-menuliukas\/\" \/>\n<meta property=\"og:locale\" content=\"en_US\" \/>\n<meta property=\"og:type\" content=\"article\" \/>\n<meta property=\"og:title\" content=\"Kaklo papuo\u0161alas &quot;M\u0117nuliukas&quot; - diaura.lt\" \/>\n<meta property=\"og:description\" content=\"Kaklo papuo\u0161alas &quot;M\u0117nuliukas&quot;. Sidabras 925  M\u0117nuliuko diametras 1 cm.  Svoris: 2,10 g. (kiekvieno gaminio svoris gali ne\u017eymiai skirtis)  Ilgis: 43 cm. + 4 cm. (prailginimas)\" \/>\n<meta property=\"og:url\" content=\"https:\/\/diaura.lt\/en\/produktas\/kaklo-papuosalas-menuliukas\/\" \/>\n<meta property=\"og:site_name\" content=\"diaura.lt\" \/>\n<meta property=\"article:publisher\" content=\"https:\/\/www.facebook.com\/diaura.lt\" \/>\n<meta property=\"article:modified_time\" content=\"2025-10-12T16:30:36+00:00\" \/>\n<meta property=\"og:image\" content=\"https:\/\/diaura.lt\/wp-content\/uploads\/2024\/06\/IMG_7339_Fotor-1024x682.png\" \/>\n\t<meta property=\"og:image:width\" content=\"1024\" \/>\n\t<meta property=\"og:image:height\" content=\"682\" \/>\n\t<meta property=\"og:image:type\" content=\"image\/png\" \/>\n<meta name=\"twitter:card\" content=\"summary_large_image\" \/>\n<!-- \/ Yoast SEO plugin. -->","yoast_head_json":{"title":"Kaklo papuo\u0161alas \"M\u0117nuliukas\" - diaura.lt","description":"Kaklo papuo\u0161alas \"M\u0117nuliukas\". Sidabras 925  M\u0117nuliuko diametras 1 cm.  Svoris: 2,10 g. (kiekvieno gaminio svoris gali ne\u017eymiai skirtis)  Ilgis: 43 cm. + 4 cm. (prailginimas)","robots":{"index":"index","follow":"follow","max-snippet":"max-snippet:-1","max-image-preview":"max-image-preview:large","max-video-preview":"max-video-preview:-1"},"canonical":"https:\/\/diaura.lt\/en\/produktas\/kaklo-papuosalas-menuliukas\/","og_locale":"en_US","og_type":"article","og_title":"Kaklo papuo\u0161alas \"M\u0117nuliukas\" - diaura.lt","og_description":"Kaklo papuo\u0161alas \"M\u0117nuliukas\". Sidabras 925  M\u0117nuliuko diametras 1 cm.  Svoris: 2,10 g. (kiekvieno gaminio svoris gali ne\u017eymiai skirtis)  Ilgis: 43 cm. + 4 cm. (prailginimas)","og_url":"https:\/\/diaura.lt\/en\/produktas\/kaklo-papuosalas-menuliukas\/","og_site_name":"diaura.lt","article_publisher":"https:\/\/www.facebook.com\/diaura.lt","article_modified_time":"2025-10-12T16:30:36+00:00","og_image":[{"width":1024,"height":682,"url":"https:\/\/diaura.lt\/wp-content\/uploads\/2024\/06\/IMG_7339_Fotor-1024x682.png","type":"image\/png"}],"twitter_card":"summary_large_image","schema":{"@context":"https:\/\/schema.org","@graph":[{"@type":"WebPage","@id":"https:\/\/diaura.lt\/en\/produktas\/kaklo-papuosalas-menuliukas\/","url":"https:\/\/diaura.lt\/en\/produktas\/kaklo-papuosalas-menuliukas\/","name":"Kaklo papuo\u0161alas \"M\u0117nuliukas\" - diaura.lt","isPartOf":{"@id":"https:\/\/diaura.lt\/#website"},"primaryImageOfPage":{"@id":"https:\/\/diaura.lt\/en\/produktas\/kaklo-papuosalas-menuliukas\/#primaryimage"},"image":{"@id":"https:\/\/diaura.lt\/en\/produktas\/kaklo-papuosalas-menuliukas\/#primaryimage"},"thumbnailUrl":"https:\/\/diaura.lt\/wp-content\/uploads\/2024\/06\/IMG_7339_Fotor.png","datePublished":"2024-06-10T12:43:29+00:00","dateModified":"2025-10-12T16:30:36+00:00","description":"Kaklo papuo\u0161alas \"M\u0117nuliukas\". Sidabras 925 M\u0117nuliuko diametras 1 cm. Svoris: 2,10 g. (kiekvieno gaminio svoris gali ne\u017eymiai skirtis) Ilgis: 43 cm. + 4 cm. (prailginimas)","breadcrumb":{"@id":"https:\/\/diaura.lt\/en\/produktas\/kaklo-papuosalas-menuliukas\/#breadcrumb"},"inLanguage":"en-US","potentialAction":[{"@type":"ReadAction","target":["https:\/\/diaura.lt\/en\/produktas\/kaklo-papuosalas-menuliukas\/"]}]},{"@type":"ImageObject","inLanguage":"en-US","@id":"https:\/\/diaura.lt\/en\/produktas\/kaklo-papuosalas-menuliukas\/#primaryimage","url":"https:\/\/diaura.lt\/wp-content\/uploads\/2024\/06\/IMG_7339_Fotor.png","contentUrl":"https:\/\/diaura.lt\/wp-content\/uploads\/2024\/06\/IMG_7339_Fotor.png","width":2048,"height":1363},{"@type":"BreadcrumbList","@id":"https:\/\/diaura.lt\/en\/produktas\/kaklo-papuosalas-menuliukas\/#breadcrumb","itemListElement":[{"@type":"ListItem","position":1,"name":"Diaura","item":"https:\/\/diaura.lt\/en\/home-jewellery\/"},{"@type":"ListItem","position":2,"name":"Shop","item":"https:\/\/diaura.lt\/en\/shop\/"},{"@type":"ListItem","position":3,"name":"Kaklo papuo\u0161alas &#8220;M\u0117nuliukas&#8221;"}]},{"@type":"WebSite","@id":"https:\/\/diaura.lt\/#website","url":"https:\/\/diaura.lt\/","name":"Diaura","description":"Lietuvi\u0173 juvelyr\u0173 rank\u0173 darbo sidabro gaminiai puo\u0161ti mineralais","publisher":{"@id":"https:\/\/diaura.lt\/#organization"},"potentialAction":[{"@type":"SearchAction","target":{"@type":"EntryPoint","urlTemplate":"https:\/\/diaura.lt\/?s={search_term_string}"},"query-input":{"@type":"PropertyValueSpecification","valueRequired":true,"valueName":"search_term_string"}}],"inLanguage":"en-US"},{"@type":"Organization","@id":"https:\/\/diaura.lt\/#organization","name":"Diaura","alternateName":"Sidabriniai Druskinink\u0173 papuo\u0161alai","url":"https:\/\/diaura.lt\/","logo":{"@type":"ImageObject","inLanguage":"en-US","@id":"https:\/\/diaura.lt\/#\/schema\/logo\/image\/","url":"https:\/\/diaura.lt\/wp-content\/uploads\/2020\/10\/logo1.png","contentUrl":"https:\/\/diaura.lt\/wp-content\/uploads\/2020\/10\/logo1.png","width":983,"height":323,"caption":"Diaura"},"image":{"@id":"https:\/\/diaura.lt\/#\/schema\/logo\/image\/"},"sameAs":["https:\/\/www.facebook.com\/diaura.lt","https:\/\/www.instagram.com\/diaura.lt"]}]}},"_links":{"self":[{"href":"https:\/\/diaura.lt\/en\/wp-json\/wp\/v2\/product\/11800","targetHints":{"allow":["GET"]}}],"collection":[{"href":"https:\/\/diaura.lt\/en\/wp-json\/wp\/v2\/product"}],"about":[{"href":"https:\/\/diaura.lt\/en\/wp-json\/wp\/v2\/types\/product"}],"wp:featuredmedia":[{"embeddable":true,"href":"https:\/\/diaura.lt\/en\/wp-json\/wp\/v2\/media\/11791"}],"wp:attachment":[{"href":"https:\/\/diaura.lt\/en\/wp-json\/wp\/v2\/media?parent=11800"}],"wp:term":[{"taxonomy":"product_brand","embeddable":true,"href":"https:\/\/diaura.lt\/en\/wp-json\/wp\/v2\/product_brand?post=11800"},{"taxonomy":"product_cat","embeddable":true,"href":"https:\/\/diaura.lt\/en\/wp-json\/wp\/v2\/product_cat?post=11800"},{"taxonomy":"product_tag","embeddable":true,"href":"https:\/\/diaura.lt\/en\/wp-json\/wp\/v2\/product_tag?post=11800"},{"taxonomy":"giftcard-category","embeddable":true,"href":"https:\/\/diaura.lt\/en\/wp-json\/wp\/v2\/giftcard-category?post=11800"}],"curies":[{"name":"wp","href":"https:\/\/api.w.org\/{rel}","templated":true}]}}