{"id":11802,"date":"2024-06-10T10:49:17","date_gmt":"2024-06-10T12:49:17","guid":{"rendered":"https:\/\/diaura.lt\/product\/kaklo-papuosalas-zvaigzdute\/"},"modified":"2026-03-12T10:07:49","modified_gmt":"2026-03-12T12:07:49","slug":"kaklo-papuosalas-zvaigzdute","status":"publish","type":"product","link":"https:\/\/diaura.lt\/en\/produktas\/kaklo-papuosalas-zvaigzdute\/","title":{"rendered":"Kaklo papuo\u0161alas &#8220;\u017dvaig\u017edut\u0117&#8221;"},"content":{"rendered":"<ul>\n<li>Sidabras 925<\/li>\n<li>Rank\u0173 darbo \u017evaig\u017edut\u0117 su smulki\u0173 burbuliuk\u0173 grandin\u0117le<\/li>\n<li>Svoris: 2,25 g. (kiekvieno gaminio svoris gali ne\u017eymiai skirtis)<\/li>\n<li>Ilgis: 41 cm. + 4 cm. (prailginimas)<\/li>\n<li>\u012ed\u0117klas: kubinis cirkonis<\/li>\n<li>Turime nema\u017eai prie \u0161ios grandin\u0117l\u0117s deran\u010di\u0173 gamini\u0173 (\u017er.Pana\u0161\u016bs produktai)<\/li>\n<\/ul>\n","protected":false},"excerpt":{"rendered":"<p>Sidabras 925 Rank\u0173 darbo \u017evaig\u017edut\u0117 su smulki\u0173 burbuliuk\u0173 grandin\u0117le Svoris: 2,25 g. (kiekvieno gaminio svoris gali ne\u017eymiai skirtis) Ilgis: 41<\/p>\n","protected":false},"featured_media":11793,"template":"","meta":[],"product_brand":[],"product_cat":[132,65],"product_tag":[374],"giftcard-category":[],"class_list":{"0":"post-11802","1":"product","2":"type-product","3":"status-publish","4":"has-post-thumbnail","6":"product_cat-chains-necklaces-en","7":"product_cat-products-en","8":"product_tag-ranku-darbo-papuosalai-en","10":"first","11":"instock","12":"shipping-taxable","13":"purchasable","14":"product-type-simple"},"yoast_head":"<!-- This site is optimized with the Yoast SEO plugin v26.5 - https:\/\/yoast.com\/wordpress\/plugins\/seo\/ -->\n<title>Kaklo papuo\u0161alas &quot;\u017dvaig\u017edut\u0117&quot; - diaura.lt<\/title>\n<meta name=\"description\" content=\"Kaklo papuo\u0161alas &quot;\u017dvaig\u017edut\u0117&quot;. Sidabras 925 Rank\u0173 darbo \u017evaig\u017edut\u0117 su smulki\u0173 burbuliuk\u0173 grandin\u0117le Svoris: 2,25 g. (kiekvieno gaminio svoris gali ne\u017eymiai skirtis) Ilgis: 41 cm. + 4\" \/>\n<meta name=\"robots\" content=\"index, follow, max-snippet:-1, max-image-preview:large, max-video-preview:-1\" \/>\n<link rel=\"canonical\" href=\"https:\/\/diaura.lt\/en\/produktas\/kaklo-papuosalas-zvaigzdute\/\" \/>\n<meta property=\"og:locale\" content=\"en_US\" \/>\n<meta property=\"og:type\" content=\"article\" \/>\n<meta property=\"og:title\" content=\"Kaklo papuo\u0161alas &quot;\u017dvaig\u017edut\u0117&quot; - diaura.lt\" \/>\n<meta property=\"og:description\" content=\"Kaklo papuo\u0161alas &quot;\u017dvaig\u017edut\u0117&quot;. Sidabras 925 Rank\u0173 darbo \u017evaig\u017edut\u0117 su smulki\u0173 burbuliuk\u0173 grandin\u0117le Svoris: 2,25 g. (kiekvieno gaminio svoris gali ne\u017eymiai skirtis) Ilgis: 41 cm. + 4\" \/>\n<meta property=\"og:url\" content=\"https:\/\/diaura.lt\/en\/produktas\/kaklo-papuosalas-zvaigzdute\/\" \/>\n<meta property=\"og:site_name\" content=\"diaura.lt\" \/>\n<meta property=\"article:publisher\" content=\"https:\/\/www.facebook.com\/diaura.lt\" \/>\n<meta property=\"article:modified_time\" content=\"2026-03-12T12:07:49+00:00\" \/>\n<meta property=\"og:image\" content=\"https:\/\/diaura.lt\/wp-content\/uploads\/2024\/06\/IMG_7340_Fotor-1024x682.png\" \/>\n\t<meta property=\"og:image:width\" content=\"1024\" \/>\n\t<meta property=\"og:image:height\" content=\"682\" \/>\n\t<meta property=\"og:image:type\" content=\"image\/png\" \/>\n<meta name=\"twitter:card\" content=\"summary_large_image\" \/>\n<!-- \/ Yoast SEO plugin. -->","yoast_head_json":{"title":"Kaklo papuo\u0161alas \"\u017dvaig\u017edut\u0117\" - diaura.lt","description":"Kaklo papuo\u0161alas \"\u017dvaig\u017edut\u0117\". Sidabras 925 Rank\u0173 darbo \u017evaig\u017edut\u0117 su smulki\u0173 burbuliuk\u0173 grandin\u0117le Svoris: 2,25 g. (kiekvieno gaminio svoris gali ne\u017eymiai skirtis) Ilgis: 41 cm. + 4","robots":{"index":"index","follow":"follow","max-snippet":"max-snippet:-1","max-image-preview":"max-image-preview:large","max-video-preview":"max-video-preview:-1"},"canonical":"https:\/\/diaura.lt\/en\/produktas\/kaklo-papuosalas-zvaigzdute\/","og_locale":"en_US","og_type":"article","og_title":"Kaklo papuo\u0161alas \"\u017dvaig\u017edut\u0117\" - diaura.lt","og_description":"Kaklo papuo\u0161alas \"\u017dvaig\u017edut\u0117\". Sidabras 925 Rank\u0173 darbo \u017evaig\u017edut\u0117 su smulki\u0173 burbuliuk\u0173 grandin\u0117le Svoris: 2,25 g. (kiekvieno gaminio svoris gali ne\u017eymiai skirtis) Ilgis: 41 cm. + 4","og_url":"https:\/\/diaura.lt\/en\/produktas\/kaklo-papuosalas-zvaigzdute\/","og_site_name":"diaura.lt","article_publisher":"https:\/\/www.facebook.com\/diaura.lt","article_modified_time":"2026-03-12T12:07:49+00:00","og_image":[{"width":1024,"height":682,"url":"https:\/\/diaura.lt\/wp-content\/uploads\/2024\/06\/IMG_7340_Fotor-1024x682.png","type":"image\/png"}],"twitter_card":"summary_large_image","schema":{"@context":"https:\/\/schema.org","@graph":[{"@type":"WebPage","@id":"https:\/\/diaura.lt\/en\/produktas\/kaklo-papuosalas-zvaigzdute\/","url":"https:\/\/diaura.lt\/en\/produktas\/kaklo-papuosalas-zvaigzdute\/","name":"Kaklo papuo\u0161alas \"\u017dvaig\u017edut\u0117\" - diaura.lt","isPartOf":{"@id":"https:\/\/diaura.lt\/#website"},"primaryImageOfPage":{"@id":"https:\/\/diaura.lt\/en\/produktas\/kaklo-papuosalas-zvaigzdute\/#primaryimage"},"image":{"@id":"https:\/\/diaura.lt\/en\/produktas\/kaklo-papuosalas-zvaigzdute\/#primaryimage"},"thumbnailUrl":"https:\/\/diaura.lt\/wp-content\/uploads\/2024\/06\/IMG_7340_Fotor.png","datePublished":"2024-06-10T12:49:17+00:00","dateModified":"2026-03-12T12:07:49+00:00","description":"Kaklo papuo\u0161alas \"\u017dvaig\u017edut\u0117\". Sidabras 925 Rank\u0173 darbo \u017evaig\u017edut\u0117 su smulki\u0173 burbuliuk\u0173 grandin\u0117le Svoris: 2,25 g. (kiekvieno gaminio svoris gali ne\u017eymiai skirtis) Ilgis: 41 cm. + 4","breadcrumb":{"@id":"https:\/\/diaura.lt\/en\/produktas\/kaklo-papuosalas-zvaigzdute\/#breadcrumb"},"inLanguage":"en-US","potentialAction":[{"@type":"ReadAction","target":["https:\/\/diaura.lt\/en\/produktas\/kaklo-papuosalas-zvaigzdute\/"]}]},{"@type":"ImageObject","inLanguage":"en-US","@id":"https:\/\/diaura.lt\/en\/produktas\/kaklo-papuosalas-zvaigzdute\/#primaryimage","url":"https:\/\/diaura.lt\/wp-content\/uploads\/2024\/06\/IMG_7340_Fotor.png","contentUrl":"https:\/\/diaura.lt\/wp-content\/uploads\/2024\/06\/IMG_7340_Fotor.png","width":2048,"height":1363,"caption":"Sidabriniai papuo\u0161alai. Diaura juvelyrika. Rank\u0173 darbo papuo\u0161alai."},{"@type":"BreadcrumbList","@id":"https:\/\/diaura.lt\/en\/produktas\/kaklo-papuosalas-zvaigzdute\/#breadcrumb","itemListElement":[{"@type":"ListItem","position":1,"name":"Diaura","item":"https:\/\/diaura.lt\/en\/home-jewellery\/"},{"@type":"ListItem","position":2,"name":"Shop","item":"https:\/\/diaura.lt\/en\/shop\/"},{"@type":"ListItem","position":3,"name":"Kaklo papuo\u0161alas &#8220;\u017dvaig\u017edut\u0117&#8221;"}]},{"@type":"WebSite","@id":"https:\/\/diaura.lt\/#website","url":"https:\/\/diaura.lt\/","name":"Diaura","description":"Lietuvi\u0173 juvelyr\u0173 rank\u0173 darbo sidabro gaminiai puo\u0161ti mineralais","publisher":{"@id":"https:\/\/diaura.lt\/#organization"},"potentialAction":[{"@type":"SearchAction","target":{"@type":"EntryPoint","urlTemplate":"https:\/\/diaura.lt\/?s={search_term_string}"},"query-input":{"@type":"PropertyValueSpecification","valueRequired":true,"valueName":"search_term_string"}}],"inLanguage":"en-US"},{"@type":"Organization","@id":"https:\/\/diaura.lt\/#organization","name":"Diaura","alternateName":"Sidabriniai Druskinink\u0173 papuo\u0161alai","url":"https:\/\/diaura.lt\/","logo":{"@type":"ImageObject","inLanguage":"en-US","@id":"https:\/\/diaura.lt\/#\/schema\/logo\/image\/","url":"https:\/\/diaura.lt\/wp-content\/uploads\/2020\/10\/logo1.png","contentUrl":"https:\/\/diaura.lt\/wp-content\/uploads\/2020\/10\/logo1.png","width":983,"height":323,"caption":"Diaura"},"image":{"@id":"https:\/\/diaura.lt\/#\/schema\/logo\/image\/"},"sameAs":["https:\/\/www.facebook.com\/diaura.lt","https:\/\/www.instagram.com\/diaura.lt"]}]}},"_links":{"self":[{"href":"https:\/\/diaura.lt\/en\/wp-json\/wp\/v2\/product\/11802","targetHints":{"allow":["GET"]}}],"collection":[{"href":"https:\/\/diaura.lt\/en\/wp-json\/wp\/v2\/product"}],"about":[{"href":"https:\/\/diaura.lt\/en\/wp-json\/wp\/v2\/types\/product"}],"wp:featuredmedia":[{"embeddable":true,"href":"https:\/\/diaura.lt\/en\/wp-json\/wp\/v2\/media\/11793"}],"wp:attachment":[{"href":"https:\/\/diaura.lt\/en\/wp-json\/wp\/v2\/media?parent=11802"}],"wp:term":[{"taxonomy":"product_brand","embeddable":true,"href":"https:\/\/diaura.lt\/en\/wp-json\/wp\/v2\/product_brand?post=11802"},{"taxonomy":"product_cat","embeddable":true,"href":"https:\/\/diaura.lt\/en\/wp-json\/wp\/v2\/product_cat?post=11802"},{"taxonomy":"product_tag","embeddable":true,"href":"https:\/\/diaura.lt\/en\/wp-json\/wp\/v2\/product_tag?post=11802"},{"taxonomy":"giftcard-category","embeddable":true,"href":"https:\/\/diaura.lt\/en\/wp-json\/wp\/v2\/giftcard-category?post=11802"}],"curies":[{"name":"wp","href":"https:\/\/api.w.org\/{rel}","templated":true}]}}