{"id":11917,"date":"2024-07-12T11:51:11","date_gmt":"2024-07-12T13:51:11","guid":{"rendered":"https:\/\/diaura.lt\/product\/ziedas-svytejimas\/"},"modified":"2025-07-13T12:27:22","modified_gmt":"2025-07-13T14:27:22","slug":"ziedas-svytejimas","status":"publish","type":"product","link":"https:\/\/diaura.lt\/en\/produktas\/ziedas-svytejimas\/","title":{"rendered":"\u017diedas &#8220;\u0160vyt\u0117jimas&#8221;"},"content":{"rendered":"<ul>\n<li>Sidabras 925<\/li>\n<li>Svoris: 8,5 g. (kiekvieno gaminio svoris gali ne\u017eymiai skirtis)<\/li>\n<li>\u017diedo dydis reguliuojamas, tod\u0117l tiks bet kuriam pir\u0161tui<\/li>\n<li>\u012ed\u0117klas: baltas kubinis cirkonis<\/li>\n<li>Kiekvienas \u012fd\u0117klo akmen\u0117lis yra atskirai \u0161lifuotas rankomis, taip sud\u0117liojant unikali\u0105 \u0161vytin\u010di\u0105 mozaik\u0105<\/li>\n<li>Jei n\u0117ra J\u016bs\u0173 dyd\u017eio, para\u0161ykite mums e lai\u0161k\u0105 koks dydis reikalingas<\/li>\n<\/ul>\n","protected":false},"excerpt":{"rendered":"<p>Sidabras 925 Svoris: 8,5 g. (kiekvieno gaminio svoris gali ne\u017eymiai skirtis) \u017diedo dydis reguliuojamas, tod\u0117l tiks bet kuriam pir\u0161tui \u012ed\u0117klas:<\/p>\n","protected":false},"featured_media":11903,"template":"","meta":[],"product_brand":[],"product_cat":[65,66],"product_tag":[374],"giftcard-category":[],"class_list":{"0":"post-11917","1":"product","2":"type-product","3":"status-publish","4":"has-post-thumbnail","6":"product_cat-products-en","7":"product_cat-ziedai-en","8":"product_tag-ranku-darbo-papuosalai-en","10":"first","11":"outofstock","12":"shipping-taxable","13":"purchasable","14":"product-type-variable"},"yoast_head":"<!-- This site is optimized with the Yoast SEO plugin v26.5 - https:\/\/yoast.com\/wordpress\/plugins\/seo\/ -->\n<title>\u017diedas &quot;\u0160vyt\u0117jimas&quot; - diaura.lt<\/title>\n<meta name=\"description\" content=\"\u017diedas &quot;\u0160vyt\u0117jimas&quot;. Sidabras 925 Svoris: 8,5 g. (kiekvieno gaminio svoris gali ne\u017eymiai skirtis) \u017diedo dydis reguliuojamas, tod\u0117l tiks bet kuriam pir\u0161tui \u012ed\u0117klas: baltas\" \/>\n<meta name=\"robots\" content=\"index, follow, max-snippet:-1, max-image-preview:large, max-video-preview:-1\" \/>\n<link rel=\"canonical\" href=\"https:\/\/diaura.lt\/en\/produktas\/ziedas-svytejimas\/\" \/>\n<meta property=\"og:locale\" content=\"en_US\" \/>\n<meta property=\"og:type\" content=\"article\" \/>\n<meta property=\"og:title\" content=\"\u017diedas &quot;\u0160vyt\u0117jimas&quot; - diaura.lt\" \/>\n<meta property=\"og:description\" content=\"\u017diedas &quot;\u0160vyt\u0117jimas&quot;. Sidabras 925 Svoris: 8,5 g. (kiekvieno gaminio svoris gali ne\u017eymiai skirtis) \u017diedo dydis reguliuojamas, tod\u0117l tiks bet kuriam pir\u0161tui \u012ed\u0117klas: baltas\" \/>\n<meta property=\"og:url\" content=\"https:\/\/diaura.lt\/en\/produktas\/ziedas-svytejimas\/\" \/>\n<meta property=\"og:site_name\" content=\"diaura.lt\" \/>\n<meta property=\"article:publisher\" content=\"https:\/\/www.facebook.com\/diaura.lt\" \/>\n<meta property=\"article:modified_time\" content=\"2025-07-13T14:27:22+00:00\" \/>\n<meta property=\"og:image\" content=\"https:\/\/diaura.lt\/wp-content\/uploads\/2024\/07\/IMG_4755_Fotor-scaled.jpg\" \/>\n\t<meta property=\"og:image:width\" content=\"2560\" \/>\n\t<meta property=\"og:image:height\" content=\"1704\" \/>\n\t<meta property=\"og:image:type\" content=\"image\/jpeg\" \/>\n<meta name=\"twitter:card\" content=\"summary_large_image\" \/>\n<!-- \/ Yoast SEO plugin. -->","yoast_head_json":{"title":"\u017diedas \"\u0160vyt\u0117jimas\" - diaura.lt","description":"\u017diedas \"\u0160vyt\u0117jimas\". Sidabras 925 Svoris: 8,5 g. (kiekvieno gaminio svoris gali ne\u017eymiai skirtis) \u017diedo dydis reguliuojamas, tod\u0117l tiks bet kuriam pir\u0161tui \u012ed\u0117klas: baltas","robots":{"index":"index","follow":"follow","max-snippet":"max-snippet:-1","max-image-preview":"max-image-preview:large","max-video-preview":"max-video-preview:-1"},"canonical":"https:\/\/diaura.lt\/en\/produktas\/ziedas-svytejimas\/","og_locale":"en_US","og_type":"article","og_title":"\u017diedas \"\u0160vyt\u0117jimas\" - diaura.lt","og_description":"\u017diedas \"\u0160vyt\u0117jimas\". Sidabras 925 Svoris: 8,5 g. (kiekvieno gaminio svoris gali ne\u017eymiai skirtis) \u017diedo dydis reguliuojamas, tod\u0117l tiks bet kuriam pir\u0161tui \u012ed\u0117klas: baltas","og_url":"https:\/\/diaura.lt\/en\/produktas\/ziedas-svytejimas\/","og_site_name":"diaura.lt","article_publisher":"https:\/\/www.facebook.com\/diaura.lt","article_modified_time":"2025-07-13T14:27:22+00:00","og_image":[{"width":2560,"height":1704,"url":"https:\/\/diaura.lt\/wp-content\/uploads\/2024\/07\/IMG_4755_Fotor-scaled.jpg","type":"image\/jpeg"}],"twitter_card":"summary_large_image","schema":{"@context":"https:\/\/schema.org","@graph":[{"@type":"WebPage","@id":"https:\/\/diaura.lt\/en\/produktas\/ziedas-svytejimas\/","url":"https:\/\/diaura.lt\/en\/produktas\/ziedas-svytejimas\/","name":"\u017diedas \"\u0160vyt\u0117jimas\" - diaura.lt","isPartOf":{"@id":"https:\/\/diaura.lt\/#website"},"primaryImageOfPage":{"@id":"https:\/\/diaura.lt\/en\/produktas\/ziedas-svytejimas\/#primaryimage"},"image":{"@id":"https:\/\/diaura.lt\/en\/produktas\/ziedas-svytejimas\/#primaryimage"},"thumbnailUrl":"https:\/\/diaura.lt\/wp-content\/uploads\/2024\/07\/IMG_4755_Fotor-scaled.jpg","datePublished":"2024-07-12T13:51:11+00:00","dateModified":"2025-07-13T14:27:22+00:00","description":"\u017diedas \"\u0160vyt\u0117jimas\". Sidabras 925 Svoris: 8,5 g. (kiekvieno gaminio svoris gali ne\u017eymiai skirtis) \u017diedo dydis reguliuojamas, tod\u0117l tiks bet kuriam pir\u0161tui \u012ed\u0117klas: baltas","breadcrumb":{"@id":"https:\/\/diaura.lt\/en\/produktas\/ziedas-svytejimas\/#breadcrumb"},"inLanguage":"en-US","potentialAction":[{"@type":"ReadAction","target":["https:\/\/diaura.lt\/en\/produktas\/ziedas-svytejimas\/"]}]},{"@type":"ImageObject","inLanguage":"en-US","@id":"https:\/\/diaura.lt\/en\/produktas\/ziedas-svytejimas\/#primaryimage","url":"https:\/\/diaura.lt\/wp-content\/uploads\/2024\/07\/IMG_4755_Fotor-scaled.jpg","contentUrl":"https:\/\/diaura.lt\/wp-content\/uploads\/2024\/07\/IMG_4755_Fotor-scaled.jpg","width":2560,"height":1704,"caption":"Sidabriniai papuo\u0161alai. Diaura juvelyrika. Rank\u0173 darbo papuo\u0161alai."},{"@type":"BreadcrumbList","@id":"https:\/\/diaura.lt\/en\/produktas\/ziedas-svytejimas\/#breadcrumb","itemListElement":[{"@type":"ListItem","position":1,"name":"Diaura","item":"https:\/\/diaura.lt\/en\/home-jewellery\/"},{"@type":"ListItem","position":2,"name":"Shop","item":"https:\/\/diaura.lt\/en\/shop\/"},{"@type":"ListItem","position":3,"name":"\u017diedas &#8220;\u0160vyt\u0117jimas&#8221;"}]},{"@type":"WebSite","@id":"https:\/\/diaura.lt\/#website","url":"https:\/\/diaura.lt\/","name":"Diaura","description":"Lietuvi\u0173 juvelyr\u0173 rank\u0173 darbo sidabro gaminiai puo\u0161ti mineralais","publisher":{"@id":"https:\/\/diaura.lt\/#organization"},"potentialAction":[{"@type":"SearchAction","target":{"@type":"EntryPoint","urlTemplate":"https:\/\/diaura.lt\/?s={search_term_string}"},"query-input":{"@type":"PropertyValueSpecification","valueRequired":true,"valueName":"search_term_string"}}],"inLanguage":"en-US"},{"@type":"Organization","@id":"https:\/\/diaura.lt\/#organization","name":"Diaura","alternateName":"Sidabriniai Druskinink\u0173 papuo\u0161alai","url":"https:\/\/diaura.lt\/","logo":{"@type":"ImageObject","inLanguage":"en-US","@id":"https:\/\/diaura.lt\/#\/schema\/logo\/image\/","url":"https:\/\/diaura.lt\/wp-content\/uploads\/2020\/10\/logo1.png","contentUrl":"https:\/\/diaura.lt\/wp-content\/uploads\/2020\/10\/logo1.png","width":983,"height":323,"caption":"Diaura"},"image":{"@id":"https:\/\/diaura.lt\/#\/schema\/logo\/image\/"},"sameAs":["https:\/\/www.facebook.com\/diaura.lt","https:\/\/www.instagram.com\/diaura.lt"]}]}},"_links":{"self":[{"href":"https:\/\/diaura.lt\/en\/wp-json\/wp\/v2\/product\/11917","targetHints":{"allow":["GET"]}}],"collection":[{"href":"https:\/\/diaura.lt\/en\/wp-json\/wp\/v2\/product"}],"about":[{"href":"https:\/\/diaura.lt\/en\/wp-json\/wp\/v2\/types\/product"}],"wp:featuredmedia":[{"embeddable":true,"href":"https:\/\/diaura.lt\/en\/wp-json\/wp\/v2\/media\/11903"}],"wp:attachment":[{"href":"https:\/\/diaura.lt\/en\/wp-json\/wp\/v2\/media?parent=11917"}],"wp:term":[{"taxonomy":"product_brand","embeddable":true,"href":"https:\/\/diaura.lt\/en\/wp-json\/wp\/v2\/product_brand?post=11917"},{"taxonomy":"product_cat","embeddable":true,"href":"https:\/\/diaura.lt\/en\/wp-json\/wp\/v2\/product_cat?post=11917"},{"taxonomy":"product_tag","embeddable":true,"href":"https:\/\/diaura.lt\/en\/wp-json\/wp\/v2\/product_tag?post=11917"},{"taxonomy":"giftcard-category","embeddable":true,"href":"https:\/\/diaura.lt\/en\/wp-json\/wp\/v2\/giftcard-category?post=11917"}],"curies":[{"name":"wp","href":"https:\/\/api.w.org\/{rel}","templated":true}]}}