{"id":12441,"date":"2024-11-14T13:26:58","date_gmt":"2024-11-14T15:26:58","guid":{"rendered":"https:\/\/diaura.lt\/product\/apyranke-sidabrine-mozaika\/"},"modified":"2025-12-08T10:07:17","modified_gmt":"2025-12-08T12:07:17","slug":"apyranke-sidabrine-mozaika","status":"publish","type":"product","link":"https:\/\/diaura.lt\/en\/produktas\/apyranke-sidabrine-mozaika\/","title":{"rendered":"Apyrank\u0117 &#8220;Sidabrin\u0117 mozaika&#8221;"},"content":{"rendered":"<ul>\n<li>Sidabras 925<\/li>\n<li>Tvirta, originali, rankomis rai\u017eyta tamsinto sidabro apyrank\u0117<\/li>\n<li>Svoris: 15,4 g. (kiekvieno gaminio svoris gali ne\u017eymiai skirtis)<\/li>\n<li>Ilgis: 20,5 cm. + 2,5 cm. (prailginimas)<\/li>\n<li>Turime prie jos deran\u010dius auskarus &#8220;Sidabrin\u0117 mozaika&#8221; ir \u017eied\u0105 &#8220;Ra\u0161t\u0173 keliu&#8221;<\/li>\n<\/ul>\n","protected":false},"excerpt":{"rendered":"<p>Sidabras 925 Tvirta, originali, rankomis rai\u017eyta tamsinto sidabro apyrank\u0117 Svoris: 15,4 g. (kiekvieno gaminio svoris gali ne\u017eymiai skirtis) Ilgis: 20,5<\/p>\n","protected":false},"featured_media":12424,"template":"","meta":[],"product_brand":[],"product_cat":[102,250,65],"product_tag":[374],"giftcard-category":[],"class_list":{"0":"post-12441","1":"product","2":"type-product","3":"status-publish","4":"has-post-thumbnail","6":"product_cat-bracelets-en","7":"product_cat-ispardavimas-en","8":"product_cat-products-en","9":"product_tag-ranku-darbo-papuosalai-en","11":"first","12":"outofstock","13":"sale","14":"shipping-taxable","15":"purchasable","16":"product-type-simple"},"yoast_head":"<!-- This site is optimized with the Yoast SEO plugin v26.5 - https:\/\/yoast.com\/wordpress\/plugins\/seo\/ -->\n<title>Apyrank\u0117 &quot;Sidabrin\u0117 mozaika&quot; - diaura.lt<\/title>\n<meta name=\"description\" content=\"Apyrank\u0117 &quot;Sidabrin\u0117 mozaika&quot;. Sidabras 925 Tvirta, originali, rankomis rai\u017eyta tamsinto sidabro apyrank\u0117 Svoris: 15,4 g. (kiekvieno gaminio svoris gali ne\u017eymiai skirtis) Ilgis: 20,5\" \/>\n<meta name=\"robots\" content=\"index, follow, max-snippet:-1, max-image-preview:large, max-video-preview:-1\" \/>\n<link rel=\"canonical\" href=\"https:\/\/diaura.lt\/en\/produktas\/apyranke-sidabrine-mozaika\/\" \/>\n<meta property=\"og:locale\" content=\"en_US\" \/>\n<meta property=\"og:type\" content=\"article\" \/>\n<meta property=\"og:title\" content=\"Apyrank\u0117 &quot;Sidabrin\u0117 mozaika&quot; - diaura.lt\" \/>\n<meta property=\"og:description\" content=\"Apyrank\u0117 &quot;Sidabrin\u0117 mozaika&quot;. Sidabras 925 Tvirta, originali, rankomis rai\u017eyta tamsinto sidabro apyrank\u0117 Svoris: 15,4 g. (kiekvieno gaminio svoris gali ne\u017eymiai skirtis) Ilgis: 20,5\" \/>\n<meta property=\"og:url\" content=\"https:\/\/diaura.lt\/en\/produktas\/apyranke-sidabrine-mozaika\/\" \/>\n<meta property=\"og:site_name\" content=\"diaura.lt\" \/>\n<meta property=\"article:publisher\" content=\"https:\/\/www.facebook.com\/diaura.lt\" \/>\n<meta property=\"article:modified_time\" content=\"2025-12-08T12:07:17+00:00\" \/>\n<meta property=\"og:image\" content=\"https:\/\/diaura.lt\/wp-content\/uploads\/2024\/11\/IMG_5666_Fotor-scaled.jpg\" \/>\n\t<meta property=\"og:image:width\" content=\"2560\" \/>\n\t<meta property=\"og:image:height\" content=\"1704\" \/>\n\t<meta property=\"og:image:type\" content=\"image\/jpeg\" \/>\n<meta name=\"twitter:card\" content=\"summary_large_image\" \/>\n<!-- \/ Yoast SEO plugin. -->","yoast_head_json":{"title":"Apyrank\u0117 \"Sidabrin\u0117 mozaika\" - diaura.lt","description":"Apyrank\u0117 \"Sidabrin\u0117 mozaika\". Sidabras 925 Tvirta, originali, rankomis rai\u017eyta tamsinto sidabro apyrank\u0117 Svoris: 15,4 g. (kiekvieno gaminio svoris gali ne\u017eymiai skirtis) Ilgis: 20,5","robots":{"index":"index","follow":"follow","max-snippet":"max-snippet:-1","max-image-preview":"max-image-preview:large","max-video-preview":"max-video-preview:-1"},"canonical":"https:\/\/diaura.lt\/en\/produktas\/apyranke-sidabrine-mozaika\/","og_locale":"en_US","og_type":"article","og_title":"Apyrank\u0117 \"Sidabrin\u0117 mozaika\" - diaura.lt","og_description":"Apyrank\u0117 \"Sidabrin\u0117 mozaika\". Sidabras 925 Tvirta, originali, rankomis rai\u017eyta tamsinto sidabro apyrank\u0117 Svoris: 15,4 g. (kiekvieno gaminio svoris gali ne\u017eymiai skirtis) Ilgis: 20,5","og_url":"https:\/\/diaura.lt\/en\/produktas\/apyranke-sidabrine-mozaika\/","og_site_name":"diaura.lt","article_publisher":"https:\/\/www.facebook.com\/diaura.lt","article_modified_time":"2025-12-08T12:07:17+00:00","og_image":[{"width":2560,"height":1704,"url":"https:\/\/diaura.lt\/wp-content\/uploads\/2024\/11\/IMG_5666_Fotor-scaled.jpg","type":"image\/jpeg"}],"twitter_card":"summary_large_image","schema":{"@context":"https:\/\/schema.org","@graph":[{"@type":"WebPage","@id":"https:\/\/diaura.lt\/en\/produktas\/apyranke-sidabrine-mozaika\/","url":"https:\/\/diaura.lt\/en\/produktas\/apyranke-sidabrine-mozaika\/","name":"Apyrank\u0117 \"Sidabrin\u0117 mozaika\" - diaura.lt","isPartOf":{"@id":"https:\/\/diaura.lt\/#website"},"primaryImageOfPage":{"@id":"https:\/\/diaura.lt\/en\/produktas\/apyranke-sidabrine-mozaika\/#primaryimage"},"image":{"@id":"https:\/\/diaura.lt\/en\/produktas\/apyranke-sidabrine-mozaika\/#primaryimage"},"thumbnailUrl":"https:\/\/diaura.lt\/wp-content\/uploads\/2024\/11\/IMG_5666_Fotor-scaled.jpg","datePublished":"2024-11-14T15:26:58+00:00","dateModified":"2025-12-08T12:07:17+00:00","description":"Apyrank\u0117 \"Sidabrin\u0117 mozaika\". Sidabras 925 Tvirta, originali, rankomis rai\u017eyta tamsinto sidabro apyrank\u0117 Svoris: 15,4 g. (kiekvieno gaminio svoris gali ne\u017eymiai skirtis) Ilgis: 20,5","breadcrumb":{"@id":"https:\/\/diaura.lt\/en\/produktas\/apyranke-sidabrine-mozaika\/#breadcrumb"},"inLanguage":"en-US","potentialAction":[{"@type":"ReadAction","target":["https:\/\/diaura.lt\/en\/produktas\/apyranke-sidabrine-mozaika\/"]}]},{"@type":"ImageObject","inLanguage":"en-US","@id":"https:\/\/diaura.lt\/en\/produktas\/apyranke-sidabrine-mozaika\/#primaryimage","url":"https:\/\/diaura.lt\/wp-content\/uploads\/2024\/11\/IMG_5666_Fotor-scaled.jpg","contentUrl":"https:\/\/diaura.lt\/wp-content\/uploads\/2024\/11\/IMG_5666_Fotor-scaled.jpg","width":2560,"height":1704,"caption":"Sidabrinis kolje. Diaura juvelyrika. Druskinink\u0173 sidabras."},{"@type":"BreadcrumbList","@id":"https:\/\/diaura.lt\/en\/produktas\/apyranke-sidabrine-mozaika\/#breadcrumb","itemListElement":[{"@type":"ListItem","position":1,"name":"Diaura","item":"https:\/\/diaura.lt\/en\/home-jewellery\/"},{"@type":"ListItem","position":2,"name":"Shop","item":"https:\/\/diaura.lt\/en\/shop\/"},{"@type":"ListItem","position":3,"name":"Apyrank\u0117 &#8220;Sidabrin\u0117 mozaika&#8221;"}]},{"@type":"WebSite","@id":"https:\/\/diaura.lt\/#website","url":"https:\/\/diaura.lt\/","name":"Diaura","description":"Lietuvi\u0173 juvelyr\u0173 rank\u0173 darbo sidabro gaminiai puo\u0161ti mineralais","publisher":{"@id":"https:\/\/diaura.lt\/#organization"},"potentialAction":[{"@type":"SearchAction","target":{"@type":"EntryPoint","urlTemplate":"https:\/\/diaura.lt\/?s={search_term_string}"},"query-input":{"@type":"PropertyValueSpecification","valueRequired":true,"valueName":"search_term_string"}}],"inLanguage":"en-US"},{"@type":"Organization","@id":"https:\/\/diaura.lt\/#organization","name":"Diaura","alternateName":"Sidabriniai Druskinink\u0173 papuo\u0161alai","url":"https:\/\/diaura.lt\/","logo":{"@type":"ImageObject","inLanguage":"en-US","@id":"https:\/\/diaura.lt\/#\/schema\/logo\/image\/","url":"https:\/\/diaura.lt\/wp-content\/uploads\/2020\/10\/logo1.png","contentUrl":"https:\/\/diaura.lt\/wp-content\/uploads\/2020\/10\/logo1.png","width":983,"height":323,"caption":"Diaura"},"image":{"@id":"https:\/\/diaura.lt\/#\/schema\/logo\/image\/"},"sameAs":["https:\/\/www.facebook.com\/diaura.lt","https:\/\/www.instagram.com\/diaura.lt"]}]}},"_links":{"self":[{"href":"https:\/\/diaura.lt\/en\/wp-json\/wp\/v2\/product\/12441","targetHints":{"allow":["GET"]}}],"collection":[{"href":"https:\/\/diaura.lt\/en\/wp-json\/wp\/v2\/product"}],"about":[{"href":"https:\/\/diaura.lt\/en\/wp-json\/wp\/v2\/types\/product"}],"wp:featuredmedia":[{"embeddable":true,"href":"https:\/\/diaura.lt\/en\/wp-json\/wp\/v2\/media\/12424"}],"wp:attachment":[{"href":"https:\/\/diaura.lt\/en\/wp-json\/wp\/v2\/media?parent=12441"}],"wp:term":[{"taxonomy":"product_brand","embeddable":true,"href":"https:\/\/diaura.lt\/en\/wp-json\/wp\/v2\/product_brand?post=12441"},{"taxonomy":"product_cat","embeddable":true,"href":"https:\/\/diaura.lt\/en\/wp-json\/wp\/v2\/product_cat?post=12441"},{"taxonomy":"product_tag","embeddable":true,"href":"https:\/\/diaura.lt\/en\/wp-json\/wp\/v2\/product_tag?post=12441"},{"taxonomy":"giftcard-category","embeddable":true,"href":"https:\/\/diaura.lt\/en\/wp-json\/wp\/v2\/giftcard-category?post=12441"}],"curies":[{"name":"wp","href":"https:\/\/api.w.org\/{rel}","templated":true}]}}