{"id":12443,"date":"2024-11-14T13:37:04","date_gmt":"2024-11-14T15:37:04","guid":{"rendered":"https:\/\/diaura.lt\/product\/auskarai-dvigubos-zvaigzdutes\/"},"modified":"2026-03-03T09:03:28","modified_gmt":"2026-03-03T11:03:28","slug":"auskarai-dvigubos-zvaigzdutes","status":"publish","type":"product","link":"https:\/\/diaura.lt\/en\/produktas\/auskarai-dvigubos-zvaigzdutes\/","title":{"rendered":"Auskarai &#8220;Dvigubos \u017evaig\u017edut\u0117s&#8221;"},"content":{"rendered":"<ul>\n<li>Sidabras 925<\/li>\n<li>Svoris: 5,45 g. (kiekvieno gaminio svoris gali ne\u017eymiai skirtis)<\/li>\n<li>Ilgis: 2 cm.<\/li>\n<li>Galima ne\u0161ioti tik vir\u0161utin\u0119 \u017evaig\u017edut\u0119 (nu\u0117mus apatin\u0119) arba abi kartu<\/li>\n<li>U\u017efiksuoti \u017evaig\u017ed\u0119 galima 2-jose vietose (auk\u0161\u010diau arba \u017eemiau)<\/li>\n<li>\u012ed\u0117klas: kubinis cirkonis (baltas)<\/li>\n<\/ul>\n","protected":false},"excerpt":{"rendered":"<p>Sidabras 925 Svoris: 5,45 g. (kiekvieno gaminio svoris gali ne\u017eymiai skirtis) Ilgis: 2 cm. Galima ne\u0161ioti tik vir\u0161utin\u0119 \u017evaig\u017edut\u0119 (nu\u0117mus<\/p>\n","protected":false},"featured_media":12438,"template":"","meta":[],"product_brand":[],"product_cat":[69,65],"product_tag":[73,374,369],"giftcard-category":[],"class_list":{"0":"post-12443","1":"product","2":"type-product","3":"status-publish","4":"has-post-thumbnail","6":"product_cat-earrings-en","7":"product_cat-products-en","8":"product_tag-earrings-for-women","9":"product_tag-ranku-darbo-papuosalai-en","10":"product_tag-sidabriniai-auskarai-en","12":"first","13":"instock","14":"shipping-taxable","15":"purchasable","16":"product-type-simple"},"yoast_head":"<!-- This site is optimized with the Yoast SEO plugin v26.5 - https:\/\/yoast.com\/wordpress\/plugins\/seo\/ -->\n<title>Auskarai &quot;Dvigubos \u017evaig\u017edut\u0117s&quot; - diaura.lt<\/title>\n<meta name=\"description\" content=\"Auskarai &quot;Dvigubos \u017evaig\u017edut\u0117s&quot;. Sidabras 925 Svoris: 5,45 g. (kiekvieno gaminio svoris gali ne\u017eymiai skirtis) Ilgis: 2 cm. Galima ne\u0161ioti tik vir\u0161utin\u0119 \u017evaig\u017edut\u0119 (nu\u0117mus apatin\u0119) arba\" \/>\n<meta name=\"robots\" content=\"index, follow, max-snippet:-1, max-image-preview:large, max-video-preview:-1\" \/>\n<link rel=\"canonical\" href=\"https:\/\/diaura.lt\/en\/produktas\/auskarai-dvigubos-zvaigzdutes\/\" \/>\n<meta property=\"og:locale\" content=\"en_US\" \/>\n<meta property=\"og:type\" content=\"article\" \/>\n<meta property=\"og:title\" content=\"Auskarai &quot;Dvigubos \u017evaig\u017edut\u0117s&quot; - diaura.lt\" \/>\n<meta property=\"og:description\" content=\"Auskarai &quot;Dvigubos \u017evaig\u017edut\u0117s&quot;. Sidabras 925 Svoris: 5,45 g. (kiekvieno gaminio svoris gali ne\u017eymiai skirtis) Ilgis: 2 cm. Galima ne\u0161ioti tik vir\u0161utin\u0119 \u017evaig\u017edut\u0119 (nu\u0117mus apatin\u0119) arba\" \/>\n<meta property=\"og:url\" content=\"https:\/\/diaura.lt\/en\/produktas\/auskarai-dvigubos-zvaigzdutes\/\" \/>\n<meta property=\"og:site_name\" content=\"diaura.lt\" \/>\n<meta property=\"article:publisher\" content=\"https:\/\/www.facebook.com\/diaura.lt\" \/>\n<meta property=\"article:modified_time\" content=\"2026-03-03T11:03:28+00:00\" \/>\n<meta property=\"og:image\" content=\"https:\/\/diaura.lt\/wp-content\/uploads\/2024\/11\/IMG_5547_Fotor-1.jpg\" \/>\n\t<meta property=\"og:image:width\" content=\"1500\" \/>\n\t<meta property=\"og:image:height\" content=\"998\" \/>\n\t<meta property=\"og:image:type\" content=\"image\/jpeg\" \/>\n<meta name=\"twitter:card\" content=\"summary_large_image\" \/>\n<!-- \/ Yoast SEO plugin. -->","yoast_head_json":{"title":"Auskarai \"Dvigubos \u017evaig\u017edut\u0117s\" - diaura.lt","description":"Auskarai \"Dvigubos \u017evaig\u017edut\u0117s\". Sidabras 925 Svoris: 5,45 g. (kiekvieno gaminio svoris gali ne\u017eymiai skirtis) Ilgis: 2 cm. Galima ne\u0161ioti tik vir\u0161utin\u0119 \u017evaig\u017edut\u0119 (nu\u0117mus apatin\u0119) arba","robots":{"index":"index","follow":"follow","max-snippet":"max-snippet:-1","max-image-preview":"max-image-preview:large","max-video-preview":"max-video-preview:-1"},"canonical":"https:\/\/diaura.lt\/en\/produktas\/auskarai-dvigubos-zvaigzdutes\/","og_locale":"en_US","og_type":"article","og_title":"Auskarai \"Dvigubos \u017evaig\u017edut\u0117s\" - diaura.lt","og_description":"Auskarai \"Dvigubos \u017evaig\u017edut\u0117s\". Sidabras 925 Svoris: 5,45 g. (kiekvieno gaminio svoris gali ne\u017eymiai skirtis) Ilgis: 2 cm. Galima ne\u0161ioti tik vir\u0161utin\u0119 \u017evaig\u017edut\u0119 (nu\u0117mus apatin\u0119) arba","og_url":"https:\/\/diaura.lt\/en\/produktas\/auskarai-dvigubos-zvaigzdutes\/","og_site_name":"diaura.lt","article_publisher":"https:\/\/www.facebook.com\/diaura.lt","article_modified_time":"2026-03-03T11:03:28+00:00","og_image":[{"width":1500,"height":998,"url":"https:\/\/diaura.lt\/wp-content\/uploads\/2024\/11\/IMG_5547_Fotor-1.jpg","type":"image\/jpeg"}],"twitter_card":"summary_large_image","schema":{"@context":"https:\/\/schema.org","@graph":[{"@type":"WebPage","@id":"https:\/\/diaura.lt\/en\/produktas\/auskarai-dvigubos-zvaigzdutes\/","url":"https:\/\/diaura.lt\/en\/produktas\/auskarai-dvigubos-zvaigzdutes\/","name":"Auskarai \"Dvigubos \u017evaig\u017edut\u0117s\" - diaura.lt","isPartOf":{"@id":"https:\/\/diaura.lt\/#website"},"primaryImageOfPage":{"@id":"https:\/\/diaura.lt\/en\/produktas\/auskarai-dvigubos-zvaigzdutes\/#primaryimage"},"image":{"@id":"https:\/\/diaura.lt\/en\/produktas\/auskarai-dvigubos-zvaigzdutes\/#primaryimage"},"thumbnailUrl":"https:\/\/diaura.lt\/wp-content\/uploads\/2024\/11\/IMG_5547_Fotor-1.jpg","datePublished":"2024-11-14T15:37:04+00:00","dateModified":"2026-03-03T11:03:28+00:00","description":"Auskarai \"Dvigubos \u017evaig\u017edut\u0117s\". Sidabras 925 Svoris: 5,45 g. (kiekvieno gaminio svoris gali ne\u017eymiai skirtis) Ilgis: 2 cm. Galima ne\u0161ioti tik vir\u0161utin\u0119 \u017evaig\u017edut\u0119 (nu\u0117mus apatin\u0119) arba","breadcrumb":{"@id":"https:\/\/diaura.lt\/en\/produktas\/auskarai-dvigubos-zvaigzdutes\/#breadcrumb"},"inLanguage":"en-US","potentialAction":[{"@type":"ReadAction","target":["https:\/\/diaura.lt\/en\/produktas\/auskarai-dvigubos-zvaigzdutes\/"]}]},{"@type":"ImageObject","inLanguage":"en-US","@id":"https:\/\/diaura.lt\/en\/produktas\/auskarai-dvigubos-zvaigzdutes\/#primaryimage","url":"https:\/\/diaura.lt\/wp-content\/uploads\/2024\/11\/IMG_5547_Fotor-1.jpg","contentUrl":"https:\/\/diaura.lt\/wp-content\/uploads\/2024\/11\/IMG_5547_Fotor-1.jpg","width":1500,"height":998,"caption":"Sidabriniai auskarai. Diaura juvelyrika. Druskinink\u0173 sidabras."},{"@type":"BreadcrumbList","@id":"https:\/\/diaura.lt\/en\/produktas\/auskarai-dvigubos-zvaigzdutes\/#breadcrumb","itemListElement":[{"@type":"ListItem","position":1,"name":"Diaura","item":"https:\/\/diaura.lt\/en\/home-jewellery\/"},{"@type":"ListItem","position":2,"name":"Shop","item":"https:\/\/diaura.lt\/en\/shop\/"},{"@type":"ListItem","position":3,"name":"Auskarai &#8220;Dvigubos \u017evaig\u017edut\u0117s&#8221;"}]},{"@type":"WebSite","@id":"https:\/\/diaura.lt\/#website","url":"https:\/\/diaura.lt\/","name":"Diaura","description":"Lietuvi\u0173 juvelyr\u0173 rank\u0173 darbo sidabro gaminiai puo\u0161ti mineralais","publisher":{"@id":"https:\/\/diaura.lt\/#organization"},"potentialAction":[{"@type":"SearchAction","target":{"@type":"EntryPoint","urlTemplate":"https:\/\/diaura.lt\/?s={search_term_string}"},"query-input":{"@type":"PropertyValueSpecification","valueRequired":true,"valueName":"search_term_string"}}],"inLanguage":"en-US"},{"@type":"Organization","@id":"https:\/\/diaura.lt\/#organization","name":"Diaura","alternateName":"Sidabriniai Druskinink\u0173 papuo\u0161alai","url":"https:\/\/diaura.lt\/","logo":{"@type":"ImageObject","inLanguage":"en-US","@id":"https:\/\/diaura.lt\/#\/schema\/logo\/image\/","url":"https:\/\/diaura.lt\/wp-content\/uploads\/2020\/10\/logo1.png","contentUrl":"https:\/\/diaura.lt\/wp-content\/uploads\/2020\/10\/logo1.png","width":983,"height":323,"caption":"Diaura"},"image":{"@id":"https:\/\/diaura.lt\/#\/schema\/logo\/image\/"},"sameAs":["https:\/\/www.facebook.com\/diaura.lt","https:\/\/www.instagram.com\/diaura.lt"]}]}},"_links":{"self":[{"href":"https:\/\/diaura.lt\/en\/wp-json\/wp\/v2\/product\/12443","targetHints":{"allow":["GET"]}}],"collection":[{"href":"https:\/\/diaura.lt\/en\/wp-json\/wp\/v2\/product"}],"about":[{"href":"https:\/\/diaura.lt\/en\/wp-json\/wp\/v2\/types\/product"}],"wp:featuredmedia":[{"embeddable":true,"href":"https:\/\/diaura.lt\/en\/wp-json\/wp\/v2\/media\/12438"}],"wp:attachment":[{"href":"https:\/\/diaura.lt\/en\/wp-json\/wp\/v2\/media?parent=12443"}],"wp:term":[{"taxonomy":"product_brand","embeddable":true,"href":"https:\/\/diaura.lt\/en\/wp-json\/wp\/v2\/product_brand?post=12443"},{"taxonomy":"product_cat","embeddable":true,"href":"https:\/\/diaura.lt\/en\/wp-json\/wp\/v2\/product_cat?post=12443"},{"taxonomy":"product_tag","embeddable":true,"href":"https:\/\/diaura.lt\/en\/wp-json\/wp\/v2\/product_tag?post=12443"},{"taxonomy":"giftcard-category","embeddable":true,"href":"https:\/\/diaura.lt\/en\/wp-json\/wp\/v2\/giftcard-category?post=12443"}],"curies":[{"name":"wp","href":"https:\/\/api.w.org\/{rel}","templated":true}]}}