{"id":12989,"date":"2024-07-17T09:29:31","date_gmt":"2024-07-17T11:29:31","guid":{"rendered":"https:\/\/diaura.lt\/produktas\/ziedas-kubas-su-akimi\/"},"modified":"2025-12-04T08:34:28","modified_gmt":"2025-12-04T10:34:28","slug":"ziedas-kubas-su-akimi","status":"publish","type":"product","link":"https:\/\/diaura.lt\/en\/produktas\/ziedas-kubas-su-akimi\/","title":{"rendered":"\u017diedas &#8220;Kubas su akimi&#8221;"},"content":{"rendered":"<ul>\n<li>Sidabras 925 (baltas ir tamsintas)<\/li>\n<li>Itin tvirtas ir originalus rank\u0173 darbo \u017eiedas, kuris gali b\u016bti derinamas su to paties dizaino auskarais (trumpais arba ilgais) bei kaklo papuo\u0161alu &#8220;Kubas su akimi&#8221;<\/li>\n<li>Svoris: 6,8 g. (kiekvieno gaminio svoris gali ne\u017eymiai skirtis)<\/li>\n<li>\u012ed\u0117klas: baltas kubinis cirkonis<\/li>\n<li>\u0160iuo metu turime ir i\u0161kart galime i\u0161si\u0173sti 18 ir 18,5 dyd\u012f<\/li>\n<li>D\u0116MESIO! Tai yra i\u0161ankstinio u\u017esakymo prek\u0117. Gaminimo laikas gali u\u017etrukti iki 5 darbo dien\u0173, bet paprastai u\u017etrunka 2-3 dienas.:)<\/li>\n<li>Para\u0161ykite info@diaura.lt kokio dyd\u017eio \u017eied\u0105 jums pagaminti<\/li>\n<\/ul>\n","protected":false},"excerpt":{"rendered":"<p>Sidabras 925 (baltas ir tamsintas) Itin tvirtas ir originalus rank\u0173 darbo \u017eiedas, kuris gali b\u016bti derinamas su to paties dizaino<\/p>\n","protected":false},"featured_media":11951,"template":"","meta":[],"product_brand":[],"product_cat":[65,66],"product_tag":[374],"giftcard-category":[],"class_list":{"0":"post-12989","1":"product","2":"type-product","3":"status-publish","4":"has-post-thumbnail","6":"product_cat-products-en","7":"product_cat-ziedai-en","8":"product_tag-ranku-darbo-papuosalai-en","10":"first","11":"instock","12":"sold-individually","13":"shipping-taxable","14":"purchasable","15":"product-type-variable"},"yoast_head":"<!-- This site is optimized with the Yoast SEO plugin v26.5 - https:\/\/yoast.com\/wordpress\/plugins\/seo\/ -->\n<title>\u017diedas &quot;Kubas su akimi&quot; - diaura.lt<\/title>\n<meta name=\"description\" content=\"\u017diedas &quot;Kubas su akimi&quot;. Sidabras 925 (baltas ir tamsintas) Itin tvirtas ir originalus rank\u0173 darbo \u017eiedas, kuris gali b\u016bti derinamas su to paties dizaino auskarais (trumpais arba\" \/>\n<meta name=\"robots\" content=\"index, follow, max-snippet:-1, max-image-preview:large, max-video-preview:-1\" \/>\n<link rel=\"canonical\" href=\"https:\/\/diaura.lt\/en\/produktas\/ziedas-kubas-su-akimi\/\" \/>\n<meta property=\"og:locale\" content=\"en_US\" \/>\n<meta property=\"og:type\" content=\"article\" \/>\n<meta property=\"og:title\" content=\"\u017diedas &quot;Kubas su akimi&quot; - diaura.lt\" \/>\n<meta property=\"og:description\" content=\"\u017diedas &quot;Kubas su akimi&quot;. Sidabras 925 (baltas ir tamsintas) Itin tvirtas ir originalus rank\u0173 darbo \u017eiedas, kuris gali b\u016bti derinamas su to paties dizaino auskarais (trumpais arba\" \/>\n<meta property=\"og:url\" content=\"https:\/\/diaura.lt\/en\/produktas\/ziedas-kubas-su-akimi\/\" \/>\n<meta property=\"og:site_name\" content=\"diaura.lt\" \/>\n<meta property=\"article:publisher\" content=\"https:\/\/www.facebook.com\/diaura.lt\" \/>\n<meta property=\"article:modified_time\" content=\"2025-12-04T10:34:28+00:00\" \/>\n<meta property=\"og:image\" content=\"https:\/\/diaura.lt\/wp-content\/uploads\/2024\/07\/IMG_4823_Fotor-scaled.jpg\" \/>\n\t<meta property=\"og:image:width\" content=\"2560\" \/>\n\t<meta property=\"og:image:height\" content=\"1704\" \/>\n\t<meta property=\"og:image:type\" content=\"image\/jpeg\" \/>\n<meta name=\"twitter:card\" content=\"summary_large_image\" \/>\n<meta name=\"twitter:label1\" content=\"Est. reading time\" \/>\n\t<meta name=\"twitter:data1\" content=\"1 minute\" \/>\n<!-- \/ Yoast SEO plugin. -->","yoast_head_json":{"title":"\u017diedas \"Kubas su akimi\" - diaura.lt","description":"\u017diedas \"Kubas su akimi\". Sidabras 925 (baltas ir tamsintas) Itin tvirtas ir originalus rank\u0173 darbo \u017eiedas, kuris gali b\u016bti derinamas su to paties dizaino auskarais (trumpais arba","robots":{"index":"index","follow":"follow","max-snippet":"max-snippet:-1","max-image-preview":"max-image-preview:large","max-video-preview":"max-video-preview:-1"},"canonical":"https:\/\/diaura.lt\/en\/produktas\/ziedas-kubas-su-akimi\/","og_locale":"en_US","og_type":"article","og_title":"\u017diedas \"Kubas su akimi\" - diaura.lt","og_description":"\u017diedas \"Kubas su akimi\". Sidabras 925 (baltas ir tamsintas) Itin tvirtas ir originalus rank\u0173 darbo \u017eiedas, kuris gali b\u016bti derinamas su to paties dizaino auskarais (trumpais arba","og_url":"https:\/\/diaura.lt\/en\/produktas\/ziedas-kubas-su-akimi\/","og_site_name":"diaura.lt","article_publisher":"https:\/\/www.facebook.com\/diaura.lt","article_modified_time":"2025-12-04T10:34:28+00:00","og_image":[{"width":2560,"height":1704,"url":"https:\/\/diaura.lt\/wp-content\/uploads\/2024\/07\/IMG_4823_Fotor-scaled.jpg","type":"image\/jpeg"}],"twitter_card":"summary_large_image","twitter_misc":{"Est. reading time":"1 minute"},"schema":{"@context":"https:\/\/schema.org","@graph":[{"@type":"WebPage","@id":"https:\/\/diaura.lt\/en\/produktas\/ziedas-kubas-su-akimi\/","url":"https:\/\/diaura.lt\/en\/produktas\/ziedas-kubas-su-akimi\/","name":"\u017diedas \"Kubas su akimi\" - diaura.lt","isPartOf":{"@id":"https:\/\/diaura.lt\/#website"},"primaryImageOfPage":{"@id":"https:\/\/diaura.lt\/en\/produktas\/ziedas-kubas-su-akimi\/#primaryimage"},"image":{"@id":"https:\/\/diaura.lt\/en\/produktas\/ziedas-kubas-su-akimi\/#primaryimage"},"thumbnailUrl":"https:\/\/diaura.lt\/wp-content\/uploads\/2024\/07\/IMG_4823_Fotor-scaled.jpg","datePublished":"2024-07-17T11:29:31+00:00","dateModified":"2025-12-04T10:34:28+00:00","description":"\u017diedas \"Kubas su akimi\". Sidabras 925 (baltas ir tamsintas) Itin tvirtas ir originalus rank\u0173 darbo \u017eiedas, kuris gali b\u016bti derinamas su to paties dizaino auskarais (trumpais arba","breadcrumb":{"@id":"https:\/\/diaura.lt\/en\/produktas\/ziedas-kubas-su-akimi\/#breadcrumb"},"inLanguage":"en-US","potentialAction":[{"@type":"ReadAction","target":["https:\/\/diaura.lt\/en\/produktas\/ziedas-kubas-su-akimi\/"]}]},{"@type":"ImageObject","inLanguage":"en-US","@id":"https:\/\/diaura.lt\/en\/produktas\/ziedas-kubas-su-akimi\/#primaryimage","url":"https:\/\/diaura.lt\/wp-content\/uploads\/2024\/07\/IMG_4823_Fotor-scaled.jpg","contentUrl":"https:\/\/diaura.lt\/wp-content\/uploads\/2024\/07\/IMG_4823_Fotor-scaled.jpg","width":2560,"height":1704,"caption":"Sidabriniai papuo\u0161alai. Diaura juvelyrika. Rank\u0173 darbo papuo\u0161alai."},{"@type":"BreadcrumbList","@id":"https:\/\/diaura.lt\/en\/produktas\/ziedas-kubas-su-akimi\/#breadcrumb","itemListElement":[{"@type":"ListItem","position":1,"name":"Diaura","item":"https:\/\/diaura.lt\/en\/home-jewellery\/"},{"@type":"ListItem","position":2,"name":"Shop","item":"https:\/\/diaura.lt\/en\/shop\/"},{"@type":"ListItem","position":3,"name":"\u017diedas &#8220;Kubas su akimi&#8221;"}]},{"@type":"WebSite","@id":"https:\/\/diaura.lt\/#website","url":"https:\/\/diaura.lt\/","name":"Diaura","description":"Lietuvi\u0173 juvelyr\u0173 rank\u0173 darbo sidabro gaminiai puo\u0161ti mineralais","publisher":{"@id":"https:\/\/diaura.lt\/#organization"},"potentialAction":[{"@type":"SearchAction","target":{"@type":"EntryPoint","urlTemplate":"https:\/\/diaura.lt\/?s={search_term_string}"},"query-input":{"@type":"PropertyValueSpecification","valueRequired":true,"valueName":"search_term_string"}}],"inLanguage":"en-US"},{"@type":"Organization","@id":"https:\/\/diaura.lt\/#organization","name":"Diaura","alternateName":"Sidabriniai Druskinink\u0173 papuo\u0161alai","url":"https:\/\/diaura.lt\/","logo":{"@type":"ImageObject","inLanguage":"en-US","@id":"https:\/\/diaura.lt\/#\/schema\/logo\/image\/","url":"https:\/\/diaura.lt\/wp-content\/uploads\/2020\/10\/logo1.png","contentUrl":"https:\/\/diaura.lt\/wp-content\/uploads\/2020\/10\/logo1.png","width":983,"height":323,"caption":"Diaura"},"image":{"@id":"https:\/\/diaura.lt\/#\/schema\/logo\/image\/"},"sameAs":["https:\/\/www.facebook.com\/diaura.lt","https:\/\/www.instagram.com\/diaura.lt"]}]}},"_links":{"self":[{"href":"https:\/\/diaura.lt\/en\/wp-json\/wp\/v2\/product\/12989","targetHints":{"allow":["GET"]}}],"collection":[{"href":"https:\/\/diaura.lt\/en\/wp-json\/wp\/v2\/product"}],"about":[{"href":"https:\/\/diaura.lt\/en\/wp-json\/wp\/v2\/types\/product"}],"wp:featuredmedia":[{"embeddable":true,"href":"https:\/\/diaura.lt\/en\/wp-json\/wp\/v2\/media\/11951"}],"wp:attachment":[{"href":"https:\/\/diaura.lt\/en\/wp-json\/wp\/v2\/media?parent=12989"}],"wp:term":[{"taxonomy":"product_brand","embeddable":true,"href":"https:\/\/diaura.lt\/en\/wp-json\/wp\/v2\/product_brand?post=12989"},{"taxonomy":"product_cat","embeddable":true,"href":"https:\/\/diaura.lt\/en\/wp-json\/wp\/v2\/product_cat?post=12989"},{"taxonomy":"product_tag","embeddable":true,"href":"https:\/\/diaura.lt\/en\/wp-json\/wp\/v2\/product_tag?post=12989"},{"taxonomy":"giftcard-category","embeddable":true,"href":"https:\/\/diaura.lt\/en\/wp-json\/wp\/v2\/giftcard-category?post=12989"}],"curies":[{"name":"wp","href":"https:\/\/api.w.org\/{rel}","templated":true}]}}