{"id":13132,"date":"2025-03-18T12:30:03","date_gmt":"2025-03-18T14:30:03","guid":{"rendered":"https:\/\/diaura.lt\/produktas\/auskarai-onikso-aura\/"},"modified":"2026-01-07T13:45:27","modified_gmt":"2026-01-07T15:45:27","slug":"auskarai-onikso-aura","status":"publish","type":"product","link":"https:\/\/diaura.lt\/en\/produktas\/auskarai-onikso-aura\/","title":{"rendered":"Auskarai &#8220;Onikso aura&#8221;"},"content":{"rendered":"<ul>\n<li>Sidabras 925 (dengtas rod\u017eiu, tod\u0117l nekeis spalvos)<\/li>\n<li>Svoris: 5,70 g. (kiekvieno gaminio svoris gali ne\u017eymiai skirtis)<\/li>\n<li>\u012ed\u0117klas: oniksas<\/li>\n<li>Auskarus galima lengvai transformuoti &#8211; onikso ratukus nuimti ir ne\u0161ioti tik sidabrinius<\/li>\n<li>U\u017esegimo tipas: angli\u0161kas<\/li>\n<li>Auskaro ilgis 2,2cm.<\/li>\n<\/ul>\n","protected":false},"excerpt":{"rendered":"<p>Sidabras 925 (dengtas rod\u017eiu, tod\u0117l nekeis spalvos) Svoris: 5,70 g. (kiekvieno gaminio svoris gali ne\u017eymiai skirtis) \u012ed\u0117klas: oniksas Auskarus galima<\/p>\n","protected":false},"featured_media":13109,"template":"","meta":[],"product_brand":[],"product_cat":[69,65],"product_tag":[],"giftcard-category":[],"class_list":{"0":"post-13132","1":"product","2":"type-product","3":"status-publish","4":"has-post-thumbnail","6":"product_cat-earrings-en","7":"product_cat-products-en","9":"first","10":"instock","11":"shipping-taxable","12":"purchasable","13":"product-type-simple"},"yoast_head":"<!-- This site is optimized with the Yoast SEO plugin v26.5 - https:\/\/yoast.com\/wordpress\/plugins\/seo\/ -->\n<title>Auskarai &quot;Onikso aura&quot; - diaura.lt<\/title>\n<meta name=\"description\" content=\"Auskarai &quot;Onikso aura&quot;. Sidabras 925 (dengtas rod\u017eiu, tod\u0117l nekeis spalvos) Svoris: 5,70 g. (kiekvieno gaminio svoris gali ne\u017eymiai skirtis) \u012ed\u0117klas: oniksas Auskarus galima\" \/>\n<meta name=\"robots\" content=\"index, follow, max-snippet:-1, max-image-preview:large, max-video-preview:-1\" \/>\n<link rel=\"canonical\" href=\"https:\/\/diaura.lt\/en\/produktas\/auskarai-onikso-aura\/\" \/>\n<meta property=\"og:locale\" content=\"en_US\" \/>\n<meta property=\"og:type\" content=\"article\" \/>\n<meta property=\"og:title\" content=\"Auskarai &quot;Onikso aura&quot; - diaura.lt\" \/>\n<meta property=\"og:description\" content=\"Auskarai &quot;Onikso aura&quot;. Sidabras 925 (dengtas rod\u017eiu, tod\u0117l nekeis spalvos) Svoris: 5,70 g. (kiekvieno gaminio svoris gali ne\u017eymiai skirtis) \u012ed\u0117klas: oniksas Auskarus galima\" \/>\n<meta property=\"og:url\" content=\"https:\/\/diaura.lt\/en\/produktas\/auskarai-onikso-aura\/\" \/>\n<meta property=\"og:site_name\" content=\"diaura.lt\" \/>\n<meta property=\"article:publisher\" content=\"https:\/\/www.facebook.com\/diaura.lt\" \/>\n<meta property=\"article:modified_time\" content=\"2026-01-07T15:45:27+00:00\" \/>\n<meta property=\"og:image\" content=\"https:\/\/diaura.lt\/wp-content\/uploads\/2025\/03\/IMG_6105_Fotor-scaled.jpg\" \/>\n\t<meta property=\"og:image:width\" content=\"2560\" \/>\n\t<meta property=\"og:image:height\" content=\"1704\" \/>\n\t<meta property=\"og:image:type\" content=\"image\/jpeg\" \/>\n<meta name=\"twitter:card\" content=\"summary_large_image\" \/>\n<!-- \/ Yoast SEO plugin. -->","yoast_head_json":{"title":"Auskarai \"Onikso aura\" - diaura.lt","description":"Auskarai \"Onikso aura\". Sidabras 925 (dengtas rod\u017eiu, tod\u0117l nekeis spalvos) Svoris: 5,70 g. (kiekvieno gaminio svoris gali ne\u017eymiai skirtis) \u012ed\u0117klas: oniksas Auskarus galima","robots":{"index":"index","follow":"follow","max-snippet":"max-snippet:-1","max-image-preview":"max-image-preview:large","max-video-preview":"max-video-preview:-1"},"canonical":"https:\/\/diaura.lt\/en\/produktas\/auskarai-onikso-aura\/","og_locale":"en_US","og_type":"article","og_title":"Auskarai \"Onikso aura\" - diaura.lt","og_description":"Auskarai \"Onikso aura\". Sidabras 925 (dengtas rod\u017eiu, tod\u0117l nekeis spalvos) Svoris: 5,70 g. (kiekvieno gaminio svoris gali ne\u017eymiai skirtis) \u012ed\u0117klas: oniksas Auskarus galima","og_url":"https:\/\/diaura.lt\/en\/produktas\/auskarai-onikso-aura\/","og_site_name":"diaura.lt","article_publisher":"https:\/\/www.facebook.com\/diaura.lt","article_modified_time":"2026-01-07T15:45:27+00:00","og_image":[{"width":2560,"height":1704,"url":"https:\/\/diaura.lt\/wp-content\/uploads\/2025\/03\/IMG_6105_Fotor-scaled.jpg","type":"image\/jpeg"}],"twitter_card":"summary_large_image","schema":{"@context":"https:\/\/schema.org","@graph":[{"@type":"WebPage","@id":"https:\/\/diaura.lt\/en\/produktas\/auskarai-onikso-aura\/","url":"https:\/\/diaura.lt\/en\/produktas\/auskarai-onikso-aura\/","name":"Auskarai \"Onikso aura\" - diaura.lt","isPartOf":{"@id":"https:\/\/diaura.lt\/#website"},"primaryImageOfPage":{"@id":"https:\/\/diaura.lt\/en\/produktas\/auskarai-onikso-aura\/#primaryimage"},"image":{"@id":"https:\/\/diaura.lt\/en\/produktas\/auskarai-onikso-aura\/#primaryimage"},"thumbnailUrl":"https:\/\/diaura.lt\/wp-content\/uploads\/2025\/03\/IMG_6105_Fotor-scaled.jpg","datePublished":"2025-03-18T14:30:03+00:00","dateModified":"2026-01-07T15:45:27+00:00","description":"Auskarai \"Onikso aura\". Sidabras 925 (dengtas rod\u017eiu, tod\u0117l nekeis spalvos) Svoris: 5,70 g. (kiekvieno gaminio svoris gali ne\u017eymiai skirtis) \u012ed\u0117klas: oniksas Auskarus galima","breadcrumb":{"@id":"https:\/\/diaura.lt\/en\/produktas\/auskarai-onikso-aura\/#breadcrumb"},"inLanguage":"en-US","potentialAction":[{"@type":"ReadAction","target":["https:\/\/diaura.lt\/en\/produktas\/auskarai-onikso-aura\/"]}]},{"@type":"ImageObject","inLanguage":"en-US","@id":"https:\/\/diaura.lt\/en\/produktas\/auskarai-onikso-aura\/#primaryimage","url":"https:\/\/diaura.lt\/wp-content\/uploads\/2025\/03\/IMG_6105_Fotor-scaled.jpg","contentUrl":"https:\/\/diaura.lt\/wp-content\/uploads\/2025\/03\/IMG_6105_Fotor-scaled.jpg","width":2560,"height":1704},{"@type":"BreadcrumbList","@id":"https:\/\/diaura.lt\/en\/produktas\/auskarai-onikso-aura\/#breadcrumb","itemListElement":[{"@type":"ListItem","position":1,"name":"Diaura","item":"https:\/\/diaura.lt\/en\/home-jewellery\/"},{"@type":"ListItem","position":2,"name":"Shop","item":"https:\/\/diaura.lt\/en\/shop\/"},{"@type":"ListItem","position":3,"name":"Auskarai &#8220;Onikso aura&#8221;"}]},{"@type":"WebSite","@id":"https:\/\/diaura.lt\/#website","url":"https:\/\/diaura.lt\/","name":"Diaura","description":"Lietuvi\u0173 juvelyr\u0173 rank\u0173 darbo sidabro gaminiai puo\u0161ti mineralais","publisher":{"@id":"https:\/\/diaura.lt\/#organization"},"potentialAction":[{"@type":"SearchAction","target":{"@type":"EntryPoint","urlTemplate":"https:\/\/diaura.lt\/?s={search_term_string}"},"query-input":{"@type":"PropertyValueSpecification","valueRequired":true,"valueName":"search_term_string"}}],"inLanguage":"en-US"},{"@type":"Organization","@id":"https:\/\/diaura.lt\/#organization","name":"Diaura","alternateName":"Sidabriniai Druskinink\u0173 papuo\u0161alai","url":"https:\/\/diaura.lt\/","logo":{"@type":"ImageObject","inLanguage":"en-US","@id":"https:\/\/diaura.lt\/#\/schema\/logo\/image\/","url":"https:\/\/diaura.lt\/wp-content\/uploads\/2020\/10\/logo1.png","contentUrl":"https:\/\/diaura.lt\/wp-content\/uploads\/2020\/10\/logo1.png","width":983,"height":323,"caption":"Diaura"},"image":{"@id":"https:\/\/diaura.lt\/#\/schema\/logo\/image\/"},"sameAs":["https:\/\/www.facebook.com\/diaura.lt","https:\/\/www.instagram.com\/diaura.lt"]}]}},"_links":{"self":[{"href":"https:\/\/diaura.lt\/en\/wp-json\/wp\/v2\/product\/13132","targetHints":{"allow":["GET"]}}],"collection":[{"href":"https:\/\/diaura.lt\/en\/wp-json\/wp\/v2\/product"}],"about":[{"href":"https:\/\/diaura.lt\/en\/wp-json\/wp\/v2\/types\/product"}],"wp:featuredmedia":[{"embeddable":true,"href":"https:\/\/diaura.lt\/en\/wp-json\/wp\/v2\/media\/13109"}],"wp:attachment":[{"href":"https:\/\/diaura.lt\/en\/wp-json\/wp\/v2\/media?parent=13132"}],"wp:term":[{"taxonomy":"product_brand","embeddable":true,"href":"https:\/\/diaura.lt\/en\/wp-json\/wp\/v2\/product_brand?post=13132"},{"taxonomy":"product_cat","embeddable":true,"href":"https:\/\/diaura.lt\/en\/wp-json\/wp\/v2\/product_cat?post=13132"},{"taxonomy":"product_tag","embeddable":true,"href":"https:\/\/diaura.lt\/en\/wp-json\/wp\/v2\/product_tag?post=13132"},{"taxonomy":"giftcard-category","embeddable":true,"href":"https:\/\/diaura.lt\/en\/wp-json\/wp\/v2\/giftcard-category?post=13132"}],"curies":[{"name":"wp","href":"https:\/\/api.w.org\/{rel}","templated":true}]}}