{"id":13155,"date":"2025-03-18T17:31:44","date_gmt":"2025-03-18T19:31:44","guid":{"rendered":"https:\/\/diaura.lt\/produktas\/auskarai-sparnai\/"},"modified":"2026-01-07T13:44:56","modified_gmt":"2026-01-07T15:44:56","slug":"auskarai-sparnai","status":"publish","type":"product","link":"https:\/\/diaura.lt\/en\/produktas\/auskarai-sparnai\/","title":{"rendered":"Auskarai &#8220;Sparnai&#8221;"},"content":{"rendered":"<ul>\n<li>Sidabras 925<\/li>\n<li>Rank\u0173 darbo sidabro auskarai su trimis skirtingomis dalimis sudaran\u010diomis i\u0161skleist\u0173 sparn\u0173 \u012fvaizd\u012f subtiliai atspindi \u0161vies\u0105 ir suteikia elegancijos<\/li>\n<li>Svoris: 3,7 g. (kiekvieno gaminio svoris gali ne\u017eymiai skirtis)<\/li>\n<li>Ilgis: 2 cm.<\/li>\n<li>U\u017esegimo tipas: angli\u0161kas<\/li>\n<\/ul>\n","protected":false},"excerpt":{"rendered":"<p>Sidabras 925 Rank\u0173 darbo sidabro auskarai su trimis skirtingomis dalimis sudaran\u010diomis i\u0161skleist\u0173 sparn\u0173 \u012fvaizd\u012f subtiliai atspindi \u0161vies\u0105 ir suteikia elegancijos<\/p>\n","protected":false},"featured_media":13115,"template":"","meta":[],"product_brand":[],"product_cat":[69,65],"product_tag":[],"giftcard-category":[],"class_list":{"0":"post-13155","1":"product","2":"type-product","3":"status-publish","4":"has-post-thumbnail","6":"product_cat-earrings-en","7":"product_cat-products-en","9":"first","10":"instock","11":"shipping-taxable","12":"purchasable","13":"product-type-simple"},"yoast_head":"<!-- This site is optimized with the Yoast SEO plugin v26.5 - https:\/\/yoast.com\/wordpress\/plugins\/seo\/ -->\n<title>Auskarai &quot;Sparnai&quot; - diaura.lt<\/title>\n<meta name=\"description\" content=\"Auskarai &quot;Sparnai&quot;. Sidabras 925 Rank\u0173 darbo sidabro auskarai su trimis skirtingomis dalimis sudaran\u010diomis i\u0161skleist\u0173 sparn\u0173 \u012fvaizd\u012f subtiliai atspindi \u0161vies\u0105 ir suteikia\" \/>\n<meta name=\"robots\" content=\"index, follow, max-snippet:-1, max-image-preview:large, max-video-preview:-1\" \/>\n<link rel=\"canonical\" href=\"https:\/\/diaura.lt\/en\/produktas\/auskarai-sparnai\/\" \/>\n<meta property=\"og:locale\" content=\"en_US\" \/>\n<meta property=\"og:type\" content=\"article\" \/>\n<meta property=\"og:title\" content=\"Auskarai &quot;Sparnai&quot; - diaura.lt\" \/>\n<meta property=\"og:description\" content=\"Auskarai &quot;Sparnai&quot;. Sidabras 925 Rank\u0173 darbo sidabro auskarai su trimis skirtingomis dalimis sudaran\u010diomis i\u0161skleist\u0173 sparn\u0173 \u012fvaizd\u012f subtiliai atspindi \u0161vies\u0105 ir suteikia\" \/>\n<meta property=\"og:url\" content=\"https:\/\/diaura.lt\/en\/produktas\/auskarai-sparnai\/\" \/>\n<meta property=\"og:site_name\" content=\"diaura.lt\" \/>\n<meta property=\"article:publisher\" content=\"https:\/\/www.facebook.com\/diaura.lt\" \/>\n<meta property=\"article:modified_time\" content=\"2026-01-07T15:44:56+00:00\" \/>\n<meta property=\"og:image\" content=\"https:\/\/diaura.lt\/wp-content\/uploads\/2025\/03\/IMG_6153-2_Fotor-scaled.jpg\" \/>\n\t<meta property=\"og:image:width\" content=\"2560\" \/>\n\t<meta property=\"og:image:height\" content=\"1704\" \/>\n\t<meta property=\"og:image:type\" content=\"image\/jpeg\" \/>\n<meta name=\"twitter:card\" content=\"summary_large_image\" \/>\n<!-- \/ Yoast SEO plugin. -->","yoast_head_json":{"title":"Auskarai \"Sparnai\" - diaura.lt","description":"Auskarai \"Sparnai\". Sidabras 925 Rank\u0173 darbo sidabro auskarai su trimis skirtingomis dalimis sudaran\u010diomis i\u0161skleist\u0173 sparn\u0173 \u012fvaizd\u012f subtiliai atspindi \u0161vies\u0105 ir suteikia","robots":{"index":"index","follow":"follow","max-snippet":"max-snippet:-1","max-image-preview":"max-image-preview:large","max-video-preview":"max-video-preview:-1"},"canonical":"https:\/\/diaura.lt\/en\/produktas\/auskarai-sparnai\/","og_locale":"en_US","og_type":"article","og_title":"Auskarai \"Sparnai\" - diaura.lt","og_description":"Auskarai \"Sparnai\". Sidabras 925 Rank\u0173 darbo sidabro auskarai su trimis skirtingomis dalimis sudaran\u010diomis i\u0161skleist\u0173 sparn\u0173 \u012fvaizd\u012f subtiliai atspindi \u0161vies\u0105 ir suteikia","og_url":"https:\/\/diaura.lt\/en\/produktas\/auskarai-sparnai\/","og_site_name":"diaura.lt","article_publisher":"https:\/\/www.facebook.com\/diaura.lt","article_modified_time":"2026-01-07T15:44:56+00:00","og_image":[{"width":2560,"height":1704,"url":"https:\/\/diaura.lt\/wp-content\/uploads\/2025\/03\/IMG_6153-2_Fotor-scaled.jpg","type":"image\/jpeg"}],"twitter_card":"summary_large_image","schema":{"@context":"https:\/\/schema.org","@graph":[{"@type":"WebPage","@id":"https:\/\/diaura.lt\/en\/produktas\/auskarai-sparnai\/","url":"https:\/\/diaura.lt\/en\/produktas\/auskarai-sparnai\/","name":"Auskarai \"Sparnai\" - diaura.lt","isPartOf":{"@id":"https:\/\/diaura.lt\/#website"},"primaryImageOfPage":{"@id":"https:\/\/diaura.lt\/en\/produktas\/auskarai-sparnai\/#primaryimage"},"image":{"@id":"https:\/\/diaura.lt\/en\/produktas\/auskarai-sparnai\/#primaryimage"},"thumbnailUrl":"https:\/\/diaura.lt\/wp-content\/uploads\/2025\/03\/IMG_6153-2_Fotor-scaled.jpg","datePublished":"2025-03-18T19:31:44+00:00","dateModified":"2026-01-07T15:44:56+00:00","description":"Auskarai \"Sparnai\". Sidabras 925 Rank\u0173 darbo sidabro auskarai su trimis skirtingomis dalimis sudaran\u010diomis i\u0161skleist\u0173 sparn\u0173 \u012fvaizd\u012f subtiliai atspindi \u0161vies\u0105 ir suteikia","breadcrumb":{"@id":"https:\/\/diaura.lt\/en\/produktas\/auskarai-sparnai\/#breadcrumb"},"inLanguage":"en-US","potentialAction":[{"@type":"ReadAction","target":["https:\/\/diaura.lt\/en\/produktas\/auskarai-sparnai\/"]}]},{"@type":"ImageObject","inLanguage":"en-US","@id":"https:\/\/diaura.lt\/en\/produktas\/auskarai-sparnai\/#primaryimage","url":"https:\/\/diaura.lt\/wp-content\/uploads\/2025\/03\/IMG_6153-2_Fotor-scaled.jpg","contentUrl":"https:\/\/diaura.lt\/wp-content\/uploads\/2025\/03\/IMG_6153-2_Fotor-scaled.jpg","width":2560,"height":1704},{"@type":"BreadcrumbList","@id":"https:\/\/diaura.lt\/en\/produktas\/auskarai-sparnai\/#breadcrumb","itemListElement":[{"@type":"ListItem","position":1,"name":"Diaura","item":"https:\/\/diaura.lt\/en\/home-jewellery\/"},{"@type":"ListItem","position":2,"name":"Shop","item":"https:\/\/diaura.lt\/en\/shop\/"},{"@type":"ListItem","position":3,"name":"Auskarai &#8220;Sparnai&#8221;"}]},{"@type":"WebSite","@id":"https:\/\/diaura.lt\/#website","url":"https:\/\/diaura.lt\/","name":"Diaura","description":"Lietuvi\u0173 juvelyr\u0173 rank\u0173 darbo sidabro gaminiai puo\u0161ti mineralais","publisher":{"@id":"https:\/\/diaura.lt\/#organization"},"potentialAction":[{"@type":"SearchAction","target":{"@type":"EntryPoint","urlTemplate":"https:\/\/diaura.lt\/?s={search_term_string}"},"query-input":{"@type":"PropertyValueSpecification","valueRequired":true,"valueName":"search_term_string"}}],"inLanguage":"en-US"},{"@type":"Organization","@id":"https:\/\/diaura.lt\/#organization","name":"Diaura","alternateName":"Sidabriniai Druskinink\u0173 papuo\u0161alai","url":"https:\/\/diaura.lt\/","logo":{"@type":"ImageObject","inLanguage":"en-US","@id":"https:\/\/diaura.lt\/#\/schema\/logo\/image\/","url":"https:\/\/diaura.lt\/wp-content\/uploads\/2020\/10\/logo1.png","contentUrl":"https:\/\/diaura.lt\/wp-content\/uploads\/2020\/10\/logo1.png","width":983,"height":323,"caption":"Diaura"},"image":{"@id":"https:\/\/diaura.lt\/#\/schema\/logo\/image\/"},"sameAs":["https:\/\/www.facebook.com\/diaura.lt","https:\/\/www.instagram.com\/diaura.lt"]}]}},"_links":{"self":[{"href":"https:\/\/diaura.lt\/en\/wp-json\/wp\/v2\/product\/13155","targetHints":{"allow":["GET"]}}],"collection":[{"href":"https:\/\/diaura.lt\/en\/wp-json\/wp\/v2\/product"}],"about":[{"href":"https:\/\/diaura.lt\/en\/wp-json\/wp\/v2\/types\/product"}],"wp:featuredmedia":[{"embeddable":true,"href":"https:\/\/diaura.lt\/en\/wp-json\/wp\/v2\/media\/13115"}],"wp:attachment":[{"href":"https:\/\/diaura.lt\/en\/wp-json\/wp\/v2\/media?parent=13155"}],"wp:term":[{"taxonomy":"product_brand","embeddable":true,"href":"https:\/\/diaura.lt\/en\/wp-json\/wp\/v2\/product_brand?post=13155"},{"taxonomy":"product_cat","embeddable":true,"href":"https:\/\/diaura.lt\/en\/wp-json\/wp\/v2\/product_cat?post=13155"},{"taxonomy":"product_tag","embeddable":true,"href":"https:\/\/diaura.lt\/en\/wp-json\/wp\/v2\/product_tag?post=13155"},{"taxonomy":"giftcard-category","embeddable":true,"href":"https:\/\/diaura.lt\/en\/wp-json\/wp\/v2\/giftcard-category?post=13155"}],"curies":[{"name":"wp","href":"https:\/\/api.w.org\/{rel}","templated":true}]}}