{"id":13218,"date":"2024-06-28T09:28:03","date_gmt":"2024-06-28T11:28:03","guid":{"rendered":"https:\/\/diaura.lt\/produktas\/ziedas-juodasis-menulis-2\/"},"modified":"2025-10-02T09:13:40","modified_gmt":"2025-10-02T11:13:40","slug":"ziedas-juodasis-menulis-2","status":"publish","type":"product","link":"https:\/\/diaura.lt\/en\/produktas\/ziedas-juodasis-menulis-2\/","title":{"rendered":"\u017diedas &#8220;Juodasis m\u0117nulis&#8221;"},"content":{"rendered":"<ul>\n<li>Sidabras 925<\/li>\n<li>\u017diedo dydis universalus ir reguliuojamas, tod\u0117l tiks bet kuriam pir\u0161tui<\/li>\n<li>Itin tvirtas ir originalus rank\u0173 darbo \u017eiedas<\/li>\n<li>Svoris: 10,2 g. (kiekvieno gaminio svoris gali ne\u017eymiai skirtis)<\/li>\n<li>\u012ed\u0117klas: juodasis ir baltasis kubinis cirkonis<\/li>\n<li>Jei pageidaujate, pastaboje \u012fra\u0161ykite kok\u012f \u017eiedo dyd\u012f nureguliuoti<\/li>\n<\/ul>\n","protected":false},"excerpt":{"rendered":"<p>Sidabras 925 \u017diedo dydis universalus ir reguliuojamas, tod\u0117l tiks bet kuriam pir\u0161tui Itin tvirtas ir originalus rank\u0173 darbo \u017eiedas Svoris:<\/p>\n","protected":false},"featured_media":11843,"template":"","meta":[],"product_brand":[],"product_cat":[65,66],"product_tag":[374],"giftcard-category":[],"class_list":{"0":"post-13218","1":"product","2":"type-product","3":"status-publish","4":"has-post-thumbnail","6":"product_cat-products-en","7":"product_cat-ziedai-en","8":"product_tag-ranku-darbo-papuosalai-en","10":"first","11":"instock","12":"shipping-taxable","13":"purchasable","14":"product-type-simple"},"yoast_head":"<!-- This site is optimized with the Yoast SEO plugin v26.5 - https:\/\/yoast.com\/wordpress\/plugins\/seo\/ -->\n<title>\u017diedas &quot;Juodasis m\u0117nulis&quot; - diaura.lt<\/title>\n<meta name=\"description\" content=\"\u017diedas &quot;Juodasis m\u0117nulis&quot;. Sidabras 925 \u017diedo dydis universalus ir reguliuojamas, tod\u0117l tiks bet kuriam pir\u0161tui Itin tvirtas ir originalus rank\u0173 darbo \u017eiedas Svoris: 10,2 g.\" \/>\n<meta name=\"robots\" content=\"index, follow, max-snippet:-1, max-image-preview:large, max-video-preview:-1\" \/>\n<link rel=\"canonical\" href=\"https:\/\/diaura.lt\/en\/produktas\/ziedas-juodasis-menulis-2\/\" \/>\n<meta property=\"og:locale\" content=\"en_US\" \/>\n<meta property=\"og:type\" content=\"article\" \/>\n<meta property=\"og:title\" content=\"\u017diedas &quot;Juodasis m\u0117nulis&quot; - diaura.lt\" \/>\n<meta property=\"og:description\" content=\"\u017diedas &quot;Juodasis m\u0117nulis&quot;. Sidabras 925 \u017diedo dydis universalus ir reguliuojamas, tod\u0117l tiks bet kuriam pir\u0161tui Itin tvirtas ir originalus rank\u0173 darbo \u017eiedas Svoris: 10,2 g.\" \/>\n<meta property=\"og:url\" content=\"https:\/\/diaura.lt\/en\/produktas\/ziedas-juodasis-menulis-2\/\" \/>\n<meta property=\"og:site_name\" content=\"diaura.lt\" \/>\n<meta property=\"article:publisher\" content=\"https:\/\/www.facebook.com\/diaura.lt\" \/>\n<meta property=\"article:modified_time\" content=\"2025-10-02T11:13:40+00:00\" \/>\n<meta property=\"og:image\" content=\"https:\/\/diaura.lt\/wp-content\/uploads\/2024\/06\/IMG_4712_Fotor-scaled.jpg\" \/>\n\t<meta property=\"og:image:width\" content=\"2560\" \/>\n\t<meta property=\"og:image:height\" content=\"1704\" \/>\n\t<meta property=\"og:image:type\" content=\"image\/jpeg\" \/>\n<meta name=\"twitter:card\" content=\"summary_large_image\" \/>\n<meta name=\"twitter:label1\" content=\"Est. reading time\" \/>\n\t<meta name=\"twitter:data1\" content=\"1 minute\" \/>\n<!-- \/ Yoast SEO plugin. -->","yoast_head_json":{"title":"\u017diedas \"Juodasis m\u0117nulis\" - diaura.lt","description":"\u017diedas \"Juodasis m\u0117nulis\". Sidabras 925 \u017diedo dydis universalus ir reguliuojamas, tod\u0117l tiks bet kuriam pir\u0161tui Itin tvirtas ir originalus rank\u0173 darbo \u017eiedas Svoris: 10,2 g.","robots":{"index":"index","follow":"follow","max-snippet":"max-snippet:-1","max-image-preview":"max-image-preview:large","max-video-preview":"max-video-preview:-1"},"canonical":"https:\/\/diaura.lt\/en\/produktas\/ziedas-juodasis-menulis-2\/","og_locale":"en_US","og_type":"article","og_title":"\u017diedas \"Juodasis m\u0117nulis\" - diaura.lt","og_description":"\u017diedas \"Juodasis m\u0117nulis\". Sidabras 925 \u017diedo dydis universalus ir reguliuojamas, tod\u0117l tiks bet kuriam pir\u0161tui Itin tvirtas ir originalus rank\u0173 darbo \u017eiedas Svoris: 10,2 g.","og_url":"https:\/\/diaura.lt\/en\/produktas\/ziedas-juodasis-menulis-2\/","og_site_name":"diaura.lt","article_publisher":"https:\/\/www.facebook.com\/diaura.lt","article_modified_time":"2025-10-02T11:13:40+00:00","og_image":[{"width":2560,"height":1704,"url":"https:\/\/diaura.lt\/wp-content\/uploads\/2024\/06\/IMG_4712_Fotor-scaled.jpg","type":"image\/jpeg"}],"twitter_card":"summary_large_image","twitter_misc":{"Est. reading time":"1 minute"},"schema":{"@context":"https:\/\/schema.org","@graph":[{"@type":"WebPage","@id":"https:\/\/diaura.lt\/en\/produktas\/ziedas-juodasis-menulis-2\/","url":"https:\/\/diaura.lt\/en\/produktas\/ziedas-juodasis-menulis-2\/","name":"\u017diedas \"Juodasis m\u0117nulis\" - diaura.lt","isPartOf":{"@id":"https:\/\/diaura.lt\/#website"},"primaryImageOfPage":{"@id":"https:\/\/diaura.lt\/en\/produktas\/ziedas-juodasis-menulis-2\/#primaryimage"},"image":{"@id":"https:\/\/diaura.lt\/en\/produktas\/ziedas-juodasis-menulis-2\/#primaryimage"},"thumbnailUrl":"https:\/\/diaura.lt\/wp-content\/uploads\/2024\/06\/IMG_4712_Fotor-scaled.jpg","datePublished":"2024-06-28T11:28:03+00:00","dateModified":"2025-10-02T11:13:40+00:00","description":"\u017diedas \"Juodasis m\u0117nulis\". Sidabras 925 \u017diedo dydis universalus ir reguliuojamas, tod\u0117l tiks bet kuriam pir\u0161tui Itin tvirtas ir originalus rank\u0173 darbo \u017eiedas Svoris: 10,2 g.","breadcrumb":{"@id":"https:\/\/diaura.lt\/en\/produktas\/ziedas-juodasis-menulis-2\/#breadcrumb"},"inLanguage":"en-US","potentialAction":[{"@type":"ReadAction","target":["https:\/\/diaura.lt\/en\/produktas\/ziedas-juodasis-menulis-2\/"]}]},{"@type":"ImageObject","inLanguage":"en-US","@id":"https:\/\/diaura.lt\/en\/produktas\/ziedas-juodasis-menulis-2\/#primaryimage","url":"https:\/\/diaura.lt\/wp-content\/uploads\/2024\/06\/IMG_4712_Fotor-scaled.jpg","contentUrl":"https:\/\/diaura.lt\/wp-content\/uploads\/2024\/06\/IMG_4712_Fotor-scaled.jpg","width":2560,"height":1704,"caption":"Sidabriniai papuo\u0161alai. Diaura juvelyrika. Rank\u0173 darbo papuo\u0161alai."},{"@type":"BreadcrumbList","@id":"https:\/\/diaura.lt\/en\/produktas\/ziedas-juodasis-menulis-2\/#breadcrumb","itemListElement":[{"@type":"ListItem","position":1,"name":"Diaura","item":"https:\/\/diaura.lt\/en\/home-jewellery\/"},{"@type":"ListItem","position":2,"name":"Shop","item":"https:\/\/diaura.lt\/en\/shop\/"},{"@type":"ListItem","position":3,"name":"\u017diedas &#8220;Juodasis m\u0117nulis&#8221;"}]},{"@type":"WebSite","@id":"https:\/\/diaura.lt\/#website","url":"https:\/\/diaura.lt\/","name":"Diaura","description":"Lietuvi\u0173 juvelyr\u0173 rank\u0173 darbo sidabro gaminiai puo\u0161ti mineralais","publisher":{"@id":"https:\/\/diaura.lt\/#organization"},"potentialAction":[{"@type":"SearchAction","target":{"@type":"EntryPoint","urlTemplate":"https:\/\/diaura.lt\/?s={search_term_string}"},"query-input":{"@type":"PropertyValueSpecification","valueRequired":true,"valueName":"search_term_string"}}],"inLanguage":"en-US"},{"@type":"Organization","@id":"https:\/\/diaura.lt\/#organization","name":"Diaura","alternateName":"Sidabriniai Druskinink\u0173 papuo\u0161alai","url":"https:\/\/diaura.lt\/","logo":{"@type":"ImageObject","inLanguage":"en-US","@id":"https:\/\/diaura.lt\/#\/schema\/logo\/image\/","url":"https:\/\/diaura.lt\/wp-content\/uploads\/2020\/10\/logo1.png","contentUrl":"https:\/\/diaura.lt\/wp-content\/uploads\/2020\/10\/logo1.png","width":983,"height":323,"caption":"Diaura"},"image":{"@id":"https:\/\/diaura.lt\/#\/schema\/logo\/image\/"},"sameAs":["https:\/\/www.facebook.com\/diaura.lt","https:\/\/www.instagram.com\/diaura.lt"]}]}},"_links":{"self":[{"href":"https:\/\/diaura.lt\/en\/wp-json\/wp\/v2\/product\/13218","targetHints":{"allow":["GET"]}}],"collection":[{"href":"https:\/\/diaura.lt\/en\/wp-json\/wp\/v2\/product"}],"about":[{"href":"https:\/\/diaura.lt\/en\/wp-json\/wp\/v2\/types\/product"}],"wp:featuredmedia":[{"embeddable":true,"href":"https:\/\/diaura.lt\/en\/wp-json\/wp\/v2\/media\/11843"}],"wp:attachment":[{"href":"https:\/\/diaura.lt\/en\/wp-json\/wp\/v2\/media?parent=13218"}],"wp:term":[{"taxonomy":"product_brand","embeddable":true,"href":"https:\/\/diaura.lt\/en\/wp-json\/wp\/v2\/product_brand?post=13218"},{"taxonomy":"product_cat","embeddable":true,"href":"https:\/\/diaura.lt\/en\/wp-json\/wp\/v2\/product_cat?post=13218"},{"taxonomy":"product_tag","embeddable":true,"href":"https:\/\/diaura.lt\/en\/wp-json\/wp\/v2\/product_tag?post=13218"},{"taxonomy":"giftcard-category","embeddable":true,"href":"https:\/\/diaura.lt\/en\/wp-json\/wp\/v2\/giftcard-category?post=13218"}],"curies":[{"name":"wp","href":"https:\/\/api.w.org\/{rel}","templated":true}]}}