{"id":13308,"date":"2025-04-28T12:15:28","date_gmt":"2025-04-28T14:15:28","guid":{"rendered":"https:\/\/diaura.lt\/produktas\/auskarai-debesys-2\/"},"modified":"2025-12-20T13:17:30","modified_gmt":"2025-12-20T15:17:30","slug":"auskarai-debesys-2","status":"publish","type":"product","link":"https:\/\/diaura.lt\/en\/produktas\/auskarai-debesys-2\/","title":{"rendered":"Auskarai &#8220;Debesys&#8221;"},"content":{"rendered":"<ul>\n<li>Sidabras 925<\/li>\n<li>Rank\u0173 darbo auskarai i\u0161 blizgaus auk\u0161\u010diausios prabos sidabro<\/li>\n<li>Svoris: 5,6 g. (kiekvieno gaminio svoris gali ne\u017eymiai skirtis)<\/li>\n<li>Ilgis: \u00a01,8 cm.<\/li>\n<li>U\u017esegimo tipas: angli\u0161kas<\/li>\n<li>Yra tokio paties modelio truput\u012f ma\u017eesni auskarai &#8220;Debes\u0117liai&#8221;<\/li>\n<\/ul>\n","protected":false},"excerpt":{"rendered":"<p>Sidabras 925 Rank\u0173 darbo auskarai i\u0161 blizgaus auk\u0161\u010diausios prabos sidabro Svoris: 5,6 g. (kiekvieno gaminio svoris gali ne\u017eymiai skirtis) Ilgis:<\/p>\n","protected":false},"featured_media":13297,"template":"","meta":[],"product_brand":[],"product_cat":[69,65],"product_tag":[],"giftcard-category":[],"class_list":{"0":"post-13308","1":"product","2":"type-product","3":"status-publish","4":"has-post-thumbnail","6":"product_cat-earrings-en","7":"product_cat-products-en","9":"first","10":"outofstock","11":"shipping-taxable","12":"purchasable","13":"product-type-simple"},"yoast_head":"<!-- This site is optimized with the Yoast SEO plugin v26.5 - https:\/\/yoast.com\/wordpress\/plugins\/seo\/ -->\n<title>Auskarai &quot;Debesys&quot; - diaura.lt<\/title>\n<meta name=\"description\" content=\"Auskarai &quot;Debesys&quot;. Sidabras 925 Rank\u0173 darbo auskarai i\u0161 blizgaus auk\u0161\u010diausios prabos sidabro Svoris: 5,6 g. (kiekvieno gaminio svoris gali ne\u017eymiai skirtis) Ilgis: \u00a01,8 cm.\" \/>\n<meta name=\"robots\" content=\"index, follow, max-snippet:-1, max-image-preview:large, max-video-preview:-1\" \/>\n<link rel=\"canonical\" href=\"https:\/\/diaura.lt\/en\/produktas\/auskarai-debesys-2\/\" \/>\n<meta property=\"og:locale\" content=\"en_US\" \/>\n<meta property=\"og:type\" content=\"article\" \/>\n<meta property=\"og:title\" content=\"Auskarai &quot;Debesys&quot; - diaura.lt\" \/>\n<meta property=\"og:description\" content=\"Auskarai &quot;Debesys&quot;. Sidabras 925 Rank\u0173 darbo auskarai i\u0161 blizgaus auk\u0161\u010diausios prabos sidabro Svoris: 5,6 g. (kiekvieno gaminio svoris gali ne\u017eymiai skirtis) Ilgis: \u00a01,8 cm.\" \/>\n<meta property=\"og:url\" content=\"https:\/\/diaura.lt\/en\/produktas\/auskarai-debesys-2\/\" \/>\n<meta property=\"og:site_name\" content=\"diaura.lt\" \/>\n<meta property=\"article:publisher\" content=\"https:\/\/www.facebook.com\/diaura.lt\" \/>\n<meta property=\"article:modified_time\" content=\"2025-12-20T15:17:30+00:00\" \/>\n<meta property=\"og:image\" content=\"https:\/\/diaura.lt\/wp-content\/uploads\/2025\/04\/8B9A8294-6C69-49BB-AE18-96AA101DCAD7_Fotor.png\" \/>\n\t<meta property=\"og:image:width\" content=\"1024\" \/>\n\t<meta property=\"og:image:height\" content=\"1024\" \/>\n\t<meta property=\"og:image:type\" content=\"image\/png\" \/>\n<meta name=\"twitter:card\" content=\"summary_large_image\" \/>\n<!-- \/ Yoast SEO plugin. -->","yoast_head_json":{"title":"Auskarai \"Debesys\" - diaura.lt","description":"Auskarai \"Debesys\". Sidabras 925 Rank\u0173 darbo auskarai i\u0161 blizgaus auk\u0161\u010diausios prabos sidabro Svoris: 5,6 g. (kiekvieno gaminio svoris gali ne\u017eymiai skirtis) Ilgis: \u00a01,8 cm.","robots":{"index":"index","follow":"follow","max-snippet":"max-snippet:-1","max-image-preview":"max-image-preview:large","max-video-preview":"max-video-preview:-1"},"canonical":"https:\/\/diaura.lt\/en\/produktas\/auskarai-debesys-2\/","og_locale":"en_US","og_type":"article","og_title":"Auskarai \"Debesys\" - diaura.lt","og_description":"Auskarai \"Debesys\". Sidabras 925 Rank\u0173 darbo auskarai i\u0161 blizgaus auk\u0161\u010diausios prabos sidabro Svoris: 5,6 g. (kiekvieno gaminio svoris gali ne\u017eymiai skirtis) Ilgis: \u00a01,8 cm.","og_url":"https:\/\/diaura.lt\/en\/produktas\/auskarai-debesys-2\/","og_site_name":"diaura.lt","article_publisher":"https:\/\/www.facebook.com\/diaura.lt","article_modified_time":"2025-12-20T15:17:30+00:00","og_image":[{"width":1024,"height":1024,"url":"https:\/\/diaura.lt\/wp-content\/uploads\/2025\/04\/8B9A8294-6C69-49BB-AE18-96AA101DCAD7_Fotor.png","type":"image\/png"}],"twitter_card":"summary_large_image","schema":{"@context":"https:\/\/schema.org","@graph":[{"@type":"WebPage","@id":"https:\/\/diaura.lt\/en\/produktas\/auskarai-debesys-2\/","url":"https:\/\/diaura.lt\/en\/produktas\/auskarai-debesys-2\/","name":"Auskarai \"Debesys\" - diaura.lt","isPartOf":{"@id":"https:\/\/diaura.lt\/#website"},"primaryImageOfPage":{"@id":"https:\/\/diaura.lt\/en\/produktas\/auskarai-debesys-2\/#primaryimage"},"image":{"@id":"https:\/\/diaura.lt\/en\/produktas\/auskarai-debesys-2\/#primaryimage"},"thumbnailUrl":"https:\/\/diaura.lt\/wp-content\/uploads\/2025\/04\/8B9A8294-6C69-49BB-AE18-96AA101DCAD7_Fotor.png","datePublished":"2025-04-28T14:15:28+00:00","dateModified":"2025-12-20T15:17:30+00:00","description":"Auskarai \"Debesys\". Sidabras 925 Rank\u0173 darbo auskarai i\u0161 blizgaus auk\u0161\u010diausios prabos sidabro Svoris: 5,6 g. (kiekvieno gaminio svoris gali ne\u017eymiai skirtis) Ilgis: \u00a01,8 cm.","breadcrumb":{"@id":"https:\/\/diaura.lt\/en\/produktas\/auskarai-debesys-2\/#breadcrumb"},"inLanguage":"en-US","potentialAction":[{"@type":"ReadAction","target":["https:\/\/diaura.lt\/en\/produktas\/auskarai-debesys-2\/"]}]},{"@type":"ImageObject","inLanguage":"en-US","@id":"https:\/\/diaura.lt\/en\/produktas\/auskarai-debesys-2\/#primaryimage","url":"https:\/\/diaura.lt\/wp-content\/uploads\/2025\/04\/8B9A8294-6C69-49BB-AE18-96AA101DCAD7_Fotor.png","contentUrl":"https:\/\/diaura.lt\/wp-content\/uploads\/2025\/04\/8B9A8294-6C69-49BB-AE18-96AA101DCAD7_Fotor.png","width":1024,"height":1024},{"@type":"BreadcrumbList","@id":"https:\/\/diaura.lt\/en\/produktas\/auskarai-debesys-2\/#breadcrumb","itemListElement":[{"@type":"ListItem","position":1,"name":"Diaura","item":"https:\/\/diaura.lt\/en\/home-jewellery\/"},{"@type":"ListItem","position":2,"name":"Shop","item":"https:\/\/diaura.lt\/en\/shop\/"},{"@type":"ListItem","position":3,"name":"Auskarai &#8220;Debesys&#8221;"}]},{"@type":"WebSite","@id":"https:\/\/diaura.lt\/#website","url":"https:\/\/diaura.lt\/","name":"Diaura","description":"Lietuvi\u0173 juvelyr\u0173 rank\u0173 darbo sidabro gaminiai puo\u0161ti mineralais","publisher":{"@id":"https:\/\/diaura.lt\/#organization"},"potentialAction":[{"@type":"SearchAction","target":{"@type":"EntryPoint","urlTemplate":"https:\/\/diaura.lt\/?s={search_term_string}"},"query-input":{"@type":"PropertyValueSpecification","valueRequired":true,"valueName":"search_term_string"}}],"inLanguage":"en-US"},{"@type":"Organization","@id":"https:\/\/diaura.lt\/#organization","name":"Diaura","alternateName":"Sidabriniai Druskinink\u0173 papuo\u0161alai","url":"https:\/\/diaura.lt\/","logo":{"@type":"ImageObject","inLanguage":"en-US","@id":"https:\/\/diaura.lt\/#\/schema\/logo\/image\/","url":"https:\/\/diaura.lt\/wp-content\/uploads\/2020\/10\/logo1.png","contentUrl":"https:\/\/diaura.lt\/wp-content\/uploads\/2020\/10\/logo1.png","width":983,"height":323,"caption":"Diaura"},"image":{"@id":"https:\/\/diaura.lt\/#\/schema\/logo\/image\/"},"sameAs":["https:\/\/www.facebook.com\/diaura.lt","https:\/\/www.instagram.com\/diaura.lt"]}]}},"_links":{"self":[{"href":"https:\/\/diaura.lt\/en\/wp-json\/wp\/v2\/product\/13308","targetHints":{"allow":["GET"]}}],"collection":[{"href":"https:\/\/diaura.lt\/en\/wp-json\/wp\/v2\/product"}],"about":[{"href":"https:\/\/diaura.lt\/en\/wp-json\/wp\/v2\/types\/product"}],"wp:featuredmedia":[{"embeddable":true,"href":"https:\/\/diaura.lt\/en\/wp-json\/wp\/v2\/media\/13297"}],"wp:attachment":[{"href":"https:\/\/diaura.lt\/en\/wp-json\/wp\/v2\/media?parent=13308"}],"wp:term":[{"taxonomy":"product_brand","embeddable":true,"href":"https:\/\/diaura.lt\/en\/wp-json\/wp\/v2\/product_brand?post=13308"},{"taxonomy":"product_cat","embeddable":true,"href":"https:\/\/diaura.lt\/en\/wp-json\/wp\/v2\/product_cat?post=13308"},{"taxonomy":"product_tag","embeddable":true,"href":"https:\/\/diaura.lt\/en\/wp-json\/wp\/v2\/product_tag?post=13308"},{"taxonomy":"giftcard-category","embeddable":true,"href":"https:\/\/diaura.lt\/en\/wp-json\/wp\/v2\/giftcard-category?post=13308"}],"curies":[{"name":"wp","href":"https:\/\/api.w.org\/{rel}","templated":true}]}}