{"id":13311,"date":"2025-04-28T12:47:29","date_gmt":"2025-04-28T14:47:29","guid":{"rendered":"https:\/\/diaura.lt\/produktas\/auskarai-supynes\/"},"modified":"2025-10-10T07:00:41","modified_gmt":"2025-10-10T09:00:41","slug":"auskarai-supynes","status":"publish","type":"product","link":"https:\/\/diaura.lt\/en\/produktas\/auskarai-supynes\/","title":{"rendered":"Auskarai &#8220;S\u016bpyn\u0117s&#8221; (2 in 1)"},"content":{"rendered":"<ul>\n<li>Sidabras 925<\/li>\n<li>Rank\u0173 darbo sidabro auskarai-rinkut\u0117s su nusiiman\u010diu burbulu (diametras 0,6-0,7 cm.)<\/li>\n<li>Svoris: 4,95 g. (kiekvieno gaminio svoris gali ne\u017eymiai skirtis)<\/li>\n<li>Diametras rinku\u010di\u0173 (i\u0161orinis): 5,0 cm.<\/li>\n<li>U\u017esegimo tipas: &#8220;rink\u0117s&#8221;<\/li>\n<\/ul>\n","protected":false},"excerpt":{"rendered":"<p>Sidabras 925 Rank\u0173 darbo sidabro auskarai-rinkut\u0117s su nusiiman\u010diu burbulu (diametras 0,6-0,7 cm.) Svoris: 4,95 g. (kiekvieno gaminio svoris gali ne\u017eymiai<\/p>\n","protected":false},"featured_media":13305,"template":"","meta":[],"product_brand":[],"product_cat":[69,65],"product_tag":[],"giftcard-category":[],"class_list":{"0":"post-13311","1":"product","2":"type-product","3":"status-publish","4":"has-post-thumbnail","6":"product_cat-earrings-en","7":"product_cat-products-en","9":"first","10":"instock","11":"shipping-taxable","12":"purchasable","13":"product-type-simple"},"yoast_head":"<!-- This site is optimized with the Yoast SEO plugin v26.5 - https:\/\/yoast.com\/wordpress\/plugins\/seo\/ -->\n<title>Auskarai &quot;S\u016bpyn\u0117s&quot; (2 in 1) - diaura.lt<\/title>\n<meta name=\"description\" content=\"Auskarai &quot;S\u016bpyn\u0117s&quot; (2 in 1). Sidabras 925 Rank\u0173 darbo sidabro auskarai-rinkut\u0117s su nusiiman\u010diu burbulu (diametras 0,6-0,7 cm.) Svoris: 4,95 g. (kiekvieno gaminio svoris gali ne\u017eymiai\" \/>\n<meta name=\"robots\" content=\"index, follow, max-snippet:-1, max-image-preview:large, max-video-preview:-1\" \/>\n<link rel=\"canonical\" href=\"https:\/\/diaura.lt\/en\/produktas\/auskarai-supynes\/\" \/>\n<meta property=\"og:locale\" content=\"en_US\" \/>\n<meta property=\"og:type\" content=\"article\" \/>\n<meta property=\"og:title\" content=\"Auskarai &quot;S\u016bpyn\u0117s&quot; (2 in 1) - diaura.lt\" \/>\n<meta property=\"og:description\" content=\"Auskarai &quot;S\u016bpyn\u0117s&quot; (2 in 1). Sidabras 925 Rank\u0173 darbo sidabro auskarai-rinkut\u0117s su nusiiman\u010diu burbulu (diametras 0,6-0,7 cm.) Svoris: 4,95 g. (kiekvieno gaminio svoris gali ne\u017eymiai\" \/>\n<meta property=\"og:url\" content=\"https:\/\/diaura.lt\/en\/produktas\/auskarai-supynes\/\" \/>\n<meta property=\"og:site_name\" content=\"diaura.lt\" \/>\n<meta property=\"article:publisher\" content=\"https:\/\/www.facebook.com\/diaura.lt\" \/>\n<meta property=\"article:modified_time\" content=\"2025-10-10T09:00:41+00:00\" \/>\n<meta property=\"og:image\" content=\"https:\/\/diaura.lt\/wp-content\/uploads\/2025\/04\/IMG_6427_Fotor-scaled.jpg\" \/>\n\t<meta property=\"og:image:width\" content=\"2560\" \/>\n\t<meta property=\"og:image:height\" content=\"1704\" \/>\n\t<meta property=\"og:image:type\" content=\"image\/jpeg\" \/>\n<meta name=\"twitter:card\" content=\"summary_large_image\" \/>\n<!-- \/ Yoast SEO plugin. -->","yoast_head_json":{"title":"Auskarai \"S\u016bpyn\u0117s\" (2 in 1) - diaura.lt","description":"Auskarai \"S\u016bpyn\u0117s\" (2 in 1). Sidabras 925 Rank\u0173 darbo sidabro auskarai-rinkut\u0117s su nusiiman\u010diu burbulu (diametras 0,6-0,7 cm.) Svoris: 4,95 g. (kiekvieno gaminio svoris gali ne\u017eymiai","robots":{"index":"index","follow":"follow","max-snippet":"max-snippet:-1","max-image-preview":"max-image-preview:large","max-video-preview":"max-video-preview:-1"},"canonical":"https:\/\/diaura.lt\/en\/produktas\/auskarai-supynes\/","og_locale":"en_US","og_type":"article","og_title":"Auskarai \"S\u016bpyn\u0117s\" (2 in 1) - diaura.lt","og_description":"Auskarai \"S\u016bpyn\u0117s\" (2 in 1). Sidabras 925 Rank\u0173 darbo sidabro auskarai-rinkut\u0117s su nusiiman\u010diu burbulu (diametras 0,6-0,7 cm.) Svoris: 4,95 g. (kiekvieno gaminio svoris gali ne\u017eymiai","og_url":"https:\/\/diaura.lt\/en\/produktas\/auskarai-supynes\/","og_site_name":"diaura.lt","article_publisher":"https:\/\/www.facebook.com\/diaura.lt","article_modified_time":"2025-10-10T09:00:41+00:00","og_image":[{"width":2560,"height":1704,"url":"https:\/\/diaura.lt\/wp-content\/uploads\/2025\/04\/IMG_6427_Fotor-scaled.jpg","type":"image\/jpeg"}],"twitter_card":"summary_large_image","schema":{"@context":"https:\/\/schema.org","@graph":[{"@type":"WebPage","@id":"https:\/\/diaura.lt\/en\/produktas\/auskarai-supynes\/","url":"https:\/\/diaura.lt\/en\/produktas\/auskarai-supynes\/","name":"Auskarai \"S\u016bpyn\u0117s\" (2 in 1) - diaura.lt","isPartOf":{"@id":"https:\/\/diaura.lt\/#website"},"primaryImageOfPage":{"@id":"https:\/\/diaura.lt\/en\/produktas\/auskarai-supynes\/#primaryimage"},"image":{"@id":"https:\/\/diaura.lt\/en\/produktas\/auskarai-supynes\/#primaryimage"},"thumbnailUrl":"https:\/\/diaura.lt\/wp-content\/uploads\/2025\/04\/IMG_6427_Fotor-scaled.jpg","datePublished":"2025-04-28T14:47:29+00:00","dateModified":"2025-10-10T09:00:41+00:00","description":"Auskarai \"S\u016bpyn\u0117s\" (2 in 1). Sidabras 925 Rank\u0173 darbo sidabro auskarai-rinkut\u0117s su nusiiman\u010diu burbulu (diametras 0,6-0,7 cm.) Svoris: 4,95 g. (kiekvieno gaminio svoris gali ne\u017eymiai","breadcrumb":{"@id":"https:\/\/diaura.lt\/en\/produktas\/auskarai-supynes\/#breadcrumb"},"inLanguage":"en-US","potentialAction":[{"@type":"ReadAction","target":["https:\/\/diaura.lt\/en\/produktas\/auskarai-supynes\/"]}]},{"@type":"ImageObject","inLanguage":"en-US","@id":"https:\/\/diaura.lt\/en\/produktas\/auskarai-supynes\/#primaryimage","url":"https:\/\/diaura.lt\/wp-content\/uploads\/2025\/04\/IMG_6427_Fotor-scaled.jpg","contentUrl":"https:\/\/diaura.lt\/wp-content\/uploads\/2025\/04\/IMG_6427_Fotor-scaled.jpg","width":2560,"height":1704},{"@type":"BreadcrumbList","@id":"https:\/\/diaura.lt\/en\/produktas\/auskarai-supynes\/#breadcrumb","itemListElement":[{"@type":"ListItem","position":1,"name":"Diaura","item":"https:\/\/diaura.lt\/en\/home-jewellery\/"},{"@type":"ListItem","position":2,"name":"Shop","item":"https:\/\/diaura.lt\/en\/shop\/"},{"@type":"ListItem","position":3,"name":"Auskarai &#8220;S\u016bpyn\u0117s&#8221; (2 in 1)"}]},{"@type":"WebSite","@id":"https:\/\/diaura.lt\/#website","url":"https:\/\/diaura.lt\/","name":"Diaura","description":"Lietuvi\u0173 juvelyr\u0173 rank\u0173 darbo sidabro gaminiai puo\u0161ti mineralais","publisher":{"@id":"https:\/\/diaura.lt\/#organization"},"potentialAction":[{"@type":"SearchAction","target":{"@type":"EntryPoint","urlTemplate":"https:\/\/diaura.lt\/?s={search_term_string}"},"query-input":{"@type":"PropertyValueSpecification","valueRequired":true,"valueName":"search_term_string"}}],"inLanguage":"en-US"},{"@type":"Organization","@id":"https:\/\/diaura.lt\/#organization","name":"Diaura","alternateName":"Sidabriniai Druskinink\u0173 papuo\u0161alai","url":"https:\/\/diaura.lt\/","logo":{"@type":"ImageObject","inLanguage":"en-US","@id":"https:\/\/diaura.lt\/#\/schema\/logo\/image\/","url":"https:\/\/diaura.lt\/wp-content\/uploads\/2020\/10\/logo1.png","contentUrl":"https:\/\/diaura.lt\/wp-content\/uploads\/2020\/10\/logo1.png","width":983,"height":323,"caption":"Diaura"},"image":{"@id":"https:\/\/diaura.lt\/#\/schema\/logo\/image\/"},"sameAs":["https:\/\/www.facebook.com\/diaura.lt","https:\/\/www.instagram.com\/diaura.lt"]}]}},"_links":{"self":[{"href":"https:\/\/diaura.lt\/en\/wp-json\/wp\/v2\/product\/13311","targetHints":{"allow":["GET"]}}],"collection":[{"href":"https:\/\/diaura.lt\/en\/wp-json\/wp\/v2\/product"}],"about":[{"href":"https:\/\/diaura.lt\/en\/wp-json\/wp\/v2\/types\/product"}],"wp:featuredmedia":[{"embeddable":true,"href":"https:\/\/diaura.lt\/en\/wp-json\/wp\/v2\/media\/13305"}],"wp:attachment":[{"href":"https:\/\/diaura.lt\/en\/wp-json\/wp\/v2\/media?parent=13311"}],"wp:term":[{"taxonomy":"product_brand","embeddable":true,"href":"https:\/\/diaura.lt\/en\/wp-json\/wp\/v2\/product_brand?post=13311"},{"taxonomy":"product_cat","embeddable":true,"href":"https:\/\/diaura.lt\/en\/wp-json\/wp\/v2\/product_cat?post=13311"},{"taxonomy":"product_tag","embeddable":true,"href":"https:\/\/diaura.lt\/en\/wp-json\/wp\/v2\/product_tag?post=13311"},{"taxonomy":"giftcard-category","embeddable":true,"href":"https:\/\/diaura.lt\/en\/wp-json\/wp\/v2\/giftcard-category?post=13311"}],"curies":[{"name":"wp","href":"https:\/\/api.w.org\/{rel}","templated":true}]}}