{"id":14231,"date":"2025-08-13T12:49:06","date_gmt":"2025-08-13T14:49:06","guid":{"rendered":"https:\/\/diaura.lt\/produktas\/apyranke-gintaro-magija\/"},"modified":"2026-01-07T13:36:18","modified_gmt":"2026-01-07T15:36:18","slug":"apyranke-gintaro-magija","status":"publish","type":"product","link":"https:\/\/diaura.lt\/en\/produktas\/apyranke-gintaro-magija\/","title":{"rendered":"Apyrank\u0117 &#8220;Gintaro magija&#8221;"},"content":{"rendered":"<ul>\n<li>Sidabras 925<\/li>\n<li>Originali, tvirtai lanksti rank\u0173 darbo apyrank\u0117 su sidabro bei gintaro burbulais (50\/50)<\/li>\n<li>Svoris: 6,07 g. (kiekvieno gaminio svoris gali ne\u017eymiai skirtis)<\/li>\n<li>Tinka rie\u0161ui nuo 15 iki 19 cm. (galima dyd\u012f truput\u012f reguliuoti)<\/li>\n<\/ul>\n","protected":false},"excerpt":{"rendered":"<p>Sidabras 925 Originali, tvirtai lanksti rank\u0173 darbo apyrank\u0117 su sidabro bei gintaro burbulais (50\/50) Svoris: 6,07 g. (kiekvieno gaminio svoris<\/p>\n","protected":false},"featured_media":14202,"template":"","meta":[],"product_brand":[],"product_cat":[102,65],"product_tag":[],"giftcard-category":[],"class_list":{"0":"post-14231","1":"product","2":"type-product","3":"status-publish","4":"has-post-thumbnail","6":"product_cat-bracelets-en","7":"product_cat-products-en","9":"first","10":"instock","11":"shipping-taxable","12":"purchasable","13":"product-type-simple"},"yoast_head":"<!-- This site is optimized with the Yoast SEO plugin v26.5 - https:\/\/yoast.com\/wordpress\/plugins\/seo\/ -->\n<title>Apyrank\u0117 &quot;Gintaro magija&quot; - diaura.lt<\/title>\n<meta name=\"description\" content=\"Apyrank\u0117 &quot;Gintaro magija&quot;. Sidabras 925 Originali, tvirtai lanksti rank\u0173 darbo apyrank\u0117 su sidabro bei gintaro burbulais (50\/50) Svoris: 6,07 g. (kiekvieno gaminio svoris gali\" \/>\n<meta name=\"robots\" content=\"index, follow, max-snippet:-1, max-image-preview:large, max-video-preview:-1\" \/>\n<link rel=\"canonical\" href=\"https:\/\/diaura.lt\/en\/produktas\/apyranke-gintaro-magija\/\" \/>\n<meta property=\"og:locale\" content=\"en_US\" \/>\n<meta property=\"og:type\" content=\"article\" \/>\n<meta property=\"og:title\" content=\"Apyrank\u0117 &quot;Gintaro magija&quot; - diaura.lt\" \/>\n<meta property=\"og:description\" content=\"Apyrank\u0117 &quot;Gintaro magija&quot;. Sidabras 925 Originali, tvirtai lanksti rank\u0173 darbo apyrank\u0117 su sidabro bei gintaro burbulais (50\/50) Svoris: 6,07 g. (kiekvieno gaminio svoris gali\" \/>\n<meta property=\"og:url\" content=\"https:\/\/diaura.lt\/en\/produktas\/apyranke-gintaro-magija\/\" \/>\n<meta property=\"og:site_name\" content=\"diaura.lt\" \/>\n<meta property=\"article:publisher\" content=\"https:\/\/www.facebook.com\/diaura.lt\" \/>\n<meta property=\"article:modified_time\" content=\"2026-01-07T15:36:18+00:00\" \/>\n<meta property=\"og:image\" content=\"https:\/\/diaura.lt\/wp-content\/uploads\/2025\/08\/IMG_6921_Fotor-scaled.jpg\" \/>\n\t<meta property=\"og:image:width\" content=\"2560\" \/>\n\t<meta property=\"og:image:height\" content=\"1704\" \/>\n\t<meta property=\"og:image:type\" content=\"image\/jpeg\" \/>\n<meta name=\"twitter:card\" content=\"summary_large_image\" \/>\n<!-- \/ Yoast SEO plugin. -->","yoast_head_json":{"title":"Apyrank\u0117 \"Gintaro magija\" - diaura.lt","description":"Apyrank\u0117 \"Gintaro magija\". Sidabras 925 Originali, tvirtai lanksti rank\u0173 darbo apyrank\u0117 su sidabro bei gintaro burbulais (50\/50) Svoris: 6,07 g. (kiekvieno gaminio svoris gali","robots":{"index":"index","follow":"follow","max-snippet":"max-snippet:-1","max-image-preview":"max-image-preview:large","max-video-preview":"max-video-preview:-1"},"canonical":"https:\/\/diaura.lt\/en\/produktas\/apyranke-gintaro-magija\/","og_locale":"en_US","og_type":"article","og_title":"Apyrank\u0117 \"Gintaro magija\" - diaura.lt","og_description":"Apyrank\u0117 \"Gintaro magija\". Sidabras 925 Originali, tvirtai lanksti rank\u0173 darbo apyrank\u0117 su sidabro bei gintaro burbulais (50\/50) Svoris: 6,07 g. (kiekvieno gaminio svoris gali","og_url":"https:\/\/diaura.lt\/en\/produktas\/apyranke-gintaro-magija\/","og_site_name":"diaura.lt","article_publisher":"https:\/\/www.facebook.com\/diaura.lt","article_modified_time":"2026-01-07T15:36:18+00:00","og_image":[{"width":2560,"height":1704,"url":"https:\/\/diaura.lt\/wp-content\/uploads\/2025\/08\/IMG_6921_Fotor-scaled.jpg","type":"image\/jpeg"}],"twitter_card":"summary_large_image","schema":{"@context":"https:\/\/schema.org","@graph":[{"@type":"WebPage","@id":"https:\/\/diaura.lt\/en\/produktas\/apyranke-gintaro-magija\/","url":"https:\/\/diaura.lt\/en\/produktas\/apyranke-gintaro-magija\/","name":"Apyrank\u0117 \"Gintaro magija\" - diaura.lt","isPartOf":{"@id":"https:\/\/diaura.lt\/#website"},"primaryImageOfPage":{"@id":"https:\/\/diaura.lt\/en\/produktas\/apyranke-gintaro-magija\/#primaryimage"},"image":{"@id":"https:\/\/diaura.lt\/en\/produktas\/apyranke-gintaro-magija\/#primaryimage"},"thumbnailUrl":"https:\/\/diaura.lt\/wp-content\/uploads\/2025\/08\/IMG_6921_Fotor-scaled.jpg","datePublished":"2025-08-13T14:49:06+00:00","dateModified":"2026-01-07T15:36:18+00:00","description":"Apyrank\u0117 \"Gintaro magija\". Sidabras 925 Originali, tvirtai lanksti rank\u0173 darbo apyrank\u0117 su sidabro bei gintaro burbulais (50\/50) Svoris: 6,07 g. (kiekvieno gaminio svoris gali","breadcrumb":{"@id":"https:\/\/diaura.lt\/en\/produktas\/apyranke-gintaro-magija\/#breadcrumb"},"inLanguage":"en-US","potentialAction":[{"@type":"ReadAction","target":["https:\/\/diaura.lt\/en\/produktas\/apyranke-gintaro-magija\/"]}]},{"@type":"ImageObject","inLanguage":"en-US","@id":"https:\/\/diaura.lt\/en\/produktas\/apyranke-gintaro-magija\/#primaryimage","url":"https:\/\/diaura.lt\/wp-content\/uploads\/2025\/08\/IMG_6921_Fotor-scaled.jpg","contentUrl":"https:\/\/diaura.lt\/wp-content\/uploads\/2025\/08\/IMG_6921_Fotor-scaled.jpg","width":2560,"height":1704},{"@type":"BreadcrumbList","@id":"https:\/\/diaura.lt\/en\/produktas\/apyranke-gintaro-magija\/#breadcrumb","itemListElement":[{"@type":"ListItem","position":1,"name":"Diaura","item":"https:\/\/diaura.lt\/en\/home-jewellery\/"},{"@type":"ListItem","position":2,"name":"Shop","item":"https:\/\/diaura.lt\/en\/shop\/"},{"@type":"ListItem","position":3,"name":"Apyrank\u0117 &#8220;Gintaro magija&#8221;"}]},{"@type":"WebSite","@id":"https:\/\/diaura.lt\/#website","url":"https:\/\/diaura.lt\/","name":"Diaura","description":"Lietuvi\u0173 juvelyr\u0173 rank\u0173 darbo sidabro gaminiai puo\u0161ti mineralais","publisher":{"@id":"https:\/\/diaura.lt\/#organization"},"potentialAction":[{"@type":"SearchAction","target":{"@type":"EntryPoint","urlTemplate":"https:\/\/diaura.lt\/?s={search_term_string}"},"query-input":{"@type":"PropertyValueSpecification","valueRequired":true,"valueName":"search_term_string"}}],"inLanguage":"en-US"},{"@type":"Organization","@id":"https:\/\/diaura.lt\/#organization","name":"Diaura","alternateName":"Sidabriniai Druskinink\u0173 papuo\u0161alai","url":"https:\/\/diaura.lt\/","logo":{"@type":"ImageObject","inLanguage":"en-US","@id":"https:\/\/diaura.lt\/#\/schema\/logo\/image\/","url":"https:\/\/diaura.lt\/wp-content\/uploads\/2020\/10\/logo1.png","contentUrl":"https:\/\/diaura.lt\/wp-content\/uploads\/2020\/10\/logo1.png","width":983,"height":323,"caption":"Diaura"},"image":{"@id":"https:\/\/diaura.lt\/#\/schema\/logo\/image\/"},"sameAs":["https:\/\/www.facebook.com\/diaura.lt","https:\/\/www.instagram.com\/diaura.lt"]}]}},"_links":{"self":[{"href":"https:\/\/diaura.lt\/en\/wp-json\/wp\/v2\/product\/14231","targetHints":{"allow":["GET"]}}],"collection":[{"href":"https:\/\/diaura.lt\/en\/wp-json\/wp\/v2\/product"}],"about":[{"href":"https:\/\/diaura.lt\/en\/wp-json\/wp\/v2\/types\/product"}],"wp:featuredmedia":[{"embeddable":true,"href":"https:\/\/diaura.lt\/en\/wp-json\/wp\/v2\/media\/14202"}],"wp:attachment":[{"href":"https:\/\/diaura.lt\/en\/wp-json\/wp\/v2\/media?parent=14231"}],"wp:term":[{"taxonomy":"product_brand","embeddable":true,"href":"https:\/\/diaura.lt\/en\/wp-json\/wp\/v2\/product_brand?post=14231"},{"taxonomy":"product_cat","embeddable":true,"href":"https:\/\/diaura.lt\/en\/wp-json\/wp\/v2\/product_cat?post=14231"},{"taxonomy":"product_tag","embeddable":true,"href":"https:\/\/diaura.lt\/en\/wp-json\/wp\/v2\/product_tag?post=14231"},{"taxonomy":"giftcard-category","embeddable":true,"href":"https:\/\/diaura.lt\/en\/wp-json\/wp\/v2\/giftcard-category?post=14231"}],"curies":[{"name":"wp","href":"https:\/\/api.w.org\/{rel}","templated":true}]}}