{"id":14604,"date":"2025-10-06T09:37:59","date_gmt":"2025-10-06T11:37:59","guid":{"rendered":"https:\/\/diaura.lt\/produktas\/ziedas-balansas\/"},"modified":"2026-01-07T13:14:47","modified_gmt":"2026-01-07T15:14:47","slug":"ziedas-balansas","status":"publish","type":"product","link":"https:\/\/diaura.lt\/en\/produktas\/ziedas-balansas\/","title":{"rendered":"\u017diedas &#8220;Balansas&#8221;"},"content":{"rendered":"<ul>\n<li>Sidabras 925<\/li>\n<li>Rank\u0173 darbo sidabro \u017eiedas &#8220;Balansas&#8221; sukurtas vertinantiems paprastum\u0105, tikrum\u0105, darn\u0105<\/li>\n<li>\u0160varios linijos, nat\u016bralus blizgesys, cirkonio \u012fd\u0117klas &#8211; ideali pusiausvyra tarp formos ir jausmo<\/li>\n<li>Svoris: 4,36 g. (kiekvieno gaminio svoris gali ne\u017eymiai skirtis)<\/li>\n<li>\u012ed\u0117klas (\u0161one): baltas kubinis cirkonis<\/li>\n<\/ul>\n","protected":false},"excerpt":{"rendered":"<p>Sidabras 925 Rank\u0173 darbo sidabro \u017eiedas &#8220;Balansas&#8221; sukurtas vertinantiems paprastum\u0105, tikrum\u0105, darn\u0105 \u0160varios linijos, nat\u016bralus blizgesys, cirkonio \u012fd\u0117klas &#8211; ideali<\/p>\n","protected":false},"featured_media":14592,"template":"","meta":[],"product_brand":[],"product_cat":[65,66],"product_tag":[],"giftcard-category":[],"class_list":{"0":"post-14604","1":"product","2":"type-product","3":"status-publish","4":"has-post-thumbnail","6":"product_cat-products-en","7":"product_cat-ziedai-en","9":"first","10":"instock","11":"shipping-taxable","12":"purchasable","13":"product-type-variable"},"yoast_head":"<!-- This site is optimized with the Yoast SEO plugin v26.5 - https:\/\/yoast.com\/wordpress\/plugins\/seo\/ -->\n<title>\u017diedas &quot;Balansas&quot; - diaura.lt<\/title>\n<meta name=\"description\" content=\"\u017diedas &quot;Balansas&quot;. Sidabras 925 Rank\u0173 darbo sidabro \u017eiedas &quot;Balansas&quot; sukurtas vertinantiems paprastum\u0105, tikrum\u0105, darn\u0105 \u0160varios linijos, nat\u016bralus blizgesys, cirkonio\" \/>\n<meta name=\"robots\" content=\"index, follow, max-snippet:-1, max-image-preview:large, max-video-preview:-1\" \/>\n<link rel=\"canonical\" href=\"https:\/\/diaura.lt\/en\/produktas\/ziedas-balansas\/\" \/>\n<meta property=\"og:locale\" content=\"en_US\" \/>\n<meta property=\"og:type\" content=\"article\" \/>\n<meta property=\"og:title\" content=\"\u017diedas &quot;Balansas&quot; - diaura.lt\" \/>\n<meta property=\"og:description\" content=\"\u017diedas &quot;Balansas&quot;. Sidabras 925 Rank\u0173 darbo sidabro \u017eiedas &quot;Balansas&quot; sukurtas vertinantiems paprastum\u0105, tikrum\u0105, darn\u0105 \u0160varios linijos, nat\u016bralus blizgesys, cirkonio\" \/>\n<meta property=\"og:url\" content=\"https:\/\/diaura.lt\/en\/produktas\/ziedas-balansas\/\" \/>\n<meta property=\"og:site_name\" content=\"diaura.lt\" \/>\n<meta property=\"article:publisher\" content=\"https:\/\/www.facebook.com\/diaura.lt\" \/>\n<meta property=\"article:modified_time\" content=\"2026-01-07T15:14:47+00:00\" \/>\n<meta property=\"og:image\" content=\"https:\/\/diaura.lt\/wp-content\/uploads\/2025\/10\/IMG_0829_Fotor-scaled.jpg\" \/>\n\t<meta property=\"og:image:width\" content=\"2560\" \/>\n\t<meta property=\"og:image:height\" content=\"1704\" \/>\n\t<meta property=\"og:image:type\" content=\"image\/jpeg\" \/>\n<meta name=\"twitter:card\" content=\"summary_large_image\" \/>\n<!-- \/ Yoast SEO plugin. -->","yoast_head_json":{"title":"\u017diedas \"Balansas\" - diaura.lt","description":"\u017diedas \"Balansas\". Sidabras 925 Rank\u0173 darbo sidabro \u017eiedas \"Balansas\" sukurtas vertinantiems paprastum\u0105, tikrum\u0105, darn\u0105 \u0160varios linijos, nat\u016bralus blizgesys, cirkonio","robots":{"index":"index","follow":"follow","max-snippet":"max-snippet:-1","max-image-preview":"max-image-preview:large","max-video-preview":"max-video-preview:-1"},"canonical":"https:\/\/diaura.lt\/en\/produktas\/ziedas-balansas\/","og_locale":"en_US","og_type":"article","og_title":"\u017diedas \"Balansas\" - diaura.lt","og_description":"\u017diedas \"Balansas\". Sidabras 925 Rank\u0173 darbo sidabro \u017eiedas \"Balansas\" sukurtas vertinantiems paprastum\u0105, tikrum\u0105, darn\u0105 \u0160varios linijos, nat\u016bralus blizgesys, cirkonio","og_url":"https:\/\/diaura.lt\/en\/produktas\/ziedas-balansas\/","og_site_name":"diaura.lt","article_publisher":"https:\/\/www.facebook.com\/diaura.lt","article_modified_time":"2026-01-07T15:14:47+00:00","og_image":[{"width":2560,"height":1704,"url":"https:\/\/diaura.lt\/wp-content\/uploads\/2025\/10\/IMG_0829_Fotor-scaled.jpg","type":"image\/jpeg"}],"twitter_card":"summary_large_image","schema":{"@context":"https:\/\/schema.org","@graph":[{"@type":"WebPage","@id":"https:\/\/diaura.lt\/en\/produktas\/ziedas-balansas\/","url":"https:\/\/diaura.lt\/en\/produktas\/ziedas-balansas\/","name":"\u017diedas \"Balansas\" - diaura.lt","isPartOf":{"@id":"https:\/\/diaura.lt\/#website"},"primaryImageOfPage":{"@id":"https:\/\/diaura.lt\/en\/produktas\/ziedas-balansas\/#primaryimage"},"image":{"@id":"https:\/\/diaura.lt\/en\/produktas\/ziedas-balansas\/#primaryimage"},"thumbnailUrl":"https:\/\/diaura.lt\/wp-content\/uploads\/2025\/10\/IMG_0829_Fotor-scaled.jpg","datePublished":"2025-10-06T11:37:59+00:00","dateModified":"2026-01-07T15:14:47+00:00","description":"\u017diedas \"Balansas\". Sidabras 925 Rank\u0173 darbo sidabro \u017eiedas \"Balansas\" sukurtas vertinantiems paprastum\u0105, tikrum\u0105, darn\u0105 \u0160varios linijos, nat\u016bralus blizgesys, cirkonio","breadcrumb":{"@id":"https:\/\/diaura.lt\/en\/produktas\/ziedas-balansas\/#breadcrumb"},"inLanguage":"en-US","potentialAction":[{"@type":"ReadAction","target":["https:\/\/diaura.lt\/en\/produktas\/ziedas-balansas\/"]}]},{"@type":"ImageObject","inLanguage":"en-US","@id":"https:\/\/diaura.lt\/en\/produktas\/ziedas-balansas\/#primaryimage","url":"https:\/\/diaura.lt\/wp-content\/uploads\/2025\/10\/IMG_0829_Fotor-scaled.jpg","contentUrl":"https:\/\/diaura.lt\/wp-content\/uploads\/2025\/10\/IMG_0829_Fotor-scaled.jpg","width":2560,"height":1704},{"@type":"BreadcrumbList","@id":"https:\/\/diaura.lt\/en\/produktas\/ziedas-balansas\/#breadcrumb","itemListElement":[{"@type":"ListItem","position":1,"name":"Diaura","item":"https:\/\/diaura.lt\/en\/home-jewellery\/"},{"@type":"ListItem","position":2,"name":"Shop","item":"https:\/\/diaura.lt\/en\/shop\/"},{"@type":"ListItem","position":3,"name":"\u017diedas &#8220;Balansas&#8221;"}]},{"@type":"WebSite","@id":"https:\/\/diaura.lt\/#website","url":"https:\/\/diaura.lt\/","name":"Diaura","description":"Lietuvi\u0173 juvelyr\u0173 rank\u0173 darbo sidabro gaminiai puo\u0161ti mineralais","publisher":{"@id":"https:\/\/diaura.lt\/#organization"},"potentialAction":[{"@type":"SearchAction","target":{"@type":"EntryPoint","urlTemplate":"https:\/\/diaura.lt\/?s={search_term_string}"},"query-input":{"@type":"PropertyValueSpecification","valueRequired":true,"valueName":"search_term_string"}}],"inLanguage":"en-US"},{"@type":"Organization","@id":"https:\/\/diaura.lt\/#organization","name":"Diaura","alternateName":"Sidabriniai Druskinink\u0173 papuo\u0161alai","url":"https:\/\/diaura.lt\/","logo":{"@type":"ImageObject","inLanguage":"en-US","@id":"https:\/\/diaura.lt\/#\/schema\/logo\/image\/","url":"https:\/\/diaura.lt\/wp-content\/uploads\/2020\/10\/logo1.png","contentUrl":"https:\/\/diaura.lt\/wp-content\/uploads\/2020\/10\/logo1.png","width":983,"height":323,"caption":"Diaura"},"image":{"@id":"https:\/\/diaura.lt\/#\/schema\/logo\/image\/"},"sameAs":["https:\/\/www.facebook.com\/diaura.lt","https:\/\/www.instagram.com\/diaura.lt"]}]}},"_links":{"self":[{"href":"https:\/\/diaura.lt\/en\/wp-json\/wp\/v2\/product\/14604","targetHints":{"allow":["GET"]}}],"collection":[{"href":"https:\/\/diaura.lt\/en\/wp-json\/wp\/v2\/product"}],"about":[{"href":"https:\/\/diaura.lt\/en\/wp-json\/wp\/v2\/types\/product"}],"wp:featuredmedia":[{"embeddable":true,"href":"https:\/\/diaura.lt\/en\/wp-json\/wp\/v2\/media\/14592"}],"wp:attachment":[{"href":"https:\/\/diaura.lt\/en\/wp-json\/wp\/v2\/media?parent=14604"}],"wp:term":[{"taxonomy":"product_brand","embeddable":true,"href":"https:\/\/diaura.lt\/en\/wp-json\/wp\/v2\/product_brand?post=14604"},{"taxonomy":"product_cat","embeddable":true,"href":"https:\/\/diaura.lt\/en\/wp-json\/wp\/v2\/product_cat?post=14604"},{"taxonomy":"product_tag","embeddable":true,"href":"https:\/\/diaura.lt\/en\/wp-json\/wp\/v2\/product_tag?post=14604"},{"taxonomy":"giftcard-category","embeddable":true,"href":"https:\/\/diaura.lt\/en\/wp-json\/wp\/v2\/giftcard-category?post=14604"}],"curies":[{"name":"wp","href":"https:\/\/api.w.org\/{rel}","templated":true}]}}