{"id":1573,"date":"2020-10-23T10:59:46","date_gmt":"2020-10-23T12:59:46","guid":{"rendered":"https:\/\/diaura.lt\/product\/sidabrinis-ziedas\/"},"modified":"2026-01-07T12:55:01","modified_gmt":"2026-01-07T14:55:01","slug":"sidabrinis-ziedas","status":"publish","type":"product","link":"https:\/\/diaura.lt\/en\/produktas\/sidabrinis-ziedas\/","title":{"rendered":"Ring"},"content":{"rendered":"<ul>\n<li>Silver 925<\/li>\n<li>Weight: 5,64 g.<\/li>\n<li>If your size is not available, please email us what size you need<\/li>\n<\/ul>\n","protected":false},"excerpt":{"rendered":"<p>Silver 925 Weight: 5,64 g. If your size is not available, please email us what size you need<\/p>\n","protected":false},"featured_media":1441,"template":"","meta":[],"product_brand":[],"product_cat":[65,66],"product_tag":[385,374,383],"giftcard-category":[],"class_list":{"0":"post-1573","1":"product","2":"type-product","3":"status-publish","4":"has-post-thumbnail","6":"product_cat-products-en","7":"product_cat-ziedai-en","8":"product_tag-jewellery-with-leaves","9":"product_tag-ranku-darbo-papuosalai-en","10":"product_tag-womens-rings","12":"first","13":"instock","14":"sold-individually","15":"shipping-taxable","16":"purchasable","17":"product-type-variable","18":"has-default-attributes"},"yoast_head":"<!-- This site is optimized with the Yoast SEO plugin v26.5 - https:\/\/yoast.com\/wordpress\/plugins\/seo\/ -->\n<title>Ring - diaura.lt<\/title>\n<meta name=\"description\" content=\"Ring. Silver 925  Weight: 5,64 g.  If your size is not available, please email us what size you need\" \/>\n<meta name=\"robots\" content=\"index, follow, max-snippet:-1, max-image-preview:large, max-video-preview:-1\" \/>\n<link rel=\"canonical\" href=\"https:\/\/diaura.lt\/en\/produktas\/sidabrinis-ziedas\/\" \/>\n<meta property=\"og:locale\" content=\"en_US\" \/>\n<meta property=\"og:type\" content=\"article\" \/>\n<meta property=\"og:title\" content=\"Ring - diaura.lt\" \/>\n<meta property=\"og:description\" content=\"Ring. Silver 925  Weight: 5,64 g.  If your size is not available, please email us what size you need\" \/>\n<meta property=\"og:url\" content=\"https:\/\/diaura.lt\/en\/produktas\/sidabrinis-ziedas\/\" \/>\n<meta property=\"og:site_name\" content=\"diaura.lt\" \/>\n<meta property=\"article:publisher\" content=\"https:\/\/www.facebook.com\/diaura.lt\" \/>\n<meta property=\"article:modified_time\" content=\"2026-01-07T14:55:01+00:00\" \/>\n<meta property=\"og:image\" content=\"https:\/\/diaura.lt\/wp-content\/uploads\/2020\/10\/IMG_6094-1-scaled.jpg\" \/>\n\t<meta property=\"og:image:width\" content=\"2560\" \/>\n\t<meta property=\"og:image:height\" content=\"1704\" \/>\n\t<meta property=\"og:image:type\" content=\"image\/jpeg\" \/>\n<meta name=\"twitter:card\" content=\"summary_large_image\" \/>\n<!-- \/ Yoast SEO plugin. -->","yoast_head_json":{"title":"Ring - diaura.lt","description":"Ring. Silver 925  Weight: 5,64 g.  If your size is not available, please email us what size you need","robots":{"index":"index","follow":"follow","max-snippet":"max-snippet:-1","max-image-preview":"max-image-preview:large","max-video-preview":"max-video-preview:-1"},"canonical":"https:\/\/diaura.lt\/en\/produktas\/sidabrinis-ziedas\/","og_locale":"en_US","og_type":"article","og_title":"Ring - diaura.lt","og_description":"Ring. Silver 925  Weight: 5,64 g.  If your size is not available, please email us what size you need","og_url":"https:\/\/diaura.lt\/en\/produktas\/sidabrinis-ziedas\/","og_site_name":"diaura.lt","article_publisher":"https:\/\/www.facebook.com\/diaura.lt","article_modified_time":"2026-01-07T14:55:01+00:00","og_image":[{"width":2560,"height":1704,"url":"https:\/\/diaura.lt\/wp-content\/uploads\/2020\/10\/IMG_6094-1-scaled.jpg","type":"image\/jpeg"}],"twitter_card":"summary_large_image","schema":{"@context":"https:\/\/schema.org","@graph":[{"@type":"WebPage","@id":"https:\/\/diaura.lt\/en\/produktas\/sidabrinis-ziedas\/","url":"https:\/\/diaura.lt\/en\/produktas\/sidabrinis-ziedas\/","name":"Ring - diaura.lt","isPartOf":{"@id":"https:\/\/diaura.lt\/#website"},"primaryImageOfPage":{"@id":"https:\/\/diaura.lt\/en\/produktas\/sidabrinis-ziedas\/#primaryimage"},"image":{"@id":"https:\/\/diaura.lt\/en\/produktas\/sidabrinis-ziedas\/#primaryimage"},"thumbnailUrl":"https:\/\/diaura.lt\/wp-content\/uploads\/2020\/10\/IMG_6094-1-scaled.jpg","datePublished":"2020-10-23T12:59:46+00:00","dateModified":"2026-01-07T14:55:01+00:00","description":"Ring. Silver 925 Weight: 5,64 g. If your size is not available, please email us what size you need","breadcrumb":{"@id":"https:\/\/diaura.lt\/en\/produktas\/sidabrinis-ziedas\/#breadcrumb"},"inLanguage":"en-US","potentialAction":[{"@type":"ReadAction","target":["https:\/\/diaura.lt\/en\/produktas\/sidabrinis-ziedas\/"]}]},{"@type":"ImageObject","inLanguage":"en-US","@id":"https:\/\/diaura.lt\/en\/produktas\/sidabrinis-ziedas\/#primaryimage","url":"https:\/\/diaura.lt\/wp-content\/uploads\/2020\/10\/IMG_6094-1-scaled.jpg","contentUrl":"https:\/\/diaura.lt\/wp-content\/uploads\/2020\/10\/IMG_6094-1-scaled.jpg","width":2560,"height":1704},{"@type":"BreadcrumbList","@id":"https:\/\/diaura.lt\/en\/produktas\/sidabrinis-ziedas\/#breadcrumb","itemListElement":[{"@type":"ListItem","position":1,"name":"Diaura","item":"https:\/\/diaura.lt\/en\/home-jewellery\/"},{"@type":"ListItem","position":2,"name":"Shop","item":"https:\/\/diaura.lt\/en\/shop\/"},{"@type":"ListItem","position":3,"name":"Ring"}]},{"@type":"WebSite","@id":"https:\/\/diaura.lt\/#website","url":"https:\/\/diaura.lt\/","name":"Diaura","description":"Lietuvi\u0173 juvelyr\u0173 rank\u0173 darbo sidabro gaminiai puo\u0161ti mineralais","publisher":{"@id":"https:\/\/diaura.lt\/#organization"},"potentialAction":[{"@type":"SearchAction","target":{"@type":"EntryPoint","urlTemplate":"https:\/\/diaura.lt\/?s={search_term_string}"},"query-input":{"@type":"PropertyValueSpecification","valueRequired":true,"valueName":"search_term_string"}}],"inLanguage":"en-US"},{"@type":"Organization","@id":"https:\/\/diaura.lt\/#organization","name":"Diaura","alternateName":"Sidabriniai Druskinink\u0173 papuo\u0161alai","url":"https:\/\/diaura.lt\/","logo":{"@type":"ImageObject","inLanguage":"en-US","@id":"https:\/\/diaura.lt\/#\/schema\/logo\/image\/","url":"https:\/\/diaura.lt\/wp-content\/uploads\/2020\/10\/logo1.png","contentUrl":"https:\/\/diaura.lt\/wp-content\/uploads\/2020\/10\/logo1.png","width":983,"height":323,"caption":"Diaura"},"image":{"@id":"https:\/\/diaura.lt\/#\/schema\/logo\/image\/"},"sameAs":["https:\/\/www.facebook.com\/diaura.lt","https:\/\/www.instagram.com\/diaura.lt"]}]}},"_links":{"self":[{"href":"https:\/\/diaura.lt\/en\/wp-json\/wp\/v2\/product\/1573","targetHints":{"allow":["GET"]}}],"collection":[{"href":"https:\/\/diaura.lt\/en\/wp-json\/wp\/v2\/product"}],"about":[{"href":"https:\/\/diaura.lt\/en\/wp-json\/wp\/v2\/types\/product"}],"wp:featuredmedia":[{"embeddable":true,"href":"https:\/\/diaura.lt\/en\/wp-json\/wp\/v2\/media\/1441"}],"wp:attachment":[{"href":"https:\/\/diaura.lt\/en\/wp-json\/wp\/v2\/media?parent=1573"}],"wp:term":[{"taxonomy":"product_brand","embeddable":true,"href":"https:\/\/diaura.lt\/en\/wp-json\/wp\/v2\/product_brand?post=1573"},{"taxonomy":"product_cat","embeddable":true,"href":"https:\/\/diaura.lt\/en\/wp-json\/wp\/v2\/product_cat?post=1573"},{"taxonomy":"product_tag","embeddable":true,"href":"https:\/\/diaura.lt\/en\/wp-json\/wp\/v2\/product_tag?post=1573"},{"taxonomy":"giftcard-category","embeddable":true,"href":"https:\/\/diaura.lt\/en\/wp-json\/wp\/v2\/giftcard-category?post=1573"}],"curies":[{"name":"wp","href":"https:\/\/api.w.org\/{rel}","templated":true}]}}