{"id":2620,"date":"2020-11-11T12:26:03","date_gmt":"2020-11-11T14:26:03","guid":{"rendered":"https:\/\/diaura.lt\/product\/auskarai-40\/"},"modified":"2021-08-23T14:36:05","modified_gmt":"2021-08-23T16:36:05","slug":"auskarai-40","status":"publish","type":"product","link":"https:\/\/diaura.lt\/en\/produktas\/auskarai-40\/","title":{"rendered":"Earrings"},"content":{"rendered":"<ul>\n<li>Silver 925<\/li>\n<li>Weight: 3,83 g.<\/li>\n<li>Quadrate diameter: 1,8 cm.<\/li>\n<li>Clasp type: stud<\/li>\n<li>Can be worn in several ways (transformed)<\/li>\n<\/ul>\n","protected":false},"excerpt":{"rendered":"<p>Silver 925 Weight: 3,83 g. Quadrate diameter: 1,8 cm. Clasp type: stud Can be worn in several ways (transformed)<\/p>\n","protected":false},"featured_media":9142,"template":"","meta":[],"product_brand":[],"product_cat":[69,65],"product_tag":[],"giftcard-category":[],"class_list":{"0":"post-2620","1":"product","2":"type-product","3":"status-publish","4":"has-post-thumbnail","6":"product_cat-earrings-en","7":"product_cat-products-en","9":"first","10":"instock","11":"sold-individually","12":"shipping-taxable","13":"purchasable","14":"product-type-simple"},"yoast_head":"<!-- This site is optimized with the Yoast SEO plugin v26.5 - https:\/\/yoast.com\/wordpress\/plugins\/seo\/ -->\n<title>Earrings - diaura.lt<\/title>\n<meta name=\"description\" content=\"Earrings. Silver 925  Weight: 3,83 g.  Quadrate diameter: 1,8 cm.  Clasp type: stud  Can be worn in several ways (transformed)\" \/>\n<meta name=\"robots\" content=\"index, follow, max-snippet:-1, max-image-preview:large, max-video-preview:-1\" \/>\n<link rel=\"canonical\" href=\"https:\/\/diaura.lt\/en\/produktas\/auskarai-40\/\" \/>\n<meta property=\"og:locale\" content=\"en_US\" \/>\n<meta property=\"og:type\" content=\"article\" \/>\n<meta property=\"og:title\" content=\"Earrings - diaura.lt\" \/>\n<meta property=\"og:description\" content=\"Earrings. Silver 925  Weight: 3,83 g.  Quadrate diameter: 1,8 cm.  Clasp type: stud  Can be worn in several ways (transformed)\" \/>\n<meta property=\"og:url\" content=\"https:\/\/diaura.lt\/en\/produktas\/auskarai-40\/\" \/>\n<meta property=\"og:site_name\" content=\"diaura.lt\" \/>\n<meta property=\"article:publisher\" content=\"https:\/\/www.facebook.com\/diaura.lt\" \/>\n<meta property=\"article:modified_time\" content=\"2021-08-23T16:36:05+00:00\" \/>\n<meta property=\"og:image\" content=\"https:\/\/diaura.lt\/wp-content\/uploads\/2021\/02\/IMG_1530_Fotor.jpg\" \/>\n\t<meta property=\"og:image:width\" content=\"2048\" \/>\n\t<meta property=\"og:image:height\" content=\"1363\" \/>\n\t<meta property=\"og:image:type\" content=\"image\/jpeg\" \/>\n<meta name=\"twitter:card\" content=\"summary_large_image\" \/>\n<!-- \/ Yoast SEO plugin. -->","yoast_head_json":{"title":"Earrings - diaura.lt","description":"Earrings. Silver 925  Weight: 3,83 g.  Quadrate diameter: 1,8 cm.  Clasp type: stud  Can be worn in several ways (transformed)","robots":{"index":"index","follow":"follow","max-snippet":"max-snippet:-1","max-image-preview":"max-image-preview:large","max-video-preview":"max-video-preview:-1"},"canonical":"https:\/\/diaura.lt\/en\/produktas\/auskarai-40\/","og_locale":"en_US","og_type":"article","og_title":"Earrings - diaura.lt","og_description":"Earrings. Silver 925  Weight: 3,83 g.  Quadrate diameter: 1,8 cm.  Clasp type: stud  Can be worn in several ways (transformed)","og_url":"https:\/\/diaura.lt\/en\/produktas\/auskarai-40\/","og_site_name":"diaura.lt","article_publisher":"https:\/\/www.facebook.com\/diaura.lt","article_modified_time":"2021-08-23T16:36:05+00:00","og_image":[{"width":2048,"height":1363,"url":"https:\/\/diaura.lt\/wp-content\/uploads\/2021\/02\/IMG_1530_Fotor.jpg","type":"image\/jpeg"}],"twitter_card":"summary_large_image","schema":{"@context":"https:\/\/schema.org","@graph":[{"@type":"WebPage","@id":"https:\/\/diaura.lt\/en\/produktas\/auskarai-40\/","url":"https:\/\/diaura.lt\/en\/produktas\/auskarai-40\/","name":"Earrings - diaura.lt","isPartOf":{"@id":"https:\/\/diaura.lt\/#website"},"primaryImageOfPage":{"@id":"https:\/\/diaura.lt\/en\/produktas\/auskarai-40\/#primaryimage"},"image":{"@id":"https:\/\/diaura.lt\/en\/produktas\/auskarai-40\/#primaryimage"},"thumbnailUrl":"https:\/\/diaura.lt\/wp-content\/uploads\/2021\/02\/IMG_1530_Fotor.jpg","datePublished":"2020-11-11T14:26:03+00:00","dateModified":"2021-08-23T16:36:05+00:00","description":"Earrings. Silver 925 Weight: 3,83 g. Quadrate diameter: 1,8 cm. Clasp type: stud Can be worn in several ways (transformed)","breadcrumb":{"@id":"https:\/\/diaura.lt\/en\/produktas\/auskarai-40\/#breadcrumb"},"inLanguage":"en-US","potentialAction":[{"@type":"ReadAction","target":["https:\/\/diaura.lt\/en\/produktas\/auskarai-40\/"]}]},{"@type":"ImageObject","inLanguage":"en-US","@id":"https:\/\/diaura.lt\/en\/produktas\/auskarai-40\/#primaryimage","url":"https:\/\/diaura.lt\/wp-content\/uploads\/2021\/02\/IMG_1530_Fotor.jpg","contentUrl":"https:\/\/diaura.lt\/wp-content\/uploads\/2021\/02\/IMG_1530_Fotor.jpg","width":2048,"height":1363},{"@type":"BreadcrumbList","@id":"https:\/\/diaura.lt\/en\/produktas\/auskarai-40\/#breadcrumb","itemListElement":[{"@type":"ListItem","position":1,"name":"Diaura","item":"https:\/\/diaura.lt\/en\/home-jewellery\/"},{"@type":"ListItem","position":2,"name":"Shop","item":"https:\/\/diaura.lt\/en\/shop\/"},{"@type":"ListItem","position":3,"name":"Earrings"}]},{"@type":"WebSite","@id":"https:\/\/diaura.lt\/#website","url":"https:\/\/diaura.lt\/","name":"Diaura","description":"Lietuvi\u0173 juvelyr\u0173 rank\u0173 darbo sidabro gaminiai puo\u0161ti mineralais","publisher":{"@id":"https:\/\/diaura.lt\/#organization"},"potentialAction":[{"@type":"SearchAction","target":{"@type":"EntryPoint","urlTemplate":"https:\/\/diaura.lt\/?s={search_term_string}"},"query-input":{"@type":"PropertyValueSpecification","valueRequired":true,"valueName":"search_term_string"}}],"inLanguage":"en-US"},{"@type":"Organization","@id":"https:\/\/diaura.lt\/#organization","name":"Diaura","alternateName":"Sidabriniai Druskinink\u0173 papuo\u0161alai","url":"https:\/\/diaura.lt\/","logo":{"@type":"ImageObject","inLanguage":"en-US","@id":"https:\/\/diaura.lt\/#\/schema\/logo\/image\/","url":"https:\/\/diaura.lt\/wp-content\/uploads\/2020\/10\/logo1.png","contentUrl":"https:\/\/diaura.lt\/wp-content\/uploads\/2020\/10\/logo1.png","width":983,"height":323,"caption":"Diaura"},"image":{"@id":"https:\/\/diaura.lt\/#\/schema\/logo\/image\/"},"sameAs":["https:\/\/www.facebook.com\/diaura.lt","https:\/\/www.instagram.com\/diaura.lt"]}]}},"_links":{"self":[{"href":"https:\/\/diaura.lt\/en\/wp-json\/wp\/v2\/product\/2620","targetHints":{"allow":["GET"]}}],"collection":[{"href":"https:\/\/diaura.lt\/en\/wp-json\/wp\/v2\/product"}],"about":[{"href":"https:\/\/diaura.lt\/en\/wp-json\/wp\/v2\/types\/product"}],"wp:featuredmedia":[{"embeddable":true,"href":"https:\/\/diaura.lt\/en\/wp-json\/wp\/v2\/media\/9142"}],"wp:attachment":[{"href":"https:\/\/diaura.lt\/en\/wp-json\/wp\/v2\/media?parent=2620"}],"wp:term":[{"taxonomy":"product_brand","embeddable":true,"href":"https:\/\/diaura.lt\/en\/wp-json\/wp\/v2\/product_brand?post=2620"},{"taxonomy":"product_cat","embeddable":true,"href":"https:\/\/diaura.lt\/en\/wp-json\/wp\/v2\/product_cat?post=2620"},{"taxonomy":"product_tag","embeddable":true,"href":"https:\/\/diaura.lt\/en\/wp-json\/wp\/v2\/product_tag?post=2620"},{"taxonomy":"giftcard-category","embeddable":true,"href":"https:\/\/diaura.lt\/en\/wp-json\/wp\/v2\/giftcard-category?post=2620"}],"curies":[{"name":"wp","href":"https:\/\/api.w.org\/{rel}","templated":true}]}}