{"id":3467,"date":"2020-11-14T20:00:47","date_gmt":"2020-11-14T22:00:47","guid":{"rendered":"https:\/\/diaura.lt\/product\/auskarai-su-cirkoniu-5\/"},"modified":"2021-08-25T10:26:40","modified_gmt":"2021-08-25T12:26:40","slug":"auskarai-su-cirkoniu-5","status":"publish","type":"product","link":"https:\/\/diaura.lt\/en\/produktas\/auskarai-su-cirkoniu-5\/","title":{"rendered":"Earrings"},"content":{"rendered":"<ul>\n<li>Silver 925<\/li>\n<li>Weight: 1,35 g.<\/li>\n<li>Insert: zircon<\/li>\n<li>Diameter: 0,7 cm.<\/li>\n<li>Clasp type: stud<\/li>\n<\/ul>\n","protected":false},"excerpt":{"rendered":"<p>Silver 925 Weight: 1,35 g. Insert: zircon Diameter: 0,7 cm. Clasp type: stud<\/p>\n","protected":false},"featured_media":11195,"template":"","meta":[],"product_brand":[],"product_cat":[69,65],"product_tag":[73,74,374,369],"giftcard-category":[],"class_list":{"0":"post-3467","1":"product","2":"type-product","3":"status-publish","4":"has-post-thumbnail","6":"product_cat-earrings-en","7":"product_cat-products-en","8":"product_tag-earrings-for-women","9":"product_tag-jewellery-with-zirconium","10":"product_tag-ranku-darbo-papuosalai-en","11":"product_tag-sidabriniai-auskarai-en","13":"first","14":"instock","15":"shipping-taxable","16":"purchasable","17":"product-type-simple"},"yoast_head":"<!-- This site is optimized with the Yoast SEO plugin v26.5 - https:\/\/yoast.com\/wordpress\/plugins\/seo\/ -->\n<title>Earrings - diaura.lt<\/title>\n<meta name=\"description\" content=\"Earrings. Silver 925  Weight: 1,35 g.  Insert: zircon  Diameter: 0,7 cm.  Clasp type: stud\" \/>\n<meta name=\"robots\" content=\"index, follow, max-snippet:-1, max-image-preview:large, max-video-preview:-1\" \/>\n<link rel=\"canonical\" href=\"https:\/\/diaura.lt\/en\/produktas\/auskarai-su-cirkoniu-5\/\" \/>\n<meta property=\"og:locale\" content=\"en_US\" \/>\n<meta property=\"og:type\" content=\"article\" \/>\n<meta property=\"og:title\" content=\"Earrings - diaura.lt\" \/>\n<meta property=\"og:description\" content=\"Earrings. Silver 925  Weight: 1,35 g.  Insert: zircon  Diameter: 0,7 cm.  Clasp type: stud\" \/>\n<meta property=\"og:url\" content=\"https:\/\/diaura.lt\/en\/produktas\/auskarai-su-cirkoniu-5\/\" \/>\n<meta property=\"og:site_name\" content=\"diaura.lt\" \/>\n<meta property=\"article:publisher\" content=\"https:\/\/www.facebook.com\/diaura.lt\" \/>\n<meta property=\"article:modified_time\" content=\"2021-08-25T12:26:40+00:00\" \/>\n<meta property=\"og:image\" content=\"https:\/\/diaura.lt\/wp-content\/uploads\/2020\/11\/IMG_1832-1-scaled_Fotor.jpg\" \/>\n\t<meta property=\"og:image:width\" content=\"2560\" \/>\n\t<meta property=\"og:image:height\" content=\"1704\" \/>\n\t<meta property=\"og:image:type\" content=\"image\/jpeg\" \/>\n<meta name=\"twitter:card\" content=\"summary_large_image\" \/>\n<!-- \/ Yoast SEO plugin. -->","yoast_head_json":{"title":"Earrings - diaura.lt","description":"Earrings. Silver 925  Weight: 1,35 g.  Insert: zircon  Diameter: 0,7 cm.  Clasp type: stud","robots":{"index":"index","follow":"follow","max-snippet":"max-snippet:-1","max-image-preview":"max-image-preview:large","max-video-preview":"max-video-preview:-1"},"canonical":"https:\/\/diaura.lt\/en\/produktas\/auskarai-su-cirkoniu-5\/","og_locale":"en_US","og_type":"article","og_title":"Earrings - diaura.lt","og_description":"Earrings. Silver 925  Weight: 1,35 g.  Insert: zircon  Diameter: 0,7 cm.  Clasp type: stud","og_url":"https:\/\/diaura.lt\/en\/produktas\/auskarai-su-cirkoniu-5\/","og_site_name":"diaura.lt","article_publisher":"https:\/\/www.facebook.com\/diaura.lt","article_modified_time":"2021-08-25T12:26:40+00:00","og_image":[{"width":2560,"height":1704,"url":"https:\/\/diaura.lt\/wp-content\/uploads\/2020\/11\/IMG_1832-1-scaled_Fotor.jpg","type":"image\/jpeg"}],"twitter_card":"summary_large_image","schema":{"@context":"https:\/\/schema.org","@graph":[{"@type":"WebPage","@id":"https:\/\/diaura.lt\/en\/produktas\/auskarai-su-cirkoniu-5\/","url":"https:\/\/diaura.lt\/en\/produktas\/auskarai-su-cirkoniu-5\/","name":"Earrings - diaura.lt","isPartOf":{"@id":"https:\/\/diaura.lt\/#website"},"primaryImageOfPage":{"@id":"https:\/\/diaura.lt\/en\/produktas\/auskarai-su-cirkoniu-5\/#primaryimage"},"image":{"@id":"https:\/\/diaura.lt\/en\/produktas\/auskarai-su-cirkoniu-5\/#primaryimage"},"thumbnailUrl":"https:\/\/diaura.lt\/wp-content\/uploads\/2020\/11\/IMG_1832-1-scaled_Fotor.jpg","datePublished":"2020-11-14T22:00:47+00:00","dateModified":"2021-08-25T12:26:40+00:00","description":"Earrings. Silver 925 Weight: 1,35 g. Insert: zircon Diameter: 0,7 cm. Clasp type: stud","breadcrumb":{"@id":"https:\/\/diaura.lt\/en\/produktas\/auskarai-su-cirkoniu-5\/#breadcrumb"},"inLanguage":"en-US","potentialAction":[{"@type":"ReadAction","target":["https:\/\/diaura.lt\/en\/produktas\/auskarai-su-cirkoniu-5\/"]}]},{"@type":"ImageObject","inLanguage":"en-US","@id":"https:\/\/diaura.lt\/en\/produktas\/auskarai-su-cirkoniu-5\/#primaryimage","url":"https:\/\/diaura.lt\/wp-content\/uploads\/2020\/11\/IMG_1832-1-scaled_Fotor.jpg","contentUrl":"https:\/\/diaura.lt\/wp-content\/uploads\/2020\/11\/IMG_1832-1-scaled_Fotor.jpg","width":2560,"height":1704},{"@type":"BreadcrumbList","@id":"https:\/\/diaura.lt\/en\/produktas\/auskarai-su-cirkoniu-5\/#breadcrumb","itemListElement":[{"@type":"ListItem","position":1,"name":"Diaura","item":"https:\/\/diaura.lt\/en\/home-jewellery\/"},{"@type":"ListItem","position":2,"name":"Shop","item":"https:\/\/diaura.lt\/en\/shop\/"},{"@type":"ListItem","position":3,"name":"Earrings"}]},{"@type":"WebSite","@id":"https:\/\/diaura.lt\/#website","url":"https:\/\/diaura.lt\/","name":"Diaura","description":"Lietuvi\u0173 juvelyr\u0173 rank\u0173 darbo sidabro gaminiai puo\u0161ti mineralais","publisher":{"@id":"https:\/\/diaura.lt\/#organization"},"potentialAction":[{"@type":"SearchAction","target":{"@type":"EntryPoint","urlTemplate":"https:\/\/diaura.lt\/?s={search_term_string}"},"query-input":{"@type":"PropertyValueSpecification","valueRequired":true,"valueName":"search_term_string"}}],"inLanguage":"en-US"},{"@type":"Organization","@id":"https:\/\/diaura.lt\/#organization","name":"Diaura","alternateName":"Sidabriniai Druskinink\u0173 papuo\u0161alai","url":"https:\/\/diaura.lt\/","logo":{"@type":"ImageObject","inLanguage":"en-US","@id":"https:\/\/diaura.lt\/#\/schema\/logo\/image\/","url":"https:\/\/diaura.lt\/wp-content\/uploads\/2020\/10\/logo1.png","contentUrl":"https:\/\/diaura.lt\/wp-content\/uploads\/2020\/10\/logo1.png","width":983,"height":323,"caption":"Diaura"},"image":{"@id":"https:\/\/diaura.lt\/#\/schema\/logo\/image\/"},"sameAs":["https:\/\/www.facebook.com\/diaura.lt","https:\/\/www.instagram.com\/diaura.lt"]}]}},"_links":{"self":[{"href":"https:\/\/diaura.lt\/en\/wp-json\/wp\/v2\/product\/3467","targetHints":{"allow":["GET"]}}],"collection":[{"href":"https:\/\/diaura.lt\/en\/wp-json\/wp\/v2\/product"}],"about":[{"href":"https:\/\/diaura.lt\/en\/wp-json\/wp\/v2\/types\/product"}],"wp:featuredmedia":[{"embeddable":true,"href":"https:\/\/diaura.lt\/en\/wp-json\/wp\/v2\/media\/11195"}],"wp:attachment":[{"href":"https:\/\/diaura.lt\/en\/wp-json\/wp\/v2\/media?parent=3467"}],"wp:term":[{"taxonomy":"product_brand","embeddable":true,"href":"https:\/\/diaura.lt\/en\/wp-json\/wp\/v2\/product_brand?post=3467"},{"taxonomy":"product_cat","embeddable":true,"href":"https:\/\/diaura.lt\/en\/wp-json\/wp\/v2\/product_cat?post=3467"},{"taxonomy":"product_tag","embeddable":true,"href":"https:\/\/diaura.lt\/en\/wp-json\/wp\/v2\/product_tag?post=3467"},{"taxonomy":"giftcard-category","embeddable":true,"href":"https:\/\/diaura.lt\/en\/wp-json\/wp\/v2\/giftcard-category?post=3467"}],"curies":[{"name":"wp","href":"https:\/\/api.w.org\/{rel}","templated":true}]}}