{"id":6583,"date":"2022-01-25T16:28:32","date_gmt":"2022-01-25T18:28:32","guid":{"rendered":"https:\/\/diaura.lt\/product\/kaklo-papuosalas-8\/"},"modified":"2022-01-27T15:31:49","modified_gmt":"2022-01-27T17:31:49","slug":"kaklo-papuosalas-8","status":"publish","type":"product","link":"https:\/\/diaura.lt\/en\/produktas\/kaklo-papuosalas-8\/","title":{"rendered":"Necklaces"},"content":{"rendered":"<ul>\n<li>Silver 925<\/li>\n<li>Freshwater pearls<\/li>\n<li>Weight: 11,35 g.<\/li>\n<li>Length: 40 cm. + 3,5 cm. (extension)<\/li>\n<\/ul>\n","protected":false},"excerpt":{"rendered":"<p>Silver 925 Freshwater pearls Weight: 11,35 g. Length: 40 cm. + 3,5 cm. (extension)<\/p>\n","protected":false},"featured_media":9576,"template":"","meta":[],"product_brand":[],"product_cat":[246,247,65],"product_tag":[376,81,374],"giftcard-category":[],"class_list":{"0":"post-6583","1":"product","2":"type-product","3":"status-publish","4":"has-post-thumbnail","6":"product_cat-perlai-en","7":"product_cat-perlu-veriniai-en","8":"product_cat-products-en","9":"product_tag-jewellery-with-pearls","10":"product_tag-perlas-en","11":"product_tag-ranku-darbo-papuosalai-en","13":"first","14":"instock","15":"sold-individually","16":"shipping-taxable","17":"purchasable","18":"product-type-simple"},"yoast_head":"<!-- This site is optimized with the Yoast SEO plugin v26.5 - https:\/\/yoast.com\/wordpress\/plugins\/seo\/ -->\n<title>Necklaces - diaura.lt<\/title>\n<meta name=\"description\" content=\"Necklaces. Silver 925  Freshwater pearls  Weight: 11,35 g.  Length: 40 cm. + 3,5 cm. (extension)\" \/>\n<meta name=\"robots\" content=\"index, follow, max-snippet:-1, max-image-preview:large, max-video-preview:-1\" \/>\n<link rel=\"canonical\" href=\"https:\/\/diaura.lt\/en\/produktas\/kaklo-papuosalas-8\/\" \/>\n<meta property=\"og:locale\" content=\"en_US\" \/>\n<meta property=\"og:type\" content=\"article\" \/>\n<meta property=\"og:title\" content=\"Necklaces - diaura.lt\" \/>\n<meta property=\"og:description\" content=\"Necklaces. Silver 925  Freshwater pearls  Weight: 11,35 g.  Length: 40 cm. + 3,5 cm. (extension)\" \/>\n<meta property=\"og:url\" content=\"https:\/\/diaura.lt\/en\/produktas\/kaklo-papuosalas-8\/\" \/>\n<meta property=\"og:site_name\" content=\"diaura.lt\" \/>\n<meta property=\"article:publisher\" content=\"https:\/\/www.facebook.com\/diaura.lt\" \/>\n<meta property=\"article:modified_time\" content=\"2022-01-27T17:31:49+00:00\" \/>\n<meta property=\"og:image\" content=\"https:\/\/diaura.lt\/wp-content\/uploads\/2022\/01\/IMG_5821-2048x1364_Fotor.jpg\" \/>\n\t<meta property=\"og:image:width\" content=\"2048\" \/>\n\t<meta property=\"og:image:height\" content=\"1364\" \/>\n\t<meta property=\"og:image:type\" content=\"image\/jpeg\" \/>\n<meta name=\"twitter:card\" content=\"summary_large_image\" \/>\n<!-- \/ Yoast SEO plugin. -->","yoast_head_json":{"title":"Necklaces - diaura.lt","description":"Necklaces. Silver 925  Freshwater pearls  Weight: 11,35 g.  Length: 40 cm. + 3,5 cm. (extension)","robots":{"index":"index","follow":"follow","max-snippet":"max-snippet:-1","max-image-preview":"max-image-preview:large","max-video-preview":"max-video-preview:-1"},"canonical":"https:\/\/diaura.lt\/en\/produktas\/kaklo-papuosalas-8\/","og_locale":"en_US","og_type":"article","og_title":"Necklaces - diaura.lt","og_description":"Necklaces. Silver 925  Freshwater pearls  Weight: 11,35 g.  Length: 40 cm. + 3,5 cm. (extension)","og_url":"https:\/\/diaura.lt\/en\/produktas\/kaklo-papuosalas-8\/","og_site_name":"diaura.lt","article_publisher":"https:\/\/www.facebook.com\/diaura.lt","article_modified_time":"2022-01-27T17:31:49+00:00","og_image":[{"width":2048,"height":1364,"url":"https:\/\/diaura.lt\/wp-content\/uploads\/2022\/01\/IMG_5821-2048x1364_Fotor.jpg","type":"image\/jpeg"}],"twitter_card":"summary_large_image","schema":{"@context":"https:\/\/schema.org","@graph":[{"@type":"WebPage","@id":"https:\/\/diaura.lt\/en\/produktas\/kaklo-papuosalas-8\/","url":"https:\/\/diaura.lt\/en\/produktas\/kaklo-papuosalas-8\/","name":"Necklaces - diaura.lt","isPartOf":{"@id":"https:\/\/diaura.lt\/#website"},"primaryImageOfPage":{"@id":"https:\/\/diaura.lt\/en\/produktas\/kaklo-papuosalas-8\/#primaryimage"},"image":{"@id":"https:\/\/diaura.lt\/en\/produktas\/kaklo-papuosalas-8\/#primaryimage"},"thumbnailUrl":"https:\/\/diaura.lt\/wp-content\/uploads\/2022\/01\/IMG_5821-2048x1364_Fotor.jpg","datePublished":"2022-01-25T18:28:32+00:00","dateModified":"2022-01-27T17:31:49+00:00","description":"Necklaces. Silver 925 Freshwater pearls Weight: 11,35 g. Length: 40 cm. + 3,5 cm. (extension)","breadcrumb":{"@id":"https:\/\/diaura.lt\/en\/produktas\/kaklo-papuosalas-8\/#breadcrumb"},"inLanguage":"en-US","potentialAction":[{"@type":"ReadAction","target":["https:\/\/diaura.lt\/en\/produktas\/kaklo-papuosalas-8\/"]}]},{"@type":"ImageObject","inLanguage":"en-US","@id":"https:\/\/diaura.lt\/en\/produktas\/kaklo-papuosalas-8\/#primaryimage","url":"https:\/\/diaura.lt\/wp-content\/uploads\/2022\/01\/IMG_5821-2048x1364_Fotor.jpg","contentUrl":"https:\/\/diaura.lt\/wp-content\/uploads\/2022\/01\/IMG_5821-2048x1364_Fotor.jpg","width":2048,"height":1364},{"@type":"BreadcrumbList","@id":"https:\/\/diaura.lt\/en\/produktas\/kaklo-papuosalas-8\/#breadcrumb","itemListElement":[{"@type":"ListItem","position":1,"name":"Diaura","item":"https:\/\/diaura.lt\/en\/home-jewellery\/"},{"@type":"ListItem","position":2,"name":"Shop","item":"https:\/\/diaura.lt\/en\/shop\/"},{"@type":"ListItem","position":3,"name":"Necklaces"}]},{"@type":"WebSite","@id":"https:\/\/diaura.lt\/#website","url":"https:\/\/diaura.lt\/","name":"Diaura","description":"Lietuvi\u0173 juvelyr\u0173 rank\u0173 darbo sidabro gaminiai puo\u0161ti mineralais","publisher":{"@id":"https:\/\/diaura.lt\/#organization"},"potentialAction":[{"@type":"SearchAction","target":{"@type":"EntryPoint","urlTemplate":"https:\/\/diaura.lt\/?s={search_term_string}"},"query-input":{"@type":"PropertyValueSpecification","valueRequired":true,"valueName":"search_term_string"}}],"inLanguage":"en-US"},{"@type":"Organization","@id":"https:\/\/diaura.lt\/#organization","name":"Diaura","alternateName":"Sidabriniai Druskinink\u0173 papuo\u0161alai","url":"https:\/\/diaura.lt\/","logo":{"@type":"ImageObject","inLanguage":"en-US","@id":"https:\/\/diaura.lt\/#\/schema\/logo\/image\/","url":"https:\/\/diaura.lt\/wp-content\/uploads\/2020\/10\/logo1.png","contentUrl":"https:\/\/diaura.lt\/wp-content\/uploads\/2020\/10\/logo1.png","width":983,"height":323,"caption":"Diaura"},"image":{"@id":"https:\/\/diaura.lt\/#\/schema\/logo\/image\/"},"sameAs":["https:\/\/www.facebook.com\/diaura.lt","https:\/\/www.instagram.com\/diaura.lt"]}]}},"_links":{"self":[{"href":"https:\/\/diaura.lt\/en\/wp-json\/wp\/v2\/product\/6583","targetHints":{"allow":["GET"]}}],"collection":[{"href":"https:\/\/diaura.lt\/en\/wp-json\/wp\/v2\/product"}],"about":[{"href":"https:\/\/diaura.lt\/en\/wp-json\/wp\/v2\/types\/product"}],"wp:featuredmedia":[{"embeddable":true,"href":"https:\/\/diaura.lt\/en\/wp-json\/wp\/v2\/media\/9576"}],"wp:attachment":[{"href":"https:\/\/diaura.lt\/en\/wp-json\/wp\/v2\/media?parent=6583"}],"wp:term":[{"taxonomy":"product_brand","embeddable":true,"href":"https:\/\/diaura.lt\/en\/wp-json\/wp\/v2\/product_brand?post=6583"},{"taxonomy":"product_cat","embeddable":true,"href":"https:\/\/diaura.lt\/en\/wp-json\/wp\/v2\/product_cat?post=6583"},{"taxonomy":"product_tag","embeddable":true,"href":"https:\/\/diaura.lt\/en\/wp-json\/wp\/v2\/product_tag?post=6583"},{"taxonomy":"giftcard-category","embeddable":true,"href":"https:\/\/diaura.lt\/en\/wp-json\/wp\/v2\/giftcard-category?post=6583"}],"curies":[{"name":"wp","href":"https:\/\/api.w.org\/{rel}","templated":true}]}}