{"id":6931,"date":"2022-07-01T08:55:06","date_gmt":"2022-07-01T10:55:06","guid":{"rendered":"https:\/\/diaura.lt\/product\/ziedas-vasara\/"},"modified":"2026-01-07T12:46:39","modified_gmt":"2026-01-07T14:46:39","slug":"ziedas-vasara","status":"publish","type":"product","link":"https:\/\/diaura.lt\/en\/produktas\/ziedas-vasara\/","title":{"rendered":"\u017diedas &#8220;Kitoks&#8221;"},"content":{"rendered":"<ul>\n<li>Sidabras 925<\/li>\n<li>Rank\u0173 darbo \u017eiedas su burbulu ir kvadratu<\/li>\n<li>\u017diedo dyd\u012f galima truput\u012f didinti arba ma\u017einti, tad tiks bet kuriam pir\u0161tui<\/li>\n<li>Svoris: 2,2 g. (kiekvieno gaminio svoris gali ne\u017eymiai skirtis)<\/li>\n<li>Jei n\u0117ra J\u016bs\u0173 dyd\u017eio, para\u0161ykite mums e lai\u0161k\u0105 koks dydis reikalingas<\/li>\n<\/ul>\n","protected":false},"excerpt":{"rendered":"<p>Sidabras 925 Rank\u0173 darbo \u017eiedas su burbulu ir kvadratu \u017diedo dyd\u012f galima truput\u012f didinti arba ma\u017einti, tad tiks bet kuriam<\/p>\n","protected":false},"featured_media":6921,"template":"","meta":[],"product_brand":[],"product_cat":[65,66],"product_tag":[],"giftcard-category":[],"class_list":{"0":"post-6931","1":"product","2":"type-product","3":"status-publish","4":"has-post-thumbnail","6":"product_cat-products-en","7":"product_cat-ziedai-en","9":"first","10":"instock","11":"shipping-taxable","12":"purchasable","13":"product-type-variable"},"yoast_head":"<!-- This site is optimized with the Yoast SEO plugin v26.5 - https:\/\/yoast.com\/wordpress\/plugins\/seo\/ -->\n<title>\u017diedas &quot;Kitoks&quot; - diaura.lt<\/title>\n<meta name=\"description\" content=\"\u017diedas &quot;Kitoks&quot;. Sidabras 925 Rank\u0173 darbo \u017eiedas su burbulu ir kvadratu \u017diedo dyd\u012f galima truput\u012f didinti arba ma\u017einti, tad tiks bet kuriam pir\u0161tui Svoris: 2,2 g.\" \/>\n<meta name=\"robots\" content=\"index, follow, max-snippet:-1, max-image-preview:large, max-video-preview:-1\" \/>\n<link rel=\"canonical\" href=\"https:\/\/diaura.lt\/en\/produktas\/ziedas-vasara\/\" \/>\n<meta property=\"og:locale\" content=\"en_US\" \/>\n<meta property=\"og:type\" content=\"article\" \/>\n<meta property=\"og:title\" content=\"\u017diedas &quot;Kitoks&quot; - diaura.lt\" \/>\n<meta property=\"og:description\" content=\"\u017diedas &quot;Kitoks&quot;. Sidabras 925 Rank\u0173 darbo \u017eiedas su burbulu ir kvadratu \u017diedo dyd\u012f galima truput\u012f didinti arba ma\u017einti, tad tiks bet kuriam pir\u0161tui Svoris: 2,2 g.\" \/>\n<meta property=\"og:url\" content=\"https:\/\/diaura.lt\/en\/produktas\/ziedas-vasara\/\" \/>\n<meta property=\"og:site_name\" content=\"diaura.lt\" \/>\n<meta property=\"article:publisher\" content=\"https:\/\/www.facebook.com\/diaura.lt\" \/>\n<meta property=\"article:modified_time\" content=\"2026-01-07T14:46:39+00:00\" \/>\n<meta property=\"og:image\" content=\"https:\/\/diaura.lt\/wp-content\/uploads\/2022\/07\/IMG_3395.jpg\" \/>\n\t<meta property=\"og:image:width\" content=\"1280\" \/>\n\t<meta property=\"og:image:height\" content=\"852\" \/>\n\t<meta property=\"og:image:type\" content=\"image\/jpeg\" \/>\n<meta name=\"twitter:card\" content=\"summary_large_image\" \/>\n<!-- \/ Yoast SEO plugin. -->","yoast_head_json":{"title":"\u017diedas \"Kitoks\" - diaura.lt","description":"\u017diedas \"Kitoks\". Sidabras 925 Rank\u0173 darbo \u017eiedas su burbulu ir kvadratu \u017diedo dyd\u012f galima truput\u012f didinti arba ma\u017einti, tad tiks bet kuriam pir\u0161tui Svoris: 2,2 g.","robots":{"index":"index","follow":"follow","max-snippet":"max-snippet:-1","max-image-preview":"max-image-preview:large","max-video-preview":"max-video-preview:-1"},"canonical":"https:\/\/diaura.lt\/en\/produktas\/ziedas-vasara\/","og_locale":"en_US","og_type":"article","og_title":"\u017diedas \"Kitoks\" - diaura.lt","og_description":"\u017diedas \"Kitoks\". Sidabras 925 Rank\u0173 darbo \u017eiedas su burbulu ir kvadratu \u017diedo dyd\u012f galima truput\u012f didinti arba ma\u017einti, tad tiks bet kuriam pir\u0161tui Svoris: 2,2 g.","og_url":"https:\/\/diaura.lt\/en\/produktas\/ziedas-vasara\/","og_site_name":"diaura.lt","article_publisher":"https:\/\/www.facebook.com\/diaura.lt","article_modified_time":"2026-01-07T14:46:39+00:00","og_image":[{"width":1280,"height":852,"url":"https:\/\/diaura.lt\/wp-content\/uploads\/2022\/07\/IMG_3395.jpg","type":"image\/jpeg"}],"twitter_card":"summary_large_image","schema":{"@context":"https:\/\/schema.org","@graph":[{"@type":"WebPage","@id":"https:\/\/diaura.lt\/en\/produktas\/ziedas-vasara\/","url":"https:\/\/diaura.lt\/en\/produktas\/ziedas-vasara\/","name":"\u017diedas \"Kitoks\" - diaura.lt","isPartOf":{"@id":"https:\/\/diaura.lt\/#website"},"primaryImageOfPage":{"@id":"https:\/\/diaura.lt\/en\/produktas\/ziedas-vasara\/#primaryimage"},"image":{"@id":"https:\/\/diaura.lt\/en\/produktas\/ziedas-vasara\/#primaryimage"},"thumbnailUrl":"https:\/\/diaura.lt\/wp-content\/uploads\/2022\/07\/IMG_3395.jpg","datePublished":"2022-07-01T10:55:06+00:00","dateModified":"2026-01-07T14:46:39+00:00","description":"\u017diedas \"Kitoks\". Sidabras 925 Rank\u0173 darbo \u017eiedas su burbulu ir kvadratu \u017diedo dyd\u012f galima truput\u012f didinti arba ma\u017einti, tad tiks bet kuriam pir\u0161tui Svoris: 2,2 g.","breadcrumb":{"@id":"https:\/\/diaura.lt\/en\/produktas\/ziedas-vasara\/#breadcrumb"},"inLanguage":"en-US","potentialAction":[{"@type":"ReadAction","target":["https:\/\/diaura.lt\/en\/produktas\/ziedas-vasara\/"]}]},{"@type":"ImageObject","inLanguage":"en-US","@id":"https:\/\/diaura.lt\/en\/produktas\/ziedas-vasara\/#primaryimage","url":"https:\/\/diaura.lt\/wp-content\/uploads\/2022\/07\/IMG_3395.jpg","contentUrl":"https:\/\/diaura.lt\/wp-content\/uploads\/2022\/07\/IMG_3395.jpg","width":1280,"height":852},{"@type":"BreadcrumbList","@id":"https:\/\/diaura.lt\/en\/produktas\/ziedas-vasara\/#breadcrumb","itemListElement":[{"@type":"ListItem","position":1,"name":"Diaura","item":"https:\/\/diaura.lt\/en\/home-jewellery\/"},{"@type":"ListItem","position":2,"name":"Shop","item":"https:\/\/diaura.lt\/en\/shop\/"},{"@type":"ListItem","position":3,"name":"\u017diedas &#8220;Kitoks&#8221;"}]},{"@type":"WebSite","@id":"https:\/\/diaura.lt\/#website","url":"https:\/\/diaura.lt\/","name":"Diaura","description":"Lietuvi\u0173 juvelyr\u0173 rank\u0173 darbo sidabro gaminiai puo\u0161ti mineralais","publisher":{"@id":"https:\/\/diaura.lt\/#organization"},"potentialAction":[{"@type":"SearchAction","target":{"@type":"EntryPoint","urlTemplate":"https:\/\/diaura.lt\/?s={search_term_string}"},"query-input":{"@type":"PropertyValueSpecification","valueRequired":true,"valueName":"search_term_string"}}],"inLanguage":"en-US"},{"@type":"Organization","@id":"https:\/\/diaura.lt\/#organization","name":"Diaura","alternateName":"Sidabriniai Druskinink\u0173 papuo\u0161alai","url":"https:\/\/diaura.lt\/","logo":{"@type":"ImageObject","inLanguage":"en-US","@id":"https:\/\/diaura.lt\/#\/schema\/logo\/image\/","url":"https:\/\/diaura.lt\/wp-content\/uploads\/2020\/10\/logo1.png","contentUrl":"https:\/\/diaura.lt\/wp-content\/uploads\/2020\/10\/logo1.png","width":983,"height":323,"caption":"Diaura"},"image":{"@id":"https:\/\/diaura.lt\/#\/schema\/logo\/image\/"},"sameAs":["https:\/\/www.facebook.com\/diaura.lt","https:\/\/www.instagram.com\/diaura.lt"]}]}},"_links":{"self":[{"href":"https:\/\/diaura.lt\/en\/wp-json\/wp\/v2\/product\/6931","targetHints":{"allow":["GET"]}}],"collection":[{"href":"https:\/\/diaura.lt\/en\/wp-json\/wp\/v2\/product"}],"about":[{"href":"https:\/\/diaura.lt\/en\/wp-json\/wp\/v2\/types\/product"}],"wp:featuredmedia":[{"embeddable":true,"href":"https:\/\/diaura.lt\/en\/wp-json\/wp\/v2\/media\/6921"}],"wp:attachment":[{"href":"https:\/\/diaura.lt\/en\/wp-json\/wp\/v2\/media?parent=6931"}],"wp:term":[{"taxonomy":"product_brand","embeddable":true,"href":"https:\/\/diaura.lt\/en\/wp-json\/wp\/v2\/product_brand?post=6931"},{"taxonomy":"product_cat","embeddable":true,"href":"https:\/\/diaura.lt\/en\/wp-json\/wp\/v2\/product_cat?post=6931"},{"taxonomy":"product_tag","embeddable":true,"href":"https:\/\/diaura.lt\/en\/wp-json\/wp\/v2\/product_tag?post=6931"},{"taxonomy":"giftcard-category","embeddable":true,"href":"https:\/\/diaura.lt\/en\/wp-json\/wp\/v2\/giftcard-category?post=6931"}],"curies":[{"name":"wp","href":"https:\/\/api.w.org\/{rel}","templated":true}]}}