{"id":8332,"date":"2022-10-24T10:33:23","date_gmt":"2022-10-24T12:33:23","guid":{"rendered":"https:\/\/diaura.lt\/product\/pakabukas-14\/"},"modified":"2022-11-08T10:10:05","modified_gmt":"2022-11-08T12:10:05","slug":"pakabukas-14","status":"publish","type":"product","link":"https:\/\/diaura.lt\/en\/produktas\/pakabukas-14\/","title":{"rendered":"Pakabukas &#8220;Perlamutras&#8221;"},"content":{"rendered":"<ul>\n<li>Sidabras 925<\/li>\n<li>Svoris: 2,7 g. (kiekvieno gaminio svoris gali ne\u017eymiai skirtis)<\/li>\n<li>\u012ed\u0117klas: kriaukl\u0117<\/li>\n<li>Ilgis: 2,4 cm.<\/li>\n<\/ul>\n","protected":false},"excerpt":{"rendered":"<p>Sidabras 925 Svoris: 2,7 g. (kiekvieno gaminio svoris gali ne\u017eymiai skirtis) \u012ed\u0117klas: kriaukl\u0117 Ilgis: 2,4 cm.<\/p>\n","protected":false},"featured_media":8207,"template":"","meta":[],"product_brand":[],"product_cat":[],"product_tag":[],"giftcard-category":[],"class_list":{"0":"post-8332","1":"product","2":"type-product","3":"status-publish","4":"has-post-thumbnail","7":"first","8":"instock","9":"sold-individually","10":"shipping-taxable","11":"purchasable","12":"product-type-simple"},"yoast_head":"<!-- This site is optimized with the Yoast SEO plugin v26.5 - https:\/\/yoast.com\/wordpress\/plugins\/seo\/ -->\n<title>Pakabukas &quot;Perlamutras&quot; - diaura.lt<\/title>\n<meta name=\"description\" content=\"Pakabukas &quot;Perlamutras&quot;. Sidabras 925  Svoris: 2,7 g. (kiekvieno gaminio svoris gali ne\u017eymiai skirtis)  \u012ed\u0117klas: kriaukl\u0117  Ilgis: 2,4 cm.\" \/>\n<meta name=\"robots\" content=\"index, follow, max-snippet:-1, max-image-preview:large, max-video-preview:-1\" \/>\n<link rel=\"canonical\" href=\"https:\/\/diaura.lt\/en\/produktas\/pakabukas-14\/\" \/>\n<meta property=\"og:locale\" content=\"en_US\" \/>\n<meta property=\"og:type\" content=\"article\" \/>\n<meta property=\"og:title\" content=\"Pakabukas &quot;Perlamutras&quot; - diaura.lt\" \/>\n<meta property=\"og:description\" content=\"Pakabukas &quot;Perlamutras&quot;. Sidabras 925  Svoris: 2,7 g. (kiekvieno gaminio svoris gali ne\u017eymiai skirtis)  \u012ed\u0117klas: kriaukl\u0117  Ilgis: 2,4 cm.\" \/>\n<meta property=\"og:url\" content=\"https:\/\/diaura.lt\/en\/produktas\/pakabukas-14\/\" \/>\n<meta property=\"og:site_name\" content=\"diaura.lt\" \/>\n<meta property=\"article:publisher\" content=\"https:\/\/www.facebook.com\/diaura.lt\" \/>\n<meta property=\"article:modified_time\" content=\"2022-11-08T12:10:05+00:00\" \/>\n<meta property=\"og:image\" content=\"https:\/\/diaura.lt\/wp-content\/uploads\/2022\/10\/IMG_0277.jpg\" \/>\n\t<meta property=\"og:image:width\" content=\"2048\" \/>\n\t<meta property=\"og:image:height\" content=\"1410\" \/>\n\t<meta property=\"og:image:type\" content=\"image\/jpeg\" \/>\n<meta name=\"twitter:card\" content=\"summary_large_image\" \/>\n<meta name=\"twitter:label1\" content=\"Est. reading time\" \/>\n\t<meta name=\"twitter:data1\" content=\"1 minute\" \/>\n<!-- \/ Yoast SEO plugin. -->","yoast_head_json":{"title":"Pakabukas \"Perlamutras\" - diaura.lt","description":"Pakabukas \"Perlamutras\". Sidabras 925  Svoris: 2,7 g. (kiekvieno gaminio svoris gali ne\u017eymiai skirtis)  \u012ed\u0117klas: kriaukl\u0117  Ilgis: 2,4 cm.","robots":{"index":"index","follow":"follow","max-snippet":"max-snippet:-1","max-image-preview":"max-image-preview:large","max-video-preview":"max-video-preview:-1"},"canonical":"https:\/\/diaura.lt\/en\/produktas\/pakabukas-14\/","og_locale":"en_US","og_type":"article","og_title":"Pakabukas \"Perlamutras\" - diaura.lt","og_description":"Pakabukas \"Perlamutras\". Sidabras 925  Svoris: 2,7 g. (kiekvieno gaminio svoris gali ne\u017eymiai skirtis)  \u012ed\u0117klas: kriaukl\u0117  Ilgis: 2,4 cm.","og_url":"https:\/\/diaura.lt\/en\/produktas\/pakabukas-14\/","og_site_name":"diaura.lt","article_publisher":"https:\/\/www.facebook.com\/diaura.lt","article_modified_time":"2022-11-08T12:10:05+00:00","og_image":[{"width":2048,"height":1410,"url":"https:\/\/diaura.lt\/wp-content\/uploads\/2022\/10\/IMG_0277.jpg","type":"image\/jpeg"}],"twitter_card":"summary_large_image","twitter_misc":{"Est. reading time":"1 minute"},"schema":{"@context":"https:\/\/schema.org","@graph":[{"@type":"WebPage","@id":"https:\/\/diaura.lt\/en\/produktas\/pakabukas-14\/","url":"https:\/\/diaura.lt\/en\/produktas\/pakabukas-14\/","name":"Pakabukas \"Perlamutras\" - diaura.lt","isPartOf":{"@id":"https:\/\/diaura.lt\/#website"},"primaryImageOfPage":{"@id":"https:\/\/diaura.lt\/en\/produktas\/pakabukas-14\/#primaryimage"},"image":{"@id":"https:\/\/diaura.lt\/en\/produktas\/pakabukas-14\/#primaryimage"},"thumbnailUrl":"https:\/\/diaura.lt\/wp-content\/uploads\/2022\/10\/IMG_0277.jpg","datePublished":"2022-10-24T12:33:23+00:00","dateModified":"2022-11-08T12:10:05+00:00","description":"Pakabukas \"Perlamutras\". Sidabras 925 Svoris: 2,7 g. (kiekvieno gaminio svoris gali ne\u017eymiai skirtis) \u012ed\u0117klas: kriaukl\u0117 Ilgis: 2,4 cm.","breadcrumb":{"@id":"https:\/\/diaura.lt\/en\/produktas\/pakabukas-14\/#breadcrumb"},"inLanguage":"en-US","potentialAction":[{"@type":"ReadAction","target":["https:\/\/diaura.lt\/en\/produktas\/pakabukas-14\/"]}]},{"@type":"ImageObject","inLanguage":"en-US","@id":"https:\/\/diaura.lt\/en\/produktas\/pakabukas-14\/#primaryimage","url":"https:\/\/diaura.lt\/wp-content\/uploads\/2022\/10\/IMG_0277.jpg","contentUrl":"https:\/\/diaura.lt\/wp-content\/uploads\/2022\/10\/IMG_0277.jpg","width":2048,"height":1410},{"@type":"BreadcrumbList","@id":"https:\/\/diaura.lt\/en\/produktas\/pakabukas-14\/#breadcrumb","itemListElement":[{"@type":"ListItem","position":1,"name":"Diaura","item":"https:\/\/diaura.lt\/en\/home-jewellery\/"},{"@type":"ListItem","position":2,"name":"Shop","item":"https:\/\/diaura.lt\/en\/shop\/"},{"@type":"ListItem","position":3,"name":"Pakabukas &#8220;Perlamutras&#8221;"}]},{"@type":"WebSite","@id":"https:\/\/diaura.lt\/#website","url":"https:\/\/diaura.lt\/","name":"Diaura","description":"Lietuvi\u0173 juvelyr\u0173 rank\u0173 darbo sidabro gaminiai puo\u0161ti mineralais","publisher":{"@id":"https:\/\/diaura.lt\/#organization"},"potentialAction":[{"@type":"SearchAction","target":{"@type":"EntryPoint","urlTemplate":"https:\/\/diaura.lt\/?s={search_term_string}"},"query-input":{"@type":"PropertyValueSpecification","valueRequired":true,"valueName":"search_term_string"}}],"inLanguage":"en-US"},{"@type":"Organization","@id":"https:\/\/diaura.lt\/#organization","name":"Diaura","alternateName":"Sidabriniai Druskinink\u0173 papuo\u0161alai","url":"https:\/\/diaura.lt\/","logo":{"@type":"ImageObject","inLanguage":"en-US","@id":"https:\/\/diaura.lt\/#\/schema\/logo\/image\/","url":"https:\/\/diaura.lt\/wp-content\/uploads\/2020\/10\/logo1.png","contentUrl":"https:\/\/diaura.lt\/wp-content\/uploads\/2020\/10\/logo1.png","width":983,"height":323,"caption":"Diaura"},"image":{"@id":"https:\/\/diaura.lt\/#\/schema\/logo\/image\/"},"sameAs":["https:\/\/www.facebook.com\/diaura.lt","https:\/\/www.instagram.com\/diaura.lt"]}]}},"_links":{"self":[{"href":"https:\/\/diaura.lt\/en\/wp-json\/wp\/v2\/product\/8332","targetHints":{"allow":["GET"]}}],"collection":[{"href":"https:\/\/diaura.lt\/en\/wp-json\/wp\/v2\/product"}],"about":[{"href":"https:\/\/diaura.lt\/en\/wp-json\/wp\/v2\/types\/product"}],"wp:featuredmedia":[{"embeddable":true,"href":"https:\/\/diaura.lt\/en\/wp-json\/wp\/v2\/media\/8207"}],"wp:attachment":[{"href":"https:\/\/diaura.lt\/en\/wp-json\/wp\/v2\/media?parent=8332"}],"wp:term":[{"taxonomy":"product_brand","embeddable":true,"href":"https:\/\/diaura.lt\/en\/wp-json\/wp\/v2\/product_brand?post=8332"},{"taxonomy":"product_cat","embeddable":true,"href":"https:\/\/diaura.lt\/en\/wp-json\/wp\/v2\/product_cat?post=8332"},{"taxonomy":"product_tag","embeddable":true,"href":"https:\/\/diaura.lt\/en\/wp-json\/wp\/v2\/product_tag?post=8332"},{"taxonomy":"giftcard-category","embeddable":true,"href":"https:\/\/diaura.lt\/en\/wp-json\/wp\/v2\/giftcard-category?post=8332"}],"curies":[{"name":"wp","href":"https:\/\/api.w.org\/{rel}","templated":true}]}}